{"id":319,"date":"2018-07-18T11:40:13","date_gmt":"2018-07-18T11:40:13","guid":{"rendered":"https:\/\/proline-global.com\/?post_type=product&#038;p=319"},"modified":"2018-08-29T22:43:32","modified_gmt":"2018-08-29T22:43:32","slug":"proline-internal-copper-backup-clamps","status":"publish","type":"product","link":"https:\/\/proline-global.com\/fr\/produit\/proline-internal-copper-backup-clamps\/","title":{"rendered":"Proline Internal Copper Backup Clamps (colliers de serrage internes en cuivre)"},"content":{"rendered":"<p>PROLINE\u2019s patented Pneumatic Internal Copper Back Up Clamp is designed to ensure a smooth circumferential weld internally in the pipe. The Copper Back Up Clamp supports the weld pool that would otherwise fall into the pipe sections during the external automatic pipe welding operation. Features: Copper back up ring assemblies are installed between the front and rear clamping mechanisms of the PROLINE Internal Pneumatic Line-up Clamps. Ring assemblies are engineered to operate totally separate from the front and rear clamping mechanisms of the internal pneumatic line-up clamps. Design ensures that each copper shoe will fully contact the internal surface of the pipe<\/p>","protected":false},"excerpt":{"rendered":"<p>PROLINE fabrique et fournit une vari\u00e9t\u00e9 de colliers de serrage. Nos colliers assurent l'alignement pr\u00e9cis de deux joints de tuyaux et sont faciles et rapides \u00e0 ajuster en fonction de l'\u00e9paisseur de la paroi des tuyaux. Tous les colliers PROLINE ont fait leurs preuves sur des milliers de kilom\u00e8tres de construction de pipelines, m\u00eame dans les conditions de terrain les plus extr\u00eames.<\/p>","protected":false},"featured_media":321,"template":"","meta":{"_et_pb_use_builder":"","_et_pb_old_content":"","_et_gb_content_width":""},"product_brand":[],"product_cat":[51,70],"product_tag":[],"class_list":{"0":"post-319","1":"product","2":"type-product","3":"status-publish","4":"has-post-thumbnail","6":"product_cat-lineup-clamps","7":"product_cat-internal-line-up-clamps","9":"first","10":"instock","11":"taxable","12":"shipping-taxable","13":"product-type-simple"},"_links":{"self":[{"href":"https:\/\/proline-global.com\/fr\/wp-json\/wp\/v2\/product\/319","targetHints":{"allow":["GET"]}}],"collection":[{"href":"https:\/\/proline-global.com\/fr\/wp-json\/wp\/v2\/product"}],"about":[{"href":"https:\/\/proline-global.com\/fr\/wp-json\/wp\/v2\/types\/product"}],"wp:featuredmedia":[{"embeddable":true,"href":"https:\/\/proline-global.com\/fr\/wp-json\/wp\/v2\/media\/321"}],"wp:attachment":[{"href":"https:\/\/proline-global.com\/fr\/wp-json\/wp\/v2\/media?parent=319"}],"wp:term":[{"taxonomy":"product_brand","embeddable":true,"href":"https:\/\/proline-global.com\/fr\/wp-json\/wp\/v2\/product_brand?post=319"},{"taxonomy":"product_cat","embeddable":true,"href":"https:\/\/proline-global.com\/fr\/wp-json\/wp\/v2\/product_cat?post=319"},{"taxonomy":"product_tag","embeddable":true,"href":"https:\/\/proline-global.com\/fr\/wp-json\/wp\/v2\/product_tag?post=319"}],"curies":[{"name":"wp","href":"https:\/\/api.w.org\/{rel}","templated":true}]}}