{"id":322,"date":"2018-07-18T11:43:57","date_gmt":"2018-07-18T11:43:57","guid":{"rendered":"https:\/\/proline-global.com\/?post_type=product&#038;p=322"},"modified":"2018-08-29T22:43:32","modified_gmt":"2018-08-29T22:43:32","slug":"manual-internal-clamps-jack-screw","status":"publish","type":"product","link":"https:\/\/proline-global.com\/fr\/produit\/manual-internal-clamps-jack-screw\/","title":{"rendered":"Pinces internes manuelles : Vis \u00e0 v\u00e9rin"},"content":{"rendered":"<p>Tailles de 55\" (1397 mm) et plus. Maintient et aligne facilement les tuyaux de grand diam\u00e8tre. Les vis \u00e0 v\u00e9rin individuelles permettent d'appliquer une pression sp\u00e9cifique sur une zone particuli\u00e8re tout en alignant l'espace total entre les tuyaux. Fabriqu\u00e9 avec pr\u00e9cision en acier de haute qualit\u00e9. \u00c9prouv\u00e9 dans le domaine des pipelines.<\/p>","protected":false},"excerpt":{"rendered":"<p>Les pinces internes de Sawyer sont fabriqu\u00e9es sur mesure pour votre application. Nous proposons trois types diff\u00e9rents pour r\u00e9pondre \u00e0 vos besoins. Veuillez prendre le temps d'examiner nos diff\u00e9rents mod\u00e8les ci-dessous.<\/p>","protected":false},"featured_media":327,"template":"","meta":{"_et_pb_use_builder":"","_et_pb_old_content":"","_et_gb_content_width":""},"product_brand":[],"product_cat":[51,70],"product_tag":[],"class_list":{"0":"post-322","1":"product","2":"type-product","3":"status-publish","4":"has-post-thumbnail","6":"product_cat-lineup-clamps","7":"product_cat-internal-line-up-clamps","9":"first","10":"instock","11":"taxable","12":"shipping-taxable","13":"product-type-simple"},"_links":{"self":[{"href":"https:\/\/proline-global.com\/fr\/wp-json\/wp\/v2\/product\/322","targetHints":{"allow":["GET"]}}],"collection":[{"href":"https:\/\/proline-global.com\/fr\/wp-json\/wp\/v2\/product"}],"about":[{"href":"https:\/\/proline-global.com\/fr\/wp-json\/wp\/v2\/types\/product"}],"wp:featuredmedia":[{"embeddable":true,"href":"https:\/\/proline-global.com\/fr\/wp-json\/wp\/v2\/media\/327"}],"wp:attachment":[{"href":"https:\/\/proline-global.com\/fr\/wp-json\/wp\/v2\/media?parent=322"}],"wp:term":[{"taxonomy":"product_brand","embeddable":true,"href":"https:\/\/proline-global.com\/fr\/wp-json\/wp\/v2\/product_brand?post=322"},{"taxonomy":"product_cat","embeddable":true,"href":"https:\/\/proline-global.com\/fr\/wp-json\/wp\/v2\/product_cat?post=322"},{"taxonomy":"product_tag","embeddable":true,"href":"https:\/\/proline-global.com\/fr\/wp-json\/wp\/v2\/product_tag?post=322"}],"curies":[{"name":"wp","href":"https:\/\/api.w.org\/{rel}","templated":true}]}}