{"id":325,"date":"2018-07-18T11:50:33","date_gmt":"2018-07-18T11:50:33","guid":{"rendered":"https:\/\/proline-global.com\/?post_type=product&#038;p=325"},"modified":"2019-04-04T22:54:52","modified_gmt":"2019-04-04T22:54:52","slug":"manual-internal-clamps-small-manual","status":"publish","type":"product","link":"https:\/\/proline-global.com\/fr\/produit\/manual-internal-clamps-small-manual\/","title":{"rendered":"Pinces manuelles internes : Petit manuel"},"content":{"rendered":"<p>[et_pb_section bb_built=&#8221;1&#8243;][et_pb_row][et_pb_column type=&#8221;4_4&#8243;][et_pb_text]<\/p>\n<p>Available in 6\u201d and 8\u201d (152.4mm &amp; 203.2mm) pipe ID sizes. Comes standard with carbon steel construction. Optional with copper or stainless steel. Choice of hard or soft wheels. Self positioning and simple to use. Comes standard with 47\u2019 (14.3m) hand crank. Built for rugged use, easily maintained. Field proven design.<\/p>\n<p>[\/et_pb_text][et_pb_button admin_label=&#8221;Installation Manual&#8221; _builder_version=&#8221;3.12.2&#8243; button_text=&#8221;Installation Manual&#8221; url_new_window=&#8221;on&#8221; button_alignment=&#8221;center&#8221; button_url=&#8221;https:\/\/proline-global.com\/wp-content\/uploads\/2018\/07\/Internal_Lineup_Clamp_Small.pdf&#8221; custom_button=&#8221;on&#8221; button_text_color=&#8221;#000000&#8243; button_bg_color=&#8221;#e09900&#8243; button_use_icon=&#8221;off&#8221; button_text_color_hover=&#8221;#ffffff&#8221; button_bg_color_hover=&#8221;#000000&#8243; \/][\/et_pb_column][\/et_pb_row][\/et_pb_section]<\/p>\n","protected":false},"excerpt":{"rendered":"<p>Les pinces internes de Sawyer sont fabriqu\u00e9es sur mesure pour votre application. Nous proposons trois types diff\u00e9rents pour r\u00e9pondre \u00e0 vos besoins. Veuillez prendre le temps d'examiner nos diff\u00e9rents mod\u00e8les ci-dessous.<\/p>","protected":false},"featured_media":332,"template":"","meta":{"_et_pb_use_builder":"on","_et_pb_old_content":"<p>Available in 6\u201d and 8\u201d (152.4mm & 203.2mm) pipe ID sizes. Comes standard with carbon steel construction. Optional with copper or stainless steel. Choice of hard or soft wheels. Self positioning and simple to use. Comes standard with 47\u2019 (14.3m) hand crank. Built for rugged use, easily maintained. Field proven design.<\/p>","_et_gb_content_width":""},"product_brand":[],"product_cat":[51,70],"product_tag":[],"class_list":{"0":"post-325","1":"product","2":"type-product","3":"status-publish","4":"has-post-thumbnail","6":"product_cat-lineup-clamps","7":"product_cat-internal-line-up-clamps","9":"first","10":"instock","11":"taxable","12":"shipping-taxable","13":"product-type-simple"},"_links":{"self":[{"href":"https:\/\/proline-global.com\/fr\/wp-json\/wp\/v2\/product\/325","targetHints":{"allow":["GET"]}}],"collection":[{"href":"https:\/\/proline-global.com\/fr\/wp-json\/wp\/v2\/product"}],"about":[{"href":"https:\/\/proline-global.com\/fr\/wp-json\/wp\/v2\/types\/product"}],"wp:featuredmedia":[{"embeddable":true,"href":"https:\/\/proline-global.com\/fr\/wp-json\/wp\/v2\/media\/332"}],"wp:attachment":[{"href":"https:\/\/proline-global.com\/fr\/wp-json\/wp\/v2\/media?parent=325"}],"wp:term":[{"taxonomy":"product_brand","embeddable":true,"href":"https:\/\/proline-global.com\/fr\/wp-json\/wp\/v2\/product_brand?post=325"},{"taxonomy":"product_cat","embeddable":true,"href":"https:\/\/proline-global.com\/fr\/wp-json\/wp\/v2\/product_cat?post=325"},{"taxonomy":"product_tag","embeddable":true,"href":"https:\/\/proline-global.com\/fr\/wp-json\/wp\/v2\/product_tag?post=325"}],"curies":[{"name":"wp","href":"https:\/\/api.w.org\/{rel}","templated":true}]}}