{"id":326,"date":"2018-07-18T11:51:02","date_gmt":"2018-07-18T11:51:02","guid":{"rendered":"https:\/\/proline-global.com\/?post_type=product&#038;p=326"},"modified":"2026-02-25T11:20:11","modified_gmt":"2026-02-25T18:20:11","slug":"air-compressors","status":"publish","type":"product","link":"https:\/\/proline-global.com\/fr\/produit\/air-compressors\/","title":{"rendered":"Compresseurs d'air"},"content":{"rendered":"<p>[et_pb_section fb_built=&#8221;1&#8243; specialty=&#8221;on&#8221; _builder_version=&#8221;4.26.0&#8243; _module_preset=&#8221;default&#8221; width=&#8221;100%&#8221; inner_width=&#8221;100%&#8221; custom_margin=&#8221;||||false|true&#8221; custom_margin_tablet=&#8221;|0px||0px|false|true&#8221; custom_margin_phone=&#8221;|0px||0px|false|true&#8221; custom_margin_last_edited=&#8221;off|desktop&#8221; custom_padding=&#8221;0px||||false|false&#8221; global_colors_info=&#8221;{}&#8221; custom_margin__hover_enabled=&#8221;off|desktop&#8221;][et_pb_column type=&#8221;1_2&#8243; _builder_version=&#8221;4.16&#8243; custom_padding=&#8221;|||&#8221; global_colors_info=&#8221;{}&#8221; custom_padding__hover=&#8221;|||&#8221;][et_pb_wc_images _builder_version=&#8221;4.26.0&#8243; custom_margin=&#8221;||||true|false&#8221; custom_padding=&#8221;||||false|false&#8221; global_colors_info=&#8221;{}&#8221;][\/et_pb_wc_images][\/et_pb_column][et_pb_column type=&#8221;1_2&#8243; specialty_columns=&#8221;2&#8243; _builder_version=&#8221;4.16&#8243; custom_padding=&#8221;|||&#8221; global_colors_info=&#8221;{}&#8221; custom_padding__hover=&#8221;|||&#8221;][et_pb_row_inner _builder_version=&#8221;4.26.0&#8243; _module_preset=&#8221;default&#8221; global_colors_info=&#8221;{}&#8221;][et_pb_column_inner saved_specialty_column_type=&#8221;1_2&#8243; _builder_version=&#8221;4.26.0&#8243; _module_preset=&#8221;default&#8221; global_colors_info=&#8221;{}&#8221;][et_pb_wc_title _builder_version=&#8221;4.26.0&#8243; _module_preset=&#8221;default&#8221; global_colors_info=&#8221;{}&#8221;][\/et_pb_wc_title][et_pb_tabs _builder_version=&#8221;4.26.0&#8243; _module_preset=&#8221;default&#8221; tab_font_size=&#8221;15px&#8221; hover_enabled=&#8221;0&#8243; global_colors_info=&#8221;{}&#8221; sticky_enabled=&#8221;0&#8243;][et_pb_tab title=&#8221;Product Overview&#8221; _builder_version=&#8221;4.26.0&#8243; _module_preset=&#8221;default&#8221; hover_enabled=&#8221;0&#8243; global_colors_info=&#8221;{}&#8221; sticky_enabled=&#8221;0&#8243;]<\/p>\n<p data-start=\"23\" data-end=\"346\">Proline Air Compressors are engineered to deliver reliable, high-performance air power for Proline\u2019s full range of pneumatic equipment. Designed to maintain optimum operating pressures between <strong data-start=\"216\" data-end=\"239\">175 PSI and 220 PSI<\/strong>, these diesel and gasoline-powered skid units ensure consistent performance in demanding field conditions.<\/p>\n<p data-start=\"348\" data-end=\"802\">Built for durability and portability, each unit is mounted on a self-contained skid with a lifting hanger for easy transport and jobsite protection. PROLINE compressors feature advanced air filtration systems and integrated deicer reservoirs to prevent contamination and freeze-ups\u2014minimizing downtime in harsh environments. Cold-weather reliability is further enhanced with glow plug-assisted starting and available block heaters for extreme conditions.<\/p>\n<p data-start=\"804\" data-end=\"870\">Available in multiple models to suit a wide range of applications:<\/p>\n<ul data-start=\"872\" data-end=\"1595\">\n<li data-start=\"872\" data-end=\"1065\">\n<p data-start=\"874\" data-end=\"1065\"><strong data-start=\"874\" data-end=\"893\">Model 325<\/strong> \u2013 Gasoline engine with electric start (optional electric motor drive). Designed for pull-style clamps and mandrels up to 18&#8243; (457.2 mm). Operating pressure: 175\u2013190 PSI.<\/p>\n<\/li>\n<li data-start=\"1066\" data-end=\"1289\">\n<p data-start=\"1068\" data-end=\"1289\"><strong data-start=\"1068\" data-end=\"1081\">Model 350 (NEW)<\/strong> \u2013 Compact design to fit most standard trucks while supporting a broad range of equipment for multi-sized projects. Faster recovery time for optimized equipment performance. Operating pressure: 175\u2013220 PSI.<\/p>\n<\/li>\n<li data-start=\"1290\" data-end=\"1438\">\n<p data-start=\"1292\" data-end=\"1438\"><strong data-start=\"1292\" data-end=\"1305\">Model 370<\/strong> \u2013 Diesel engine with electric start. For self-propelled clamps and mandrels up to 32&#8243; (812.8 mm). Operating pressure: 190\u2013220 PSI.<\/p>\n<\/li>\n<li data-start=\"1439\" data-end=\"1595\">\n<p data-start=\"1441\" data-end=\"1595\"><strong data-start=\"1441\" data-end=\"1454\">Model 390<\/strong> \u2013 Diesel engine with electric start. Designed for self-propelled clamps and mandrels over 32&#8243; (812.8 mm). Operating pressure: 190\u2013220 PSI.<\/p>\n<\/li>\n<\/ul>\n<p data-start=\"1597\" data-end=\"1856\">Each compressor undergoes comprehensive quality control and durability testing prior to shipment. Service and maintenance manuals are available upon request, and factory-trained technicians are ready to provide jobsite assistance and training whenever needed.<\/p>\n<p>[\/et_pb_tab][et_pb_tab title=&#8221;Features&#8221; _builder_version=&#8221;4.26.0&#8243; _module_preset=&#8221;default&#8221; global_colors_info=&#8221;{}&#8221;]<\/p>\n<ul>\n<li data-start=\"1878\" data-end=\"1937\">\n<p data-start=\"1880\" data-end=\"1937\">Dependable, maintainable reciprocating compressor units<\/p>\n<\/li>\n<li data-start=\"1938\" data-end=\"1981\">\n<p data-start=\"1940\" data-end=\"1981\">Two-stage, automatic, air-cooled design<\/p>\n<\/li>\n<li data-start=\"1982\" data-end=\"2070\">\n<p data-start=\"1984\" data-end=\"2070\">Heavy-duty air tank receivers conforming to <strong data-start=\"2028\" data-end=\"2068\">ASME \u2013 National Board Specifications<\/strong><\/p>\n<\/li>\n<li data-start=\"2071\" data-end=\"2150\">\n<p data-start=\"2073\" data-end=\"2150\">Visual air pressure monitors and emergency relief valves for safe operation<\/p>\n<\/li>\n<li data-start=\"2151\" data-end=\"2230\">\n<p data-start=\"2153\" data-end=\"2230\">Self-contained skid unit with lifting hanger for portability and protection<\/p>\n<\/li>\n<li data-start=\"2231\" data-end=\"2404\">\n<p data-start=\"2233\" data-end=\"2404\">Complete package including throttle cable, dual control check valve, V.D. pilot valve, inlet filter, output filter-lubricator, deicer reservoir, and 100? heavy-duty hose<\/p>\n<\/li>\n<li data-start=\"2405\" data-end=\"2481\">\n<p data-start=\"2407\" data-end=\"2481\">Compressor side rails for quick and easy V-belt alignment and adjustment<\/p>\n<\/li>\n<li data-start=\"2482\" data-end=\"2534\">\n<p data-start=\"2484\" data-end=\"2534\">Smooth, quiet, and efficient V-belt drive system<\/p>\n<\/li>\n<li data-start=\"2535\" data-end=\"2624\">\n<p data-start=\"2537\" data-end=\"2624\">Patented load-less start-stop assembly for full motor speed before compressor loading<\/p>\n<\/li>\n<li data-start=\"2625\" data-end=\"2675\">\n<p data-start=\"2627\" data-end=\"2675\">Large-capacity fuel tanks for extended runtime<\/p>\n<\/li>\n<li data-start=\"2676\" data-end=\"2751\">\n<p data-start=\"2678\" data-end=\"2751\">Glow plugs and optional block heaters for extreme cold-weather starting<\/p>\n<\/li>\n<li data-start=\"2752\" data-end=\"2814\">\n<p data-start=\"2754\" data-end=\"2814\">Compact overall design for ease of transport and operation<\/p>\n<\/li>\n<li data-start=\"2815\" data-end=\"2889\">\n<p data-start=\"2817\" data-end=\"2889\">Full range of quality control and durability testing prior to shipment<\/p>\n<\/li>\n<li data-start=\"2890\" data-end=\"2970\" data-is-last-node=\"\">\n<p data-start=\"2892\" data-end=\"2970\" data-is-last-node=\"\">Factory-trained technical support available for onsite assistance and training<\/p>\n<\/li>\n<\/ul>\n<p>[\/et_pb_tab][et_pb_tab title=&#8221;Specifications&#8221; _builder_version=&#8221;4.26.0&#8243; _module_preset=&#8221;default&#8221; global_colors_info=&#8221;{}&#8221;]<img loading=\"lazy\" decoding=\"async\" src=\"https:\/\/proline-global.com\/wp-content\/uploads\/2018\/07\/Compressor-Specs-300x104.png\" width=\"589\" height=\"204\" alt=\"Compressor Specs\" class=\"wp-image-4847 size-large\" srcset=\"https:\/\/proline-global.com\/wp-content\/uploads\/2018\/07\/Compressor-Specs-300x104.png 300w, https:\/\/proline-global.com\/wp-content\/uploads\/2018\/07\/Compressor-Specs-600x207.png 600w, https:\/\/proline-global.com\/wp-content\/uploads\/2018\/07\/Compressor-Specs-768x266.png 768w, https:\/\/proline-global.com\/wp-content\/uploads\/2018\/07\/Compressor-Specs-1024x354.png 1024w, https:\/\/proline-global.com\/wp-content\/uploads\/2018\/07\/Compressor-Specs-1080x373.png 1080w, https:\/\/proline-global.com\/wp-content\/uploads\/2018\/07\/Compressor-Specs.png 1258w\" sizes=\"auto, (max-width: 589px) 100vw, 589px\" \/>[\/et_pb_tab][\/et_pb_tabs][\/et_pb_column_inner][\/et_pb_row_inner][et_pb_row_inner _builder_version=&#8221;4.26.0&#8243; custom_padding=&#8221;0px||||false|false&#8221; global_colors_info=&#8221;{}&#8221;][et_pb_column_inner saved_specialty_column_type=&#8221;1_2&#8243; _builder_version=&#8221;4.16&#8243; custom_padding=&#8221;|||&#8221; global_colors_info=&#8221;{}&#8221; custom_padding__hover=&#8221;|||&#8221;][et_pb_button button_url=&#8221;https:\/\/proline-global.com\/wp-content\/uploads\/2020\/12\/350-COMPRESSOR-PROCEDURE-POWER-POINT.pptx&#8221; url_new_window=&#8221;on&#8221; button_text=&#8221;SOP Presentation&#8221; button_alignment=&#8221;center&#8221; admin_label=&#8221;Button &#8211; Bending Machine Specs&#8221; _builder_version=&#8221;4.26.0&#8243; custom_button=&#8221;on&#8221; button_text_color=&#8221;#000000&#8243; button_bg_color=&#8221;#e09900&#8243; button_bg_use_color_gradient=&#8221;on&#8221; button_bg_color_gradient_stops=&#8221;#ffbd00 0%|#e09900 100%&#8221; button_border_color=&#8221;#000000&#8243; button_border_radius=&#8221;10px&#8221; button_use_icon=&#8221;off&#8221; custom_margin=&#8221;||15px|&#8221; button_text_color_hover=&#8221;#ffffff&#8221; button_bg_color_hover=&#8221;#000000&#8243; global_colors_info=&#8221;{}&#8221; button_text_size__hover_enabled=&#8221;off&#8221; button_one_text_size__hover_enabled=&#8221;off&#8221; button_two_text_size__hover_enabled=&#8221;off&#8221; button_text_color__hover_enabled=&#8221;on&#8221; button_text_color__hover=&#8221;#ffffff&#8221; button_one_text_color__hover_enabled=&#8221;off&#8221; button_two_text_color__hover_enabled=&#8221;off&#8221; button_border_width__hover_enabled=&#8221;off&#8221; button_one_border_width__hover_enabled=&#8221;off&#8221; button_two_border_width__hover_enabled=&#8221;off&#8221; button_border_color__hover_enabled=&#8221;off&#8221; button_one_border_color__hover_enabled=&#8221;off&#8221; button_two_border_color__hover_enabled=&#8221;off&#8221; button_border_radius__hover_enabled=&#8221;off&#8221; button_one_border_radius__hover_enabled=&#8221;off&#8221; button_two_border_radius__hover_enabled=&#8221;off&#8221; button_letter_spacing__hover_enabled=&#8221;off&#8221; button_one_letter_spacing__hover_enabled=&#8221;off&#8221; button_two_letter_spacing__hover_enabled=&#8221;off&#8221; button_bg_color__hover_enabled=&#8221;on&#8221; button_bg_color__hover=&#8221;#000000&#8243; button_one_bg_color__hover_enabled=&#8221;off&#8221; button_two_bg_color__hover_enabled=&#8221;off&#8221;][\/et_pb_button][\/et_pb_column_inner][\/et_pb_row_inner][\/et_pb_column][\/et_pb_section][et_pb_section fb_built=&#8221;1&#8243; _builder_version=&#8221;4.26.0&#8243; _module_preset=&#8221;default&#8221; max_height=&#8221;350px&#8221; custom_padding=&#8221;0px||0px||true|false&#8221; global_colors_info=&#8221;{}&#8221;][et_pb_row _builder_version=&#8221;4.26.0&#8243; _module_preset=&#8221;default&#8221; height=&#8221;350px&#8221; max_height=&#8221;350px&#8221; global_colors_info=&#8221;{}&#8221;][et_pb_column type=&#8221;4_4&#8243; _builder_version=&#8221;4.26.0&#8243; _module_preset=&#8221;default&#8221; global_colors_info=&#8221;{}&#8221;][et_pb_wc_related_products orderby=&#8221;menu_order&#8221; _builder_version=&#8221;4.26.0&#8243; _module_preset=&#8221;default&#8221; global_colors_info=&#8221;{}&#8221;][\/et_pb_wc_related_products][\/et_pb_column][\/et_pb_row][\/et_pb_section]<\/p>\n","protected":false},"excerpt":{"rendered":"<p>Les unit\u00e9s de skid de compresseurs d'air \u00e0 moteur diesel de PROLINE sont sp\u00e9cifiquement con\u00e7ues pour maintenir la pression d'air optimale (175 psi - 220 psi) pour l'utilisation de l'\u00e9quipement pneumatique de PROLINE.<\/p>","protected":false},"featured_media":4848,"template":"","meta":{"_et_pb_use_builder":"on","_et_pb_old_content":"Model 325: For use with pull style clamps and mandrels up to 18\" (457.2 mm). Gasoline engine with electric start (electric motor driven optional). Model 370: For use with all self-propelled clamps and mandrels up to 32\" (812.8 mm). Diesel engine with electric start (gasoline engine or electric motor driven optional). Model 390: For use with all self-propelled clamps and mandrels over 32\" (812.8 mm). Diesel engine with electric start (gasoline engine or electric motor drive optional).","_et_gb_content_width":""},"product_brand":[],"product_cat":[51,70],"product_tag":[],"class_list":{"0":"post-326","1":"product","2":"type-product","3":"status-publish","4":"has-post-thumbnail","6":"product_cat-lineup-clamps","7":"product_cat-internal-line-up-clamps","9":"first","10":"instock","11":"taxable","12":"shipping-taxable","13":"product-type-simple"},"_links":{"self":[{"href":"https:\/\/proline-global.com\/fr\/wp-json\/wp\/v2\/product\/326","targetHints":{"allow":["GET"]}}],"collection":[{"href":"https:\/\/proline-global.com\/fr\/wp-json\/wp\/v2\/product"}],"about":[{"href":"https:\/\/proline-global.com\/fr\/wp-json\/wp\/v2\/types\/product"}],"wp:featuredmedia":[{"embeddable":true,"href":"https:\/\/proline-global.com\/fr\/wp-json\/wp\/v2\/media\/4848"}],"wp:attachment":[{"href":"https:\/\/proline-global.com\/fr\/wp-json\/wp\/v2\/media?parent=326"}],"wp:term":[{"taxonomy":"product_brand","embeddable":true,"href":"https:\/\/proline-global.com\/fr\/wp-json\/wp\/v2\/product_brand?post=326"},{"taxonomy":"product_cat","embeddable":true,"href":"https:\/\/proline-global.com\/fr\/wp-json\/wp\/v2\/product_cat?post=326"},{"taxonomy":"product_tag","embeddable":true,"href":"https:\/\/proline-global.com\/fr\/wp-json\/wp\/v2\/product_tag?post=326"}],"curies":[{"name":"wp","href":"https:\/\/api.w.org\/{rel}","templated":true}]}}