{"id":393,"date":"2018-07-19T09:55:27","date_gmt":"2018-07-19T09:55:27","guid":{"rendered":"https:\/\/proline-global.com\/?post_type=product&#038;p=393"},"modified":"2020-06-30T14:52:03","modified_gmt":"2020-06-30T14:52:03","slug":"vloc-pro-2","status":"publish","type":"product","link":"https:\/\/proline-global.com\/fr\/produit\/vloc-pro-2\/","title":{"rendered":"vLoc3-ML"},"content":{"rendered":"<p>[et_pb_section bb_built=&#8221;1&#8243;][et_pb_row][et_pb_column type=&#8221;4_4&#8243;][et_pb_text admin_label=&#8221; vLoc3-ML &#8221; _builder_version=&#8221;3.12.2&#8243;]<\/p>\n<p>The <strong>vLoc3-ML<\/strong> with built-in transceiver is designed for contractors and utility companies to accurately detect and pinpoint major brands of buried passive electronic markers. The <strong>vLoc3-ML<\/strong> locator combines Vivax-Metrotech\u2019s advanced line locating technology and electronic marker system (EMS) detection in a single instrument capable of detecting and measuring the depth of commercially available EMS markers.<\/p>\n<p>Access the<strong>\u00a0vLoc3-ML<\/strong>\u2019s line locating or marker detection mode with one press of the receiver\u2019s softkey. The intuitive operational display provides simple maneuvering of all the available features \u2013 frequency selection, marker selection, dedicated or dual marker modes and access to the main menu for other advanced features. The optional Tx-Link (radio link between receiver and transmitter) allows remote operation of the transmitter\u2019s functions at distances over 300m\/985ft.<\/p>\n<p>Built on the vLoc3 digital signal processing platform, the\u00a0<strong>vLoc3-ML<\/strong>\u00a0is equipped with advanced line locating features such as\u00a0Signal Direction, Vector mode, Transverse Graph mode, Plan View, Guidance Compass, Distortion Alerts, and Left\/Right Guidance Arrows that make locating conductive lines and cables more intuitive.<\/p>\n<p>Data acquisition tools such as internal data logging, and GPS complete a total solution. All site locate and instrument information can then be downloaded for review or further analysis on Vivax-Metrotech\u2019s free MyLocator3 app or available online if using the VMMap app.<\/p>\n<p>[\/et_pb_text][et_pb_image admin_label=&#8221;vLoc3-ML OVERVIEW&#8221; _builder_version=&#8221;3.12.2&#8243; src=&#8221;https:\/\/proline-global.com\/wp-content\/uploads\/2018\/07\/vLoc3-ML-Overview-20190822.png&#8221; url_new_window=&#8221;on&#8221; \/][et_pb_text _builder_version=&#8221;3.12.2&#8243;]<\/p>\n<h2 class=\"keyFeatures\">Key Features<\/h2>\n<ul>\n<li>Dual-purpose utility and EMS marker locator<\/li>\n<li>Color-coded EM distortion warnings<\/li>\n<li>Offset-locate modes \u2013 Vector and Plan View<\/li>\n<li>Optional receiver\/transmitter link<\/li>\n<li>Cloud-based data warehousing<\/li>\n<li>Optional Bluetooth connectivity<\/li>\n<\/ul>\n<p>[\/et_pb_text][\/et_pb_column][\/et_pb_row][et_pb_row][et_pb_column type=&#8221;4_4&#8243;][\/et_pb_column][\/et_pb_row][\/et_pb_section]<\/p>\n","protected":false},"excerpt":{"rendered":"<p>Les localisateurs de services publics de la s\u00e9rie vLoc3 introduisent de nouveaux outils innovants pour localiser les services publics enterr\u00e9s et assurer la pr\u00e9vention des dommages tout en recueillant des informations \u00e0 des fins d'analyse. La s\u00e9rie vLoc3<\/p>","protected":false},"featured_media":4608,"template":"","meta":{"_et_pb_use_builder":"on","_et_pb_old_content":"<p><strong>vLocPro2 features enhance productive location<\/strong><\/p><p>Rugged ABS & carbon fiber construction<\/p><p>IP54 rating for all weather use<\/p><p>Color display<\/p><p>High speed dual core processor<\/p><p>Multiple location modes with compass orientation<\/p><p>Multiple frequencies (over 70 are pre-programmed)<\/p><p>Push button and continuous depth\/current (feet or meters)<\/p><p>Normal & modulated audio modes (separately selectable for Power, Radio & Active modes)<\/p><p>Selectable languages (over 20)<\/p><p>Selectable \u201ctime off\u201d function<\/p><p>Rechargeable and alkaline battery packs<\/p><p>Optional signal direction to aid line identification<\/p><p>Optional Bluetooth and GPS<\/p><p>Optional A-frame and remote antenna<\/p>","_et_gb_content_width":""},"product_brand":[],"product_cat":[53,76],"product_tag":[],"class_list":{"0":"post-393","1":"product","2":"type-product","3":"status-publish","4":"has-post-thumbnail","6":"product_cat-line-locating","7":"product_cat-vivax-metrotech-locators","9":"first","10":"instock","11":"taxable","12":"shipping-taxable","13":"product-type-simple"},"_links":{"self":[{"href":"https:\/\/proline-global.com\/fr\/wp-json\/wp\/v2\/product\/393","targetHints":{"allow":["GET"]}}],"collection":[{"href":"https:\/\/proline-global.com\/fr\/wp-json\/wp\/v2\/product"}],"about":[{"href":"https:\/\/proline-global.com\/fr\/wp-json\/wp\/v2\/types\/product"}],"wp:featuredmedia":[{"embeddable":true,"href":"https:\/\/proline-global.com\/fr\/wp-json\/wp\/v2\/media\/4608"}],"wp:attachment":[{"href":"https:\/\/proline-global.com\/fr\/wp-json\/wp\/v2\/media?parent=393"}],"wp:term":[{"taxonomy":"product_brand","embeddable":true,"href":"https:\/\/proline-global.com\/fr\/wp-json\/wp\/v2\/product_brand?post=393"},{"taxonomy":"product_cat","embeddable":true,"href":"https:\/\/proline-global.com\/fr\/wp-json\/wp\/v2\/product_cat?post=393"},{"taxonomy":"product_tag","embeddable":true,"href":"https:\/\/proline-global.com\/fr\/wp-json\/wp\/v2\/product_tag?post=393"}],"curies":[{"name":"wp","href":"https:\/\/api.w.org\/{rel}","templated":true}]}}