{"id":395,"date":"2018-07-19T09:59:34","date_gmt":"2018-07-19T09:59:34","guid":{"rendered":"https:\/\/proline-global.com\/?post_type=product&#038;p=395"},"modified":"2020-06-22T22:06:14","modified_gmt":"2020-06-22T22:06:14","slug":"vm-810-locator","status":"publish","type":"product","link":"https:\/\/proline-global.com\/fr\/produit\/vm-810-locator\/","title":{"rendered":"Localisateur VM-810"},"content":{"rendered":"<p>Metrotech, l'un des premiers noms de la localisation de conduites et de c\u00e2bles, produit depuis plus de quarante ans l'instrument 810, qui a fait ses preuves. L'instrument comprend un syst\u00e8me de guidage gauche\/droite sensible \u00e0 la distanceTM (mis au point par Metrotech) qui permet une localisation pr\u00e9cise et ais\u00e9e. Au cours des derni\u00e8res ann\u00e9es, les composants de ces produits sont devenus obsol\u00e8tes, leur co\u00fbt a augment\u00e9 et ils sont de plus en plus difficiles \u00e0 trouver. Le d\u00e9fi consistait donc \u00e0 concevoir un nouveau VM-810 sans perdre les caract\u00e9ristiques et les performances qui ont fait son succ\u00e8s. Nous pensons avoir relev\u00e9 le d\u00e9fi : le nouveau VM-810 allie l'aspect classique \u00e0 une simplicit\u00e9 et \u00e0 des performances \u00e9tonnantes. Le NOUVEAU VM-810 est con\u00e7u sp\u00e9cifiquement comme un localisateur gauche\/droite monofr\u00e9quence avec des antennes s\u00e9par\u00e9es \u00e0 double r\u00e9ponse gauche\/droite. Caract\u00e9ristiques : Guidage gauche\/droite sensible \u00e0 la distanceTM R\u00e9ponse rapide \u00c9cran clair et r\u00e9tro\u00e9clair\u00e9 Son num\u00e9rique clair et pr\u00e9cis Fonctionnement sur une seule fr\u00e9quence \u00e0 l'aide d'un seul bouton Compact et l\u00e9ger Construction robuste Ajustement de gain enti\u00e8rement automatique en temps r\u00e9el R\u00e9sistant \u00e0 l'eau (IP54) Antenne r\u00e9tractable Excellente dur\u00e9e de vie des piles<\/p>","protected":false},"excerpt":{"rendered":"<p>Metrotech, l'un des premiers noms de la localisation de conduites et de c\u00e2bles, produit depuis plus de quarante ans l'instrument 810, qui a fait ses preuves. L'instrument comprend un syst\u00e8me de guidage gauche\/droite sensible \u00e0 la distance (mis au point par Metrotech) qui permet une localisation pr\u00e9cise et facile.<\/p>","protected":false},"featured_media":397,"template":"","meta":{"_et_pb_use_builder":"","_et_pb_old_content":"","_et_gb_content_width":""},"product_brand":[],"product_cat":[53,76],"product_tag":[],"class_list":{"0":"post-395","1":"product","2":"type-product","3":"status-publish","4":"has-post-thumbnail","6":"product_cat-line-locating","7":"product_cat-vivax-metrotech-locators","9":"first","10":"instock","11":"taxable","12":"shipping-taxable","13":"product-type-simple"},"_links":{"self":[{"href":"https:\/\/proline-global.com\/fr\/wp-json\/wp\/v2\/product\/395","targetHints":{"allow":["GET"]}}],"collection":[{"href":"https:\/\/proline-global.com\/fr\/wp-json\/wp\/v2\/product"}],"about":[{"href":"https:\/\/proline-global.com\/fr\/wp-json\/wp\/v2\/types\/product"}],"wp:featuredmedia":[{"embeddable":true,"href":"https:\/\/proline-global.com\/fr\/wp-json\/wp\/v2\/media\/397"}],"wp:attachment":[{"href":"https:\/\/proline-global.com\/fr\/wp-json\/wp\/v2\/media?parent=395"}],"wp:term":[{"taxonomy":"product_brand","embeddable":true,"href":"https:\/\/proline-global.com\/fr\/wp-json\/wp\/v2\/product_brand?post=395"},{"taxonomy":"product_cat","embeddable":true,"href":"https:\/\/proline-global.com\/fr\/wp-json\/wp\/v2\/product_cat?post=395"},{"taxonomy":"product_tag","embeddable":true,"href":"https:\/\/proline-global.com\/fr\/wp-json\/wp\/v2\/product_tag?post=395"}],"curies":[{"name":"wp","href":"https:\/\/api.w.org\/{rel}","templated":true}]}}