{"id":398,"date":"2018-07-19T10:02:17","date_gmt":"2018-07-19T10:02:17","guid":{"rendered":"https:\/\/proline-global.com\/?post_type=product&#038;p=398"},"modified":"2020-06-22T22:07:30","modified_gmt":"2020-06-22T22:07:30","slug":"vm-850-locator","status":"publish","type":"product","link":"https:\/\/proline-global.com\/fr\/produit\/vm-850-locator\/","title":{"rendered":"Localisateur VM-850"},"content":{"rendered":"<p>Metrotech, l'un des premiers noms de la localisation de conduites et de c\u00e2bles, produit depuis plus de quarante ans le 850, qui a fait ses preuves. L'instrument comprend un syst\u00e8me de guidage gauche\/droite sensible \u00e0 la distance.<sup>TM<\/sup>(mis au point par Metrotech) pour permettre une localisation pr\u00e9cise et ais\u00e9e.<\/p>\n<p>Au cours des derni\u00e8res ann\u00e9es, les composants de ces produits sont devenus obsol\u00e8tes, leur co\u00fbt a augment\u00e9 et ils sont de plus en plus difficiles \u00e0 trouver. Il a donc fallu relever le d\u00e9fi de concevoir un nouveau\u00a0<em><strong>VM-850\u00a0<\/strong><\/em>sans perdre les caract\u00e9ristiques et les performances qui ont fait son succ\u00e8s. Nous pensons avoir relev\u00e9 le d\u00e9fi - la nouvelle\u00a0<em><strong>VM-850\u00a0<\/strong><\/em>combine l'aspect classique avec une simplicit\u00e9 et des performances \u00e9tonnantes - si vous avez aim\u00e9 le 850 classique, vous allez adorer le nouveau.<\/p>\n<p>Le\u00a0<strong><em>NOUVEAU<\/em><\/strong>\u00a0<strong><em>VM-850<\/em><\/strong>\u00a0est con\u00e7u sp\u00e9cifiquement comme une fr\u00e9quence unique\u00a0<em><strong>vrai<\/strong><\/em>\u00a0localisateur gauche\/droite avec antennes s\u00e9par\u00e9es \u00e0 double r\u00e9ponse gauche\/droite.<\/p>\n<p>&nbsp;<\/p>\n<p><strong>Caract\u00e9ristiques :<\/strong><\/p>\n<ul>\n<li>Guidage gauche\/droite sensible \u00e0 la distance<sup>TM<\/sup><\/li>\n<li>R\u00e9ponse rapide<\/li>\n<li>\u00c9cran clair et r\u00e9tro\u00e9clair\u00e9 am\u00e9lior\u00e9<\/li>\n<li>Un son num\u00e9rique complet et cristallin<\/li>\n<li>Fr\u00e9quence unique pr\u00e9cise<\/li>\n<li>Construction l\u00e9g\u00e8re et robuste<\/li>\n<li>R\u00e9sistant \u00e0 l'eau (IP54)<\/li>\n<li>Antenne r\u00e9tractable<\/li>\n<li>Excellente autonomie de la batterie<\/li>\n<li>Fonctionnement avec un seul bouton<\/li>\n<\/ul>","protected":false},"excerpt":{"rendered":"<p>Metrotech, l'un des premiers noms de la localisation de conduites et de c\u00e2bles, produit depuis plus de quarante ans l'instrument 850, qui a fait ses preuves. L'instrument comprend un syst\u00e8me de guidage gauche\/droite sensible \u00e0 la distanceTM (mis au point par Metrotech) qui permet une localisation pr\u00e9cise et facile.<\/p>","protected":false},"featured_media":399,"template":"","meta":{"_et_pb_use_builder":"","_et_pb_old_content":"","_et_gb_content_width":""},"product_brand":[],"product_cat":[53,76],"product_tag":[],"class_list":{"0":"post-398","1":"product","2":"type-product","3":"status-publish","4":"has-post-thumbnail","6":"product_cat-line-locating","7":"product_cat-vivax-metrotech-locators","9":"first","10":"instock","11":"taxable","12":"shipping-taxable","13":"product-type-simple"},"_links":{"self":[{"href":"https:\/\/proline-global.com\/fr\/wp-json\/wp\/v2\/product\/398","targetHints":{"allow":["GET"]}}],"collection":[{"href":"https:\/\/proline-global.com\/fr\/wp-json\/wp\/v2\/product"}],"about":[{"href":"https:\/\/proline-global.com\/fr\/wp-json\/wp\/v2\/types\/product"}],"wp:featuredmedia":[{"embeddable":true,"href":"https:\/\/proline-global.com\/fr\/wp-json\/wp\/v2\/media\/399"}],"wp:attachment":[{"href":"https:\/\/proline-global.com\/fr\/wp-json\/wp\/v2\/media?parent=398"}],"wp:term":[{"taxonomy":"product_brand","embeddable":true,"href":"https:\/\/proline-global.com\/fr\/wp-json\/wp\/v2\/product_brand?post=398"},{"taxonomy":"product_cat","embeddable":true,"href":"https:\/\/proline-global.com\/fr\/wp-json\/wp\/v2\/product_cat?post=398"},{"taxonomy":"product_tag","embeddable":true,"href":"https:\/\/proline-global.com\/fr\/wp-json\/wp\/v2\/product_tag?post=398"}],"curies":[{"name":"wp","href":"https:\/\/api.w.org\/{rel}","templated":true}]}}