{"id":401,"date":"2018-07-19T10:06:08","date_gmt":"2018-07-19T10:06:08","guid":{"rendered":"https:\/\/proline-global.com\/?post_type=product&#038;p=401"},"modified":"2018-07-19T10:06:56","modified_gmt":"2018-07-19T10:06:56","slug":"vm-880-locator","status":"publish","type":"product","link":"https:\/\/proline-global.com\/fr\/produit\/vm-880-locator\/","title":{"rendered":"Localisateur VM-880"},"content":{"rendered":"<p>Dans notre paysage en constante \u00e9volution, des biens importants peuvent \u00eatre enterr\u00e9s, ce qui rend leur recherche \u00e0 la fois difficile et fastidieuse. Les couvercles de vannes et de trous d'homme sont souvent perdus \u00e0 la suite de travaux de terrassement, d'un nouveau rev\u00eatement ou de fortes chutes de neige. Les bornes enterr\u00e9es peuvent \u00e9galement \u00eatre difficiles \u00e0 trouver.<\/p>\n<p>La plupart de ces articles sont fabriqu\u00e9s \u00e0 partir de mat\u00e9riaux magn\u00e9tiques ou ferreux. Le VM-880 permet de les d\u00e9tecter. Comme il ne d\u00e9tecte que les mat\u00e9riaux ferreux, les bo\u00eetes en aluminium, etc. sont rejet\u00e9es.<\/p>\n<p>L'interface utilisateur audio et visuelle simple a \u00e9t\u00e9 con\u00e7ue pour minimiser les besoins en formation, tandis que les technologies les plus r\u00e9centes sont utilis\u00e9es pour garantir une sensibilit\u00e9 et une profondeur maximales.<\/p>\n<p>&nbsp;<\/p>\n<p><strong>Caract\u00e9ristiques :<\/strong><\/p>\n<p>Le VM-880 est la derni\u00e8re r\u00e9vision du tr\u00e8s populaire localisateur de m\u00e9taux ferreux 880. Il int\u00e8gre les caract\u00e9ristiques suivantes :<\/p>\n<ul>\n<li>Indicateur sonore et visuel de l'intensit\u00e9 du signal<\/li>\n<li>Tr\u00e8s l\u00e9ger 0,7 kg (1,54 lb)<\/li>\n<li>Tube d'antenne en fibre de carbone ultra r\u00e9sistant<\/li>\n<li>Tube d'antenne r\u00e9sistant \u00e0 l'eau<\/li>\n<li>Haute sensibilit\u00e9<\/li>\n<li>Indicateur de polarit\u00e9 du champ<\/li>\n<li>28 heures d'autonomie avec seulement 2 piles AA (LR6)<\/li>\n<li>Indication continue du niveau de la batterie<\/li>\n<li>Contr\u00f4le automatique de la sensibilit\u00e9 par simple pression et contr\u00f4le manuel incr\u00e9mentiel<\/li>\n<li>Avertissement du signal de puissance 60\/50Hz<\/li>\n<li>Sac de transport souple fourni en standard<\/li>\n<\/ul>","protected":false},"excerpt":{"rendered":"<p>Dans notre paysage en constante \u00e9volution, des biens importants peuvent \u00eatre enterr\u00e9s, ce qui rend leur recherche \u00e0 la fois difficile et fastidieuse. Les couvercles de vannes et de trous d'homme sont souvent perdus \u00e0 la suite de travaux de terrassement, d'un nouveau rev\u00eatement ou de fortes chutes de neige. Les bornes enterr\u00e9es peuvent \u00e9galement \u00eatre difficiles \u00e0 trouver.<\/p>","protected":false},"featured_media":402,"template":"","meta":{"_et_pb_use_builder":"","_et_pb_old_content":"","_et_gb_content_width":""},"product_brand":[],"product_cat":[53,76],"product_tag":[],"class_list":{"0":"post-401","1":"product","2":"type-product","3":"status-publish","4":"has-post-thumbnail","6":"product_cat-line-locating","7":"product_cat-vivax-metrotech-locators","9":"first","10":"instock","11":"taxable","12":"shipping-taxable","13":"product-type-simple"},"_links":{"self":[{"href":"https:\/\/proline-global.com\/fr\/wp-json\/wp\/v2\/product\/401","targetHints":{"allow":["GET"]}}],"collection":[{"href":"https:\/\/proline-global.com\/fr\/wp-json\/wp\/v2\/product"}],"about":[{"href":"https:\/\/proline-global.com\/fr\/wp-json\/wp\/v2\/types\/product"}],"wp:featuredmedia":[{"embeddable":true,"href":"https:\/\/proline-global.com\/fr\/wp-json\/wp\/v2\/media\/402"}],"wp:attachment":[{"href":"https:\/\/proline-global.com\/fr\/wp-json\/wp\/v2\/media?parent=401"}],"wp:term":[{"taxonomy":"product_brand","embeddable":true,"href":"https:\/\/proline-global.com\/fr\/wp-json\/wp\/v2\/product_brand?post=401"},{"taxonomy":"product_cat","embeddable":true,"href":"https:\/\/proline-global.com\/fr\/wp-json\/wp\/v2\/product_cat?post=401"},{"taxonomy":"product_tag","embeddable":true,"href":"https:\/\/proline-global.com\/fr\/wp-json\/wp\/v2\/product_tag?post=401"}],"curies":[{"name":"wp","href":"https:\/\/api.w.org\/{rel}","templated":true}]}}