{"id":408,"date":"2018-07-19T10:11:19","date_gmt":"2018-07-19T10:11:19","guid":{"rendered":"https:\/\/proline-global.com\/?post_type=product&#038;p=408"},"modified":"2019-09-09T19:02:59","modified_gmt":"2019-09-09T19:02:59","slug":"vm-560-transmitter","status":"publish","type":"product","link":"https:\/\/proline-global.com\/fr\/produit\/vm-560-transmitter\/","title":{"rendered":"\u00c9metteur VM-560"},"content":{"rendered":"<p>Le\u00a0<strong><em>VM-560\u00a0<\/em><\/strong>peut fournir un signal tr\u00e8s utile d'une puissance de 1 watt. Le signal peut \u00eatre appliqu\u00e9 par connexion directe ou, s'il n'y a pas de point d'acc\u00e8s, par induction. Avec l'ajout d'une pince de signal optionnelle, l'\u00e9metteur de\u00a0<strong><em>VM-560\u00a0<\/em><\/strong>peut \u00eatre appliqu\u00e9 \u00e0 la ligne de mire quelle que soit la situation.<\/p>\n<p>Le\u00a0<strong><em>VM-560\u00a0<\/em><\/strong>est une option haute fr\u00e9quence du VM-550. Son mode haute fr\u00e9quence est r\u00e9gl\u00e9 sur 480 kHz et est tr\u00e8s utile pour tracer les gouttes courtes qui ne sont pas mises \u00e0 la terre. En outre, il est utile dans les situations difficiles o\u00f9 les tuyaux en fonte enterr\u00e9s sont corrod\u00e9s et o\u00f9 les joints pr\u00e9sentent une r\u00e9sistance \u00e9lev\u00e9e. Le VM-560 \u00e0 haute fr\u00e9quence sautera ces joints, ce qui permettra de mettre sous tension de plus grandes longueurs de tuyaux.<\/p>\n<p><strong><br \/>\nCaract\u00e9ristiques :<\/strong><\/p>\n<ul>\n<li>Puissance de sortie de 1 watt<\/li>\n<li>Deux fr\u00e9quences\n<ul>\n<li>8kHz et 480kHz<\/li>\n<\/ul>\n<\/li>\n<li>R\u00e9glages de la sortie haute et basse<\/li>\n<li>Modes de connexion par induction et directe (s\u00e9lection automatique)<\/li>\n<li>Gamme d'accessoires pour pinces de signalisation<\/li>\n<li>Avertissement de batterie faible<\/li>\n<li>Indication de bonne connexion<\/li>\n<li>IP54<\/li>\n<li>Batterie longue dur\u00e9e (4 piles D)<\/li>\n<li>Crochet pour suspendre l'\u00e9metteur<\/li>\n<\/ul>","protected":false},"excerpt":{"rendered":"<p>L'\u00e9metteur VM-560 peut fournir un signal d'une puissance tr\u00e8s utile de 1 watt. L'application du signal peut se faire par connexion directe ou, s'il n'y a pas de point d'acc\u00e8s, par induction. Avec l'ajout de la pince de signal optionnelle, l'\u00e9metteur VM-560 peut \u00eatre appliqu\u00e9 \u00e0 la ligne cible, quelle que soit la situation.<\/p>","protected":false},"featured_media":409,"template":"","meta":{"_et_pb_use_builder":"","_et_pb_old_content":"","_et_gb_content_width":""},"product_brand":[],"product_cat":[53,78],"product_tag":[],"class_list":{"0":"post-408","1":"product","2":"type-product","3":"status-publish","4":"has-post-thumbnail","6":"product_cat-line-locating","7":"product_cat-locator-accessories","9":"first","10":"instock","11":"taxable","12":"shipping-taxable","13":"product-type-simple"},"_links":{"self":[{"href":"https:\/\/proline-global.com\/fr\/wp-json\/wp\/v2\/product\/408","targetHints":{"allow":["GET"]}}],"collection":[{"href":"https:\/\/proline-global.com\/fr\/wp-json\/wp\/v2\/product"}],"about":[{"href":"https:\/\/proline-global.com\/fr\/wp-json\/wp\/v2\/types\/product"}],"wp:featuredmedia":[{"embeddable":true,"href":"https:\/\/proline-global.com\/fr\/wp-json\/wp\/v2\/media\/409"}],"wp:attachment":[{"href":"https:\/\/proline-global.com\/fr\/wp-json\/wp\/v2\/media?parent=408"}],"wp:term":[{"taxonomy":"product_brand","embeddable":true,"href":"https:\/\/proline-global.com\/fr\/wp-json\/wp\/v2\/product_brand?post=408"},{"taxonomy":"product_cat","embeddable":true,"href":"https:\/\/proline-global.com\/fr\/wp-json\/wp\/v2\/product_cat?post=408"},{"taxonomy":"product_tag","embeddable":true,"href":"https:\/\/proline-global.com\/fr\/wp-json\/wp\/v2\/product_tag?post=408"}],"curies":[{"name":"wp","href":"https:\/\/api.w.org\/{rel}","templated":true}]}}