{"id":412,"date":"2018-07-19T10:18:35","date_gmt":"2018-07-19T10:18:35","guid":{"rendered":"https:\/\/proline-global.com\/?post_type=product&#038;p=412"},"modified":"2019-09-09T19:00:27","modified_gmt":"2019-09-09T19:00:27","slug":"vm-550-transmitter","status":"publish","type":"product","link":"https:\/\/proline-global.com\/fr\/produit\/vm-550-transmitter\/","title":{"rendered":"\u00c9metteur VM-550"},"content":{"rendered":"<p>Le\u00a0<strong><em>VM-550\u00a0<\/em><\/strong>peut fournir un signal tr\u00e8s utile d'une puissance de 1 watt. Le signal peut \u00eatre appliqu\u00e9 par connexion directe ou, s'il n'y a pas de point d'acc\u00e8s, par induction. Avec l'ajout d'une pince de signal optionnelle, l'\u00e9metteur de\u00a0<strong><em>VM-550\u00a0<\/em><\/strong>peut \u00eatre appliqu\u00e9 \u00e0 la ligne de mire quelle que soit la situation.<\/p>\n<p><strong><br \/>\nCaract\u00e9ristiques :<\/strong><\/p>\n<ul>\n<li>Puissance de sortie de 1 watt<\/li>\n<li>Deux fr\u00e9quences\n<ul>\n<li>8kHz et 83kHz<\/li>\n<\/ul>\n<\/li>\n<li>R\u00e9glages de la sortie haute et basse<\/li>\n<li>Modes de connexion par induction et directe (s\u00e9lection automatique)<\/li>\n<li>Gamme d'accessoires pour pinces de signalisation<\/li>\n<li>Avertissement de batterie faible<\/li>\n<li>Indication de bonne connexion<\/li>\n<li>IP54<\/li>\n<li>Batterie longue dur\u00e9e (4 piles D)<\/li>\n<li>Crochet pour suspendre l'\u00e9metteur<\/li>\n<\/ul>\n<p>&nbsp;<\/p>","protected":false},"excerpt":{"rendered":"<p>L'\u00e9metteur VM-550 peut fournir un signal d'une puissance tr\u00e8s utile de 1 watt. L'application du signal peut se faire par connexion directe ou, s'il n'y a pas de point d'acc\u00e8s, par induction. Avec l'ajout de la pince de signal optionnelle, l'\u00e9metteur VM-550 peut \u00eatre appliqu\u00e9 \u00e0 la ligne cible, quelle que soit la situation.<\/p>","protected":false},"featured_media":413,"template":"","meta":{"_et_pb_use_builder":"","_et_pb_old_content":"","_et_gb_content_width":""},"product_brand":[],"product_cat":[53,78],"product_tag":[],"class_list":{"0":"post-412","1":"product","2":"type-product","3":"status-publish","4":"has-post-thumbnail","6":"product_cat-line-locating","7":"product_cat-locator-accessories","9":"first","10":"instock","11":"taxable","12":"shipping-taxable","13":"product-type-simple"},"_links":{"self":[{"href":"https:\/\/proline-global.com\/fr\/wp-json\/wp\/v2\/product\/412","targetHints":{"allow":["GET"]}}],"collection":[{"href":"https:\/\/proline-global.com\/fr\/wp-json\/wp\/v2\/product"}],"about":[{"href":"https:\/\/proline-global.com\/fr\/wp-json\/wp\/v2\/types\/product"}],"wp:featuredmedia":[{"embeddable":true,"href":"https:\/\/proline-global.com\/fr\/wp-json\/wp\/v2\/media\/413"}],"wp:attachment":[{"href":"https:\/\/proline-global.com\/fr\/wp-json\/wp\/v2\/media?parent=412"}],"wp:term":[{"taxonomy":"product_brand","embeddable":true,"href":"https:\/\/proline-global.com\/fr\/wp-json\/wp\/v2\/product_brand?post=412"},{"taxonomy":"product_cat","embeddable":true,"href":"https:\/\/proline-global.com\/fr\/wp-json\/wp\/v2\/product_cat?post=412"},{"taxonomy":"product_tag","embeddable":true,"href":"https:\/\/proline-global.com\/fr\/wp-json\/wp\/v2\/product_tag?post=412"}],"curies":[{"name":"wp","href":"https:\/\/api.w.org\/{rel}","templated":true}]}}