{"id":418,"date":"2018-07-19T10:25:29","date_gmt":"2018-07-19T10:25:29","guid":{"rendered":"https:\/\/proline-global.com\/?post_type=product&#038;p=418"},"modified":"2020-06-29T17:30:54","modified_gmt":"2020-06-29T17:30:54","slug":"metrotech-810-classic","status":"publish","type":"product","link":"https:\/\/proline-global.com\/fr\/produit\/metrotech-810-classic\/","title":{"rendered":"Metrotech 810 Classic (r\u00e9parations uniquement)"},"content":{"rendered":"<p>The 810 RF Line Tracer offers both advanced and automatic features ensuring the best possible identification and tracing of continuous metallic pipe or cable, water and gas distribution lines, inductive locating and blind searching.<\/p>\n<p>The high frequency signal is able to jump insulators and rubber gaskets found in water and gas systems.<\/p>\n<p>Furthermore, the unit is designed to minimize electrical interference.<\/p>\n<p><strong><br \/>\nCaract\u00e9ristiques :<\/strong><\/p>\n<p>&nbsp;<\/p>\n<ul>\n<li>High frequency jumps insulators and gaskets<\/li>\n<li>Excellente localisation inductive, directe, par pince<\/li>\n<li>Gagnez du temps - pic \/ nul simultan\u00e9s<\/li>\n<li>Vous indique le chemin - Syst\u00e8me de guidage gauche\/droite et signal sonore<\/li>\n<li>Localise votre service public et indique l'intensit\u00e9 du signal transmis - Digital Signal Strength (intensit\u00e9 du signal num\u00e9rique)<\/li>\n<li>Pas de r\u00e9glage manuel du gain - enti\u00e8rement automatis\u00e9<\/li>\n<li>D\u00e9termine la profondeur - bouton-poussoir rapide et facile \u00e0 utiliser<\/li>\n<li>L\u00e9ger, tous les affichages sont en ligne de mire, ce qui r\u00e9duit la fatigue de l'utilisateur.<\/li>\n<\/ul>\n<p>See Upgraded Version:<a href=\"https:\/\/proline-global.com\/fr\/produit\/vm-810-locator\/\"> VM-810<\/a><\/p>","protected":false},"excerpt":{"rendered":"<p>The 810 RF Line Tracer offers both advanced and automatic features ensuring the best possible identification and tracing of continuous metallic pipe or cable, water and gas distribution lines, inductive locating and blind searching.<\/p>","protected":false},"featured_media":419,"template":"","meta":{"_et_pb_use_builder":"","_et_pb_old_content":"","_et_gb_content_width":""},"product_brand":[],"product_cat":[53,77],"product_tag":[],"class_list":{"0":"post-418","1":"product","2":"type-product","3":"status-publish","4":"has-post-thumbnail","6":"product_cat-line-locating","7":"product_cat-metrotech-locators","9":"first","10":"instock","11":"taxable","12":"shipping-taxable","13":"product-type-simple"},"_links":{"self":[{"href":"https:\/\/proline-global.com\/fr\/wp-json\/wp\/v2\/product\/418","targetHints":{"allow":["GET"]}}],"collection":[{"href":"https:\/\/proline-global.com\/fr\/wp-json\/wp\/v2\/product"}],"about":[{"href":"https:\/\/proline-global.com\/fr\/wp-json\/wp\/v2\/types\/product"}],"wp:featuredmedia":[{"embeddable":true,"href":"https:\/\/proline-global.com\/fr\/wp-json\/wp\/v2\/media\/419"}],"wp:attachment":[{"href":"https:\/\/proline-global.com\/fr\/wp-json\/wp\/v2\/media?parent=418"}],"wp:term":[{"taxonomy":"product_brand","embeddable":true,"href":"https:\/\/proline-global.com\/fr\/wp-json\/wp\/v2\/product_brand?post=418"},{"taxonomy":"product_cat","embeddable":true,"href":"https:\/\/proline-global.com\/fr\/wp-json\/wp\/v2\/product_cat?post=418"},{"taxonomy":"product_tag","embeddable":true,"href":"https:\/\/proline-global.com\/fr\/wp-json\/wp\/v2\/product_tag?post=418"}],"curies":[{"name":"wp","href":"https:\/\/api.w.org\/{rel}","templated":true}]}}