{"id":422,"date":"2018-07-19T10:29:26","date_gmt":"2018-07-19T10:29:26","guid":{"rendered":"https:\/\/proline-global.com\/?post_type=product&#038;p=422"},"modified":"2019-09-09T18:27:42","modified_gmt":"2019-09-09T18:27:42","slug":"vx5-125-5-clamp","status":"publish","type":"product","link":"https:\/\/proline-global.com\/fr\/produit\/vx5-125-5-clamp\/","title":{"rendered":"VX5-125 5\u2033 Clamp"},"content":{"rendered":"<p>[et_pb_section bb_built=&#8221;1&#8243;][et_pb_row][et_pb_column type=&#8221;4_4&#8243;][et_pb_text]<\/p>\n<ul>\n<li>An accessory used to apply the transmitter signal to an insulated line, removing the need to connect the transmitter signal directly to a conductor or cable sheath.<\/li>\n<li>Dia. 5in (125mm)<\/li>\n<\/ul>\n<p>[\/et_pb_text][\/et_pb_column][\/et_pb_row][et_pb_row][et_pb_column type=&#8221;1_2&#8243;][et_pb_button admin_label=&#8221;DATA SHEET&#8221; _builder_version=&#8221;3.12.2&#8243; button_text=&#8221;DATA SHEET&#8221; url_new_window=&#8221;on&#8221; button_alignment=&#8221;center&#8221; button_url=&#8221;https:\/\/proline-global.com\/wp-content\/uploads\/2018\/07\/DATA-SHEET.jpg&#8221; custom_button=&#8221;on&#8221; button_text_color=&#8221;#000000&#8243; button_bg_color=&#8221;#e09900&#8243; button_use_icon=&#8221;off&#8221; button_text_color_hover=&#8221;#ffffff&#8221; button_bg_color_hover=&#8221;#000000&#8243; \/][\/et_pb_column][et_pb_column type=&#8221;1_2&#8243;][et_pb_button admin_label=&#8221;USER INSTRUCTIONS&#8221; _builder_version=&#8221;3.12.2&#8243; button_text=&#8221;USER INSTRUCTIONS&#8221; url_new_window=&#8221;on&#8221; button_alignment=&#8221;center&#8221; button_url=&#8221;https:\/\/proline-global.com\/wp-content\/uploads\/2018\/07\/Signal-Clamp-User-Guide-VXMT-Eng-V1.2-Publish-20190627.pdf&#8221; custom_button=&#8221;on&#8221; button_text_color=&#8221;#000000&#8243; button_bg_color=&#8221;#e09900&#8243; button_use_icon=&#8221;off&#8221; button_text_color_hover=&#8221;#ffffff&#8221; button_bg_color_hover=&#8221;#000000&#8243; \/][\/et_pb_column][\/et_pb_row][\/et_pb_section]<\/p>\n","protected":false},"excerpt":{"rendered":"<h3 class=\"keyFeatures\">Pinces \u00e0 induction<\/h3>\n<p>Le <strong>Pince \u00e0 induction<\/strong> permet d'appliquer un signal de localisation de mani\u00e8re pr\u00e9cise. Elle est g\u00e9n\u00e9ralement utilis\u00e9e lorsqu'il n'est pas possible ou pratique d'acc\u00e9der au conducteur pour effectuer une connexion directe, mais qu'il y a suffisamment d'espace pour placer la pince autour du c\u00e2ble ou de la conduite, ou lorsqu'il n'est pas s\u00fbr d'effectuer une connexion directe parce que le c\u00e2ble cible transporte de l'\u00e9lectricit\u00e9.<\/p>\n<p>Le <strong>Pince \u00e0 induction<\/strong> est un dispositif inductif sp\u00e9cialis\u00e9, parfois appel\u00e9 toro\u00efde ou coupleur. Toutes les pinces sont optimis\u00e9es pour fonctionner \u00e0 des fr\u00e9quences sp\u00e9cifiques. Dans la plupart des cas, les pinces sont con\u00e7ues pour \u00eatre utilis\u00e9es \u00e0 des fr\u00e9quences g\u00e9n\u00e9ralement comprises entre 8 kHz et 85 kHz.<\/p>\n<ul>\n<li>Appliquer un signal d'\u00e9metteur \u00e0 des c\u00e2bles sous tension<\/li>\n<li>Gamme de pinces de 2 \u00e0 18 pouces<\/li>\n<li>Induire des signaux sur les lignes dans une s\u00e9rie de situations diff\u00e9rentes<\/li>\n<\/ul>","protected":false},"featured_media":423,"template":"","meta":{"_et_pb_use_builder":"on","_et_pb_old_content":"<ul><li>An accessory used to apply the transmitter signal to an insulated line, removing the need to connect the transmitter signal directly to a conductor or cable sheath.<\/li><li>Dia. 5in (125mm)<\/li><\/ul>","_et_gb_content_width":""},"product_brand":[],"product_cat":[53,78],"product_tag":[],"class_list":{"0":"post-422","1":"product","2":"type-product","3":"status-publish","4":"has-post-thumbnail","6":"product_cat-line-locating","7":"product_cat-locator-accessories","9":"first","10":"instock","11":"taxable","12":"shipping-taxable","13":"product-type-simple"},"_links":{"self":[{"href":"https:\/\/proline-global.com\/fr\/wp-json\/wp\/v2\/product\/422","targetHints":{"allow":["GET"]}}],"collection":[{"href":"https:\/\/proline-global.com\/fr\/wp-json\/wp\/v2\/product"}],"about":[{"href":"https:\/\/proline-global.com\/fr\/wp-json\/wp\/v2\/types\/product"}],"wp:featuredmedia":[{"embeddable":true,"href":"https:\/\/proline-global.com\/fr\/wp-json\/wp\/v2\/media\/423"}],"wp:attachment":[{"href":"https:\/\/proline-global.com\/fr\/wp-json\/wp\/v2\/media?parent=422"}],"wp:term":[{"taxonomy":"product_brand","embeddable":true,"href":"https:\/\/proline-global.com\/fr\/wp-json\/wp\/v2\/product_brand?post=422"},{"taxonomy":"product_cat","embeddable":true,"href":"https:\/\/proline-global.com\/fr\/wp-json\/wp\/v2\/product_cat?post=422"},{"taxonomy":"product_tag","embeddable":true,"href":"https:\/\/proline-global.com\/fr\/wp-json\/wp\/v2\/product_tag?post=422"}],"curies":[{"name":"wp","href":"https:\/\/api.w.org\/{rel}","templated":true}]}}