{"id":437,"date":"2018-07-19T10:48:50","date_gmt":"2018-07-19T10:48:50","guid":{"rendered":"https:\/\/proline-global.com\/?post_type=product&#038;p=437"},"modified":"2018-07-26T14:47:57","modified_gmt":"2018-07-26T14:47:57","slug":"ground-spool","status":"publish","type":"product","link":"https:\/\/proline-global.com\/fr\/produit\/ground-spool\/","title":{"rendered":"Bobine de terre"},"content":{"rendered":"<p>Utilis\u00e9 pour prolonger la connexion \u00e0 la terre jusqu'\u00e0 une position de mise \u00e0 la terre appropri\u00e9e<\/p>","protected":false},"excerpt":{"rendered":"<p>Utilis\u00e9 pour prolonger la connexion \u00e0 la terre jusqu'\u00e0 une position de mise \u00e0 la terre appropri\u00e9e<\/p>","protected":false},"featured_media":440,"template":"","meta":{"_et_pb_use_builder":"","_et_pb_old_content":"","_et_gb_content_width":""},"product_brand":[],"product_cat":[53,78],"product_tag":[],"class_list":{"0":"post-437","1":"product","2":"type-product","3":"status-publish","4":"has-post-thumbnail","6":"product_cat-line-locating","7":"product_cat-locator-accessories","9":"first","10":"instock","11":"taxable","12":"shipping-taxable","13":"product-type-simple"},"_links":{"self":[{"href":"https:\/\/proline-global.com\/fr\/wp-json\/wp\/v2\/product\/437","targetHints":{"allow":["GET"]}}],"collection":[{"href":"https:\/\/proline-global.com\/fr\/wp-json\/wp\/v2\/product"}],"about":[{"href":"https:\/\/proline-global.com\/fr\/wp-json\/wp\/v2\/types\/product"}],"wp:featuredmedia":[{"embeddable":true,"href":"https:\/\/proline-global.com\/fr\/wp-json\/wp\/v2\/media\/440"}],"wp:attachment":[{"href":"https:\/\/proline-global.com\/fr\/wp-json\/wp\/v2\/media?parent=437"}],"wp:term":[{"taxonomy":"product_brand","embeddable":true,"href":"https:\/\/proline-global.com\/fr\/wp-json\/wp\/v2\/product_brand?post=437"},{"taxonomy":"product_cat","embeddable":true,"href":"https:\/\/proline-global.com\/fr\/wp-json\/wp\/v2\/product_cat?post=437"},{"taxonomy":"product_tag","embeddable":true,"href":"https:\/\/proline-global.com\/fr\/wp-json\/wp\/v2\/product_tag?post=437"}],"curies":[{"name":"wp","href":"https:\/\/api.w.org\/{rel}","templated":true}]}}