{"id":446,"date":"2018-07-19T11:00:34","date_gmt":"2018-07-19T11:00:34","guid":{"rendered":"https:\/\/proline-global.com\/?post_type=product&#038;p=446"},"modified":"2018-07-26T14:48:34","modified_gmt":"2018-07-26T14:48:34","slug":"banana-plugs-adapter","status":"publish","type":"product","link":"https:\/\/proline-global.com\/fr\/produit\/banana-plugs-adapter\/","title":{"rendered":"Adaptateur pour fiches bananes"},"content":{"rendered":"<p>Adapte la pince crocodile \u00e0 connexion directe \u00e0 la fiche banane, ce qui permet de connecter les fils \u00e0 connexion directe \u00e0 une prise banane.<\/p>","protected":false},"excerpt":{"rendered":"<p>Adapte la pince crocodile \u00e0 connexion directe \u00e0 la fiche banane, ce qui permet de connecter les fils \u00e0 connexion directe \u00e0 une prise banane.<\/p>","protected":false},"featured_media":442,"template":"","meta":{"_et_pb_use_builder":"","_et_pb_old_content":"","_et_gb_content_width":""},"product_brand":[],"product_cat":[53,78],"product_tag":[],"class_list":{"0":"post-446","1":"product","2":"type-product","3":"status-publish","4":"has-post-thumbnail","6":"product_cat-line-locating","7":"product_cat-locator-accessories","9":"first","10":"instock","11":"taxable","12":"shipping-taxable","13":"product-type-simple"},"_links":{"self":[{"href":"https:\/\/proline-global.com\/fr\/wp-json\/wp\/v2\/product\/446","targetHints":{"allow":["GET"]}}],"collection":[{"href":"https:\/\/proline-global.com\/fr\/wp-json\/wp\/v2\/product"}],"about":[{"href":"https:\/\/proline-global.com\/fr\/wp-json\/wp\/v2\/types\/product"}],"wp:featuredmedia":[{"embeddable":true,"href":"https:\/\/proline-global.com\/fr\/wp-json\/wp\/v2\/media\/442"}],"wp:attachment":[{"href":"https:\/\/proline-global.com\/fr\/wp-json\/wp\/v2\/media?parent=446"}],"wp:term":[{"taxonomy":"product_brand","embeddable":true,"href":"https:\/\/proline-global.com\/fr\/wp-json\/wp\/v2\/product_brand?post=446"},{"taxonomy":"product_cat","embeddable":true,"href":"https:\/\/proline-global.com\/fr\/wp-json\/wp\/v2\/product_cat?post=446"},{"taxonomy":"product_tag","embeddable":true,"href":"https:\/\/proline-global.com\/fr\/wp-json\/wp\/v2\/product_tag?post=446"}],"curies":[{"name":"wp","href":"https:\/\/api.w.org\/{rel}","templated":true}]}}