{"id":451,"date":"2018-07-19T11:08:23","date_gmt":"2018-07-19T11:08:23","guid":{"rendered":"https:\/\/proline-global.com\/?post_type=product&#038;p=451"},"modified":"2024-08-28T17:10:09","modified_gmt":"2024-08-28T17:10:09","slug":"compact-pipe-beveling-machines","status":"publish","type":"product","link":"https:\/\/proline-global.com\/fr\/produit\/compact-pipe-beveling-machines\/","title":{"rendered":"Machines compactes \u00e0 chanfreiner les tuyaux"},"content":{"rendered":"<ul>\n<li>10 machines \u00e0 biseauter les tuyaux coupent des tuyaux allant de 3\u2033 \u00e0 60\u2033.<\/li>\n<li>Machine \u00e0 biseauter les tuyaux en forme de selle avec anneau de d\u00e9placement complet pour des coupes plus pr\u00e9cises<\/li>\n<li>La conception du cadre divis\u00e9 permet aux machines d'\u00eatre install\u00e9es sur l'extr\u00e9mit\u00e9 du tuyau ou sur le dessus du tuyau.<\/li>\n<li>Les tailles #3 et sup\u00e9rieures sont livr\u00e9es en standard avec une fixation non circulaire.<\/li>\n<li>La bo\u00eete de vitesses enti\u00e8rement ferm\u00e9e \u00e9vite d'endommager les engrenages critiques.<\/li>\n<li>Moulage de pr\u00e9cision pour une plus grande robustesse<\/li>\n<li>Construction en acier et en aluminium moul\u00e9<\/li>\n<\/ul>","protected":false},"excerpt":{"rendered":"<p>10 pipe beveling machines cut pipe ranging from 3&#8243; to 60&#8243; Saddle style pipe beveling machine with full travel ring allows more accurate cuts Split frame design allows the machines to be installed over the end of the pipe or over the top of the pipe Sizes #3 and larger come standard with an out [&hellip;]<\/p>\n","protected":false},"featured_media":453,"template":"","meta":{"_et_pb_use_builder":"","_et_pb_old_content":"","_et_gb_content_width":""},"product_brand":[],"product_cat":[46],"product_tag":[],"class_list":{"0":"post-451","1":"product","2":"type-product","3":"status-publish","4":"has-post-thumbnail","6":"product_cat-products","8":"first","9":"instock","10":"taxable","11":"shipping-taxable","12":"product-type-simple"},"_links":{"self":[{"href":"https:\/\/proline-global.com\/fr\/wp-json\/wp\/v2\/product\/451","targetHints":{"allow":["GET"]}}],"collection":[{"href":"https:\/\/proline-global.com\/fr\/wp-json\/wp\/v2\/product"}],"about":[{"href":"https:\/\/proline-global.com\/fr\/wp-json\/wp\/v2\/types\/product"}],"wp:featuredmedia":[{"embeddable":true,"href":"https:\/\/proline-global.com\/fr\/wp-json\/wp\/v2\/media\/453"}],"wp:attachment":[{"href":"https:\/\/proline-global.com\/fr\/wp-json\/wp\/v2\/media?parent=451"}],"wp:term":[{"taxonomy":"product_brand","embeddable":true,"href":"https:\/\/proline-global.com\/fr\/wp-json\/wp\/v2\/product_brand?post=451"},{"taxonomy":"product_cat","embeddable":true,"href":"https:\/\/proline-global.com\/fr\/wp-json\/wp\/v2\/product_cat?post=451"},{"taxonomy":"product_tag","embeddable":true,"href":"https:\/\/proline-global.com\/fr\/wp-json\/wp\/v2\/product_tag?post=451"}],"curies":[{"name":"wp","href":"https:\/\/api.w.org\/{rel}","templated":true}]}}