{"id":5230,"date":"2020-06-29T22:46:13","date_gmt":"2020-06-29T22:46:13","guid":{"rendered":"https:\/\/proline-global.com\/?post_type=product&#038;p=5230"},"modified":"2024-10-01T17:19:28","modified_gmt":"2024-10-01T17:19:28","slug":"vm-585-service-drop-locator-metal-detector","status":"publish","type":"product","link":"https:\/\/proline-global.com\/fr\/produit\/vm-585-service-drop-locator-metal-detector\/","title":{"rendered":"VM-585 D\u00e9tecteur de m\u00e9taux et localisateur de gouttes de service"},"content":{"rendered":"<p>[et_pb_section fb_built=&#8221;1&#8243; _builder_version=&#8221;4.16&#8243; custom_padding=&#8221;0px||||false|false&#8221; global_colors_info=&#8221;{}&#8221;][et_pb_row _builder_version=&#8221;4.16&#8243; background_size=&#8221;initial&#8221; background_position=&#8221;top_left&#8221; background_repeat=&#8221;repeat&#8221; width=&#8221;100%&#8221; custom_padding=&#8221;0px||0px||false|false&#8221; global_colors_info=&#8221;{}&#8221;][et_pb_column type=&#8221;4_4&#8243; _builder_version=&#8221;4.16&#8243; custom_padding=&#8221;|||&#8221; global_colors_info=&#8221;{}&#8221; custom_padding__hover=&#8221;|||&#8221;][et_pb_wc_breadcrumb _builder_version=&#8221;4.16&#8243; global_colors_info=&#8221;{}&#8221;][\/et_pb_wc_breadcrumb][et_pb_wc_cart_notice _builder_version=&#8221;4.16&#8243; global_colors_info=&#8221;{}&#8221;][\/et_pb_wc_cart_notice][\/et_pb_column][\/et_pb_row][et_pb_row _builder_version=&#8221;4.16&#8243; background_size=&#8221;initial&#8221; background_position=&#8221;top_left&#8221; background_repeat=&#8221;repeat&#8221; width=&#8221;100%&#8221; custom_padding=&#8221;0px||||false|false&#8221; global_colors_info=&#8221;{}&#8221; column_structure=&#8221;1_2,1_2&#8243;][et_pb_column type=&#8221;1_2&#8243; _builder_version=&#8221;4.16&#8243; custom_padding=&#8221;|||&#8221; global_colors_info=&#8221;{}&#8221; custom_padding__hover=&#8221;|||&#8221;][et_pb_wc_images _builder_version=&#8221;4.16&#8243; global_colors_info=&#8221;{}&#8221;][\/et_pb_wc_images][\/et_pb_column][et_pb_column type=&#8221;1_2&#8243; _builder_version=&#8221;4.16&#8243; custom_padding=&#8221;|||&#8221; global_colors_info=&#8221;{}&#8221; custom_padding__hover=&#8221;|||&#8221;][et_pb_wc_title _builder_version=&#8221;4.16&#8243; global_colors_info=&#8221;{}&#8221;][\/et_pb_wc_title][et_pb_wc_rating _builder_version=&#8221;4.16&#8243; global_colors_info=&#8221;{}&#8221;][\/et_pb_wc_rating][et_pb_wc_price _builder_version=&#8221;4.16&#8243; global_colors_info=&#8221;{}&#8221;][\/et_pb_wc_price][et_pb_wc_description _builder_version=&#8221;4.16&#8243; global_colors_info=&#8221;{}&#8221;][\/et_pb_wc_description][et_pb_wc_add_to_cart _builder_version=&#8221;4.16&#8243; global_colors_info=&#8221;{}&#8221;][\/et_pb_wc_add_to_cart][et_pb_wc_meta _builder_version=&#8221;4.16&#8243; global_colors_info=&#8221;{}&#8221;][\/et_pb_wc_meta][\/et_pb_column][\/et_pb_row][et_pb_row _builder_version=&#8221;4.16&#8243; background_size=&#8221;initial&#8221; background_position=&#8221;top_left&#8221; background_repeat=&#8221;repeat&#8221; width=&#8221;100%&#8221; global_colors_info=&#8221;{}&#8221;][et_pb_column type=&#8221;4_4&#8243; _builder_version=&#8221;4.16&#8243; custom_padding=&#8221;|||&#8221; global_colors_info=&#8221;{}&#8221; custom_padding__hover=&#8221;|||&#8221;][et_pb_wc_tabs _builder_version=&#8221;4.16&#8243; global_colors_info=&#8221;{}&#8221;]\t\t\t\t\t[\/et_pb_wc_tabs][et_pb_wc_upsells _builder_version=&#8221;4.16&#8243; global_colors_info=&#8221;{}&#8221;][\/et_pb_wc_upsells][et_pb_wc_related_products _builder_version=&#8221;4.16&#8243; global_colors_info=&#8221;{}&#8221;][\/et_pb_wc_related_products][\/et_pb_column][\/et_pb_row][\/et_pb_section][et_pb_section fb_built=&#8221;1&#8243; _builder_version=&#8221;4.16&#8243; global_colors_info=&#8221;{}&#8221;][et_pb_row _builder_version=&#8221;4.16&#8243; background_size=&#8221;initial&#8221; background_position=&#8221;top_left&#8221; background_repeat=&#8221;repeat&#8221; global_colors_info=&#8221;{}&#8221;][et_pb_column type=&#8221;4_4&#8243; _builder_version=&#8221;4.16&#8243; custom_padding=&#8221;|||&#8221; global_colors_info=&#8221;{}&#8221; custom_padding__hover=&#8221;|||&#8221;][et_pb_text _builder_version=&#8221;4.16&#8243; background_size=&#8221;initial&#8221; background_position=&#8221;top_left&#8221; background_repeat=&#8221;repeat&#8221; global_colors_info=&#8221;{}&#8221;]<\/p>\n<div class=\"row\">\n<div class=\"col-md-8 col-md-offset-2\">\n<p>The advanced altering of the <strong>VM-585<\/strong>\u2018s metal detector rejects materials such as bottle caps and aluminum cans and zeros in on locating only ferrous materials. The manual gain control allows it to be controlled and able to work close to large metal objects such as automobiles and chain link fences while still looking for the targets underground. The <strong>VM-585<\/strong>\u00a0will locate through asphalt, concrete, or grass and in temporary conditions such as snow.<\/p>\n<p>Gone are the days of needing two different instruments to locate utilities and valve box covers. The combination <strong>VM-585<\/strong>\u00a0will do both in one compact lightweight kit. Expand the range of the\u00a0<strong>VM-585<\/strong>\u00a0to detect the presence of ground to sheath faults on cables by adding the optional VM-510 Stand Alone A-Frame fault locator.<\/p>\n<p>&nbsp;<\/p>\n<\/div>\n<\/div>\n<div class=\"row\">\n<div class=\"col-md-10 col-md-offset-1\">\n<div class=\"proview_img\"><img decoding=\"async\" class=\"overflowImage\" src=\"https:\/\/www.vivax-metrotech.com\/wp-content\/uploads\/2018\/08\/VM-585-Overview.png\" \/><\/div>\n<div>\n<h2 class=\"keyFeatures\">Key Features<\/h2>\n<ul>\n<li>Passive Power locate mode<\/li>\n<li>Submersible carbon tube<\/li>\n<li>Pushbutton depth of cover estimation<\/li>\n<li>Metal Detector with advanced filtering<\/li>\n<li>One induction and three direct connect frequencies<\/li>\n<\/ul>\n<\/div>\n<\/div>\n<\/div>\n<p>[\/et_pb_text][et_pb_button button_url=&#8221;https:\/\/proline-global.com\/wp-content\/uploads\/2020\/11\/VM-585-User-Guide-VXMT-Eng-V1.4-Publish-20200304-003.pdf&#8221; url_new_window=&#8221;on&#8221; button_text=&#8221;VM-585 User Guide&#8221; button_alignment=&#8221;center&#8221; _builder_version=&#8221;4.16&#8243; custom_button=&#8221;on&#8221; button_text_color=&#8221;#000000&#8243; button_bg_color=&#8221;#e09900&#8243; button_use_icon=&#8221;off&#8221; vertical_offset_tablet=&#8221;0&#8243; horizontal_offset_tablet=&#8221;0&#8243; z_index_tablet=&#8221;0&#8243; button_text_shadow_horizontal_length_tablet=&#8221;0px&#8221; button_text_shadow_vertical_length_tablet=&#8221;0px&#8221; button_text_shadow_blur_strength_tablet=&#8221;1px&#8221; box_shadow_horizontal_tablet=&#8221;0px&#8221; box_shadow_vertical_tablet=&#8221;0px&#8221; box_shadow_blur_tablet=&#8221;40px&#8221; box_shadow_spread_tablet=&#8221;0px&#8221; global_colors_info=&#8221;{}&#8221;][\/et_pb_button][\/et_pb_column][\/et_pb_row][\/et_pb_section]<\/p>\n","protected":false},"excerpt":{"rendered":"<p>Le\u00a0<strong>VM-585<\/strong> est une combinaison du c\u00e9l\u00e8bre localisateur de services publics VM-550 avec l'avantage suppl\u00e9mentaire d'un d\u00e9tecteur de m\u00e9taux ferreux int\u00e9gr\u00e9. Il est donc id\u00e9al pour localiser les tron\u00e7ons de courte distance tels que les branchements et pour d\u00e9tecter les objets m\u00e9talliques ferreux enterr\u00e9s tels que les couvercles de bo\u00eetes \u00e0 vannes, les r\u00e9servoirs enterr\u00e9s et les couvercles de trous d'homme.<\/p>","protected":false},"featured_media":5231,"template":"","meta":{"_et_pb_use_builder":"on","_et_pb_old_content":"<div class=\"row\">\r\n<div class=\"col-md-8 col-md-offset-2\">\r\n\r\nThe advanced altering of the <strong>VM-585<\/strong>\u2018s metal detector rejects materials such as bottle caps and aluminum cans and zeros in on locating only ferrous materials. The manual gain control allows it to be controlled and able to work close to large metal objects such as automobiles and chain link fences while still looking for the targets underground. The <strong>VM-585<\/strong>\u00a0will locate through asphalt, concrete, or grass and in temporary conditions such as snow.\r\n\r\nGone are the days of needing two different instruments to locate utilities and valve box covers. The combination <strong>VM-585<\/strong>\u00a0will do both in one compact lightweight kit. Expand the range of the\u00a0<strong>VM-585<\/strong>\u00a0to detect the presence of ground to sheath faults on cables by adding the optional VM-510 Stand Alone A-Frame fault locator.\r\n\r\n<\/div>\r\n<\/div>\r\n<div class=\"row\">\r\n<div class=\"col-md-10 col-md-offset-1\">\r\n<div class=\"proview_img\"><img class=\"overflowImage\" src=\"https:\/\/www.vivax-metrotech.com\/wp-content\/uploads\/2018\/08\/VM-585-Overview.png\" \/><\/div>\r\n<div>\r\n<h2 class=\"keyFeatures\">Key Features<\/h2>\r\n<ul>\r\n \t<li>Passive Power locate mode<\/li>\r\n \t<li>Submersible carbon tube<\/li>\r\n \t<li>Pushbutton depth of cover estimation<\/li>\r\n \t<li>Metal Detector with advanced filtering<\/li>\r\n \t<li>One induction and three direct connect frequencies<\/li>\r\n<\/ul>\r\n<\/div>\r\n<\/div>\r\n<\/div>","_et_gb_content_width":""},"product_brand":[],"product_cat":[53,76],"product_tag":[],"class_list":{"0":"post-5230","1":"product","2":"type-product","3":"status-publish","4":"has-post-thumbnail","6":"product_cat-line-locating","7":"product_cat-vivax-metrotech-locators","9":"first","10":"instock","11":"taxable","12":"shipping-taxable","13":"product-type-simple"},"_links":{"self":[{"href":"https:\/\/proline-global.com\/fr\/wp-json\/wp\/v2\/product\/5230","targetHints":{"allow":["GET"]}}],"collection":[{"href":"https:\/\/proline-global.com\/fr\/wp-json\/wp\/v2\/product"}],"about":[{"href":"https:\/\/proline-global.com\/fr\/wp-json\/wp\/v2\/types\/product"}],"wp:featuredmedia":[{"embeddable":true,"href":"https:\/\/proline-global.com\/fr\/wp-json\/wp\/v2\/media\/5231"}],"wp:attachment":[{"href":"https:\/\/proline-global.com\/fr\/wp-json\/wp\/v2\/media?parent=5230"}],"wp:term":[{"taxonomy":"product_brand","embeddable":true,"href":"https:\/\/proline-global.com\/fr\/wp-json\/wp\/v2\/product_brand?post=5230"},{"taxonomy":"product_cat","embeddable":true,"href":"https:\/\/proline-global.com\/fr\/wp-json\/wp\/v2\/product_cat?post=5230"},{"taxonomy":"product_tag","embeddable":true,"href":"https:\/\/proline-global.com\/fr\/wp-json\/wp\/v2\/product_tag?post=5230"}],"curies":[{"name":"wp","href":"https:\/\/api.w.org\/{rel}","templated":true}]}}