{"id":599,"date":"2018-07-20T04:00:03","date_gmt":"2018-07-20T04:00:03","guid":{"rendered":"https:\/\/proline-global.com\/?post_type=product&#038;p=599"},"modified":"2024-11-20T17:58:15","modified_gmt":"2024-11-20T17:58:15","slug":"spacing-tools","status":"publish","type":"product","link":"https:\/\/proline-global.com\/fr\/produit\/spacing-tools\/","title":{"rendered":"Outils d'espacement color\u00e9s"},"content":{"rendered":"<p>[et_pb_section fb_built=&#8221;1&#8243; specialty=&#8221;on&#8221; _builder_version=&#8221;4.26.0&#8243; _module_preset=&#8221;default&#8221; width=&#8221;100%&#8221; inner_width=&#8221;100%&#8221; custom_margin=&#8221;||||false|true&#8221; custom_margin_tablet=&#8221;|0px||0px|false|true&#8221; custom_margin_phone=&#8221;|0px||0px|false|true&#8221; custom_margin_last_edited=&#8221;off|desktop&#8221; custom_padding=&#8221;0px||||false|false&#8221; global_colors_info=&#8221;{}&#8221; custom_margin__hover_enabled=&#8221;off|desktop&#8221;][et_pb_column type=&#8221;1_2&#8243; _builder_version=&#8221;4.16&#8243; custom_padding=&#8221;|||&#8221; global_colors_info=&#8221;{}&#8221; custom_padding__hover=&#8221;|||&#8221;][et_pb_wc_images _builder_version=&#8221;4.26.0&#8243; custom_margin=&#8221;||||true|false&#8221; custom_padding=&#8221;||||false|false&#8221; global_colors_info=&#8221;{}&#8221;][\/et_pb_wc_images][\/et_pb_column][et_pb_column type=&#8221;1_2&#8243; specialty_columns=&#8221;2&#8243; _builder_version=&#8221;4.16&#8243; custom_padding=&#8221;|||&#8221; global_colors_info=&#8221;{}&#8221; custom_padding__hover=&#8221;|||&#8221;][et_pb_row_inner _builder_version=&#8221;4.26.0&#8243; _module_preset=&#8221;default&#8221; global_colors_info=&#8221;{}&#8221;][et_pb_column_inner saved_specialty_column_type=&#8221;1_2&#8243; _builder_version=&#8221;4.26.0&#8243; _module_preset=&#8221;default&#8221; global_colors_info=&#8221;{}&#8221;][et_pb_wc_title _builder_version=&#8221;4.26.0&#8243; _module_preset=&#8221;default&#8221; global_colors_info=&#8221;{}&#8221;][\/et_pb_wc_title][et_pb_tabs _builder_version=&#8221;4.26.0&#8243; _module_preset=&#8221;default&#8221; tab_font_size=&#8221;15px&#8221; global_colors_info=&#8221;{}&#8221;][et_pb_tab title=&#8221;Product Overview&#8221; _builder_version=&#8221;4.26.0&#8243; _module_preset=&#8221;default&#8221; global_colors_info=&#8221;{}&#8221;]<\/p>\n<p><span>Spacing Tool\u00a0options create a precise weld gap when fitting pipe, spreading the gap to the exact desired width and accommodating a range of small to large diameter pipe. The Spacing Tool\u00a0works in conjunction with a wide range of clamps, pipe welding tools, and other\u00a0Proline tools to optimize any pipe fit up requirement. To create a precise welding gap, mount and tighten a KC or General clamp to the ends of aligned pipe, spread the gap using the spacing tools\u00a0to the desired width.<\/span><\/p>\n<ul>\n<li>Tapers to a chiseled point<\/li>\n<li>Quickly obtain exact weld gap<\/li>\n<li>Special process hardened steel (will not bend or mushroom)<\/li>\n<li>Hard-wearing and precision machined<\/li>\n<\/ul>\n<p><strong>Available in Two Sizes<\/strong><\/p>\n<ul>\n<li>Large Spacing Tool: 1.5&#8243; W X 8&#8243; L X 3\/8&#8243; Thick<\/li>\n<li>Small Spacing Tool: 3\/4&#8243; W X 8&#8243; L X 1\/4&#8243; Thick<\/li>\n<\/ul>\n<p>[\/et_pb_tab][\/et_pb_tabs][\/et_pb_column_inner][\/et_pb_row_inner][\/et_pb_column][\/et_pb_section][et_pb_section fb_built=&#8221;1&#8243; _builder_version=&#8221;4.26.0&#8243; _module_preset=&#8221;default&#8221; max_height=&#8221;350px&#8221; custom_padding=&#8221;0px||0px||true|false&#8221; global_colors_info=&#8221;{}&#8221;][et_pb_row _builder_version=&#8221;4.26.0&#8243; _module_preset=&#8221;default&#8221; height=&#8221;350px&#8221; max_height=&#8221;350px&#8221; global_colors_info=&#8221;{}&#8221;][et_pb_column type=&#8221;4_4&#8243; _builder_version=&#8221;4.26.0&#8243; _module_preset=&#8221;default&#8221; global_colors_info=&#8221;{}&#8221;][et_pb_wc_related_products orderby=&#8221;menu_order&#8221; _builder_version=&#8221;4.26.0&#8243; _module_preset=&#8221;default&#8221; global_colors_info=&#8221;{}&#8221;][\/et_pb_wc_related_products][\/et_pb_column][\/et_pb_row][\/et_pb_section]<\/p>\n","protected":false},"excerpt":{"rendered":"<p>Les options de l'outil d'espacement cr\u00e9ent un espace de soudure pr\u00e9cis lors de l'ajustement des tuyaux, en \u00e9talant l'espace \u00e0 la largeur exacte souhait\u00e9e et en s'adaptant \u00e0 une gamme de tuyaux de petit \u00e0 grand diam\u00e8tre. L'outil d'\u00e9cartement fonctionne avec une large gamme de colliers, d'outils de soudage de tuyaux et d'autres outils Proline afin d'optimiser toute exigence d'ajustement de tuyaux. Pour cr\u00e9er un espace de soudure pr\u00e9cis, monter et serrer un collier KC ou un collier g\u00e9n\u00e9ral aux extr\u00e9mit\u00e9s du tuyau align\u00e9, \u00e9carter l'espace \u00e0 l'aide des outils d'\u00e9cartement jusqu'\u00e0 la largeur souhait\u00e9e.<\/p>\n<p>LARGE: <strong>P\/N: SPACINGTOOLLGGO<\/strong><\/p>\n<p>SMALL: <strong>P\/N: SPACINGTOOLSMGO<\/strong><\/p>","protected":false},"featured_media":600,"template":"","meta":{"_et_pb_use_builder":"on","_et_pb_old_content":"<strong>Coloured Spacing Tools:<\/strong>\r\n\r\nLarge: 1.5\"W X 8\"L X 3\/8\"TH\r\n\r\nSmall: 1\"W X 8\"L X 1\/4\"TH","_et_gb_content_width":""},"product_brand":[],"product_cat":[46,55,82],"product_tag":[],"class_list":{"0":"post-599","1":"product","2":"type-product","3":"status-publish","4":"has-post-thumbnail","6":"product_cat-products","7":"product_cat-welding-supplies","8":"product_cat-welding-tools","10":"first","11":"instock","12":"taxable","13":"shipping-taxable","14":"product-type-simple"},"_links":{"self":[{"href":"https:\/\/proline-global.com\/fr\/wp-json\/wp\/v2\/product\/599","targetHints":{"allow":["GET"]}}],"collection":[{"href":"https:\/\/proline-global.com\/fr\/wp-json\/wp\/v2\/product"}],"about":[{"href":"https:\/\/proline-global.com\/fr\/wp-json\/wp\/v2\/types\/product"}],"wp:featuredmedia":[{"embeddable":true,"href":"https:\/\/proline-global.com\/fr\/wp-json\/wp\/v2\/media\/600"}],"wp:attachment":[{"href":"https:\/\/proline-global.com\/fr\/wp-json\/wp\/v2\/media?parent=599"}],"wp:term":[{"taxonomy":"product_brand","embeddable":true,"href":"https:\/\/proline-global.com\/fr\/wp-json\/wp\/v2\/product_brand?post=599"},{"taxonomy":"product_cat","embeddable":true,"href":"https:\/\/proline-global.com\/fr\/wp-json\/wp\/v2\/product_cat?post=599"},{"taxonomy":"product_tag","embeddable":true,"href":"https:\/\/proline-global.com\/fr\/wp-json\/wp\/v2\/product_tag?post=599"}],"curies":[{"name":"wp","href":"https:\/\/api.w.org\/{rel}","templated":true}]}}