{"id":6224,"date":"2022-01-17T17:17:23","date_gmt":"2022-01-17T17:17:23","guid":{"rendered":"https:\/\/proline-global.com\/?post_type=product&#038;p=6224"},"modified":"2025-05-30T11:10:56","modified_gmt":"2025-05-30T17:10:56","slug":"stopaq-paste","status":"publish","type":"product","link":"https:\/\/proline-global.com\/fr\/produit\/stopaq-paste\/","title":{"rendered":"P\u00e2te STOPAQ"},"content":{"rendered":"<p>[et_pb_section fb_built=&#8221;1&#8243; specialty=&#8221;on&#8221; _builder_version=&#8221;4.26.0&#8243; _module_preset=&#8221;default&#8221; width=&#8221;100%&#8221; inner_width=&#8221;100%&#8221; custom_margin=&#8221;||||false|true&#8221; custom_margin_tablet=&#8221;|0px||0px|false|true&#8221; custom_margin_phone=&#8221;|0px||0px|false|true&#8221; custom_margin_last_edited=&#8221;off|desktop&#8221; custom_padding=&#8221;0px||0px||false|false&#8221; global_colors_info=&#8221;{}&#8221; custom_margin__hover_enabled=&#8221;off|desktop&#8221;][et_pb_column type=&#8221;1_2&#8243; _builder_version=&#8221;4.16&#8243; custom_padding=&#8221;|||&#8221; global_colors_info=&#8221;{}&#8221; custom_padding__hover=&#8221;|||&#8221;][et_pb_wc_images _builder_version=&#8221;4.26.0&#8243; custom_margin=&#8221;||||true|false&#8221; custom_padding=&#8221;||||false|false&#8221; global_colors_info=&#8221;{}&#8221;][\/et_pb_wc_images][\/et_pb_column][et_pb_column type=&#8221;1_2&#8243; specialty_columns=&#8221;2&#8243; _builder_version=&#8221;4.16&#8243; custom_padding=&#8221;|||&#8221; global_colors_info=&#8221;{}&#8221; custom_padding__hover=&#8221;|||&#8221;][et_pb_row_inner _builder_version=&#8221;4.26.0&#8243; _module_preset=&#8221;default&#8221; global_colors_info=&#8221;{}&#8221;][et_pb_column_inner saved_specialty_column_type=&#8221;1_2&#8243; _builder_version=&#8221;4.26.0&#8243; _module_preset=&#8221;default&#8221; global_colors_info=&#8221;{}&#8221;][et_pb_wc_title _builder_version=&#8221;4.26.0&#8243; _module_preset=&#8221;default&#8221; global_colors_info=&#8221;{}&#8221;][\/et_pb_wc_title][et_pb_tabs _builder_version=&#8221;4.26.0&#8243; _module_preset=&#8221;default&#8221; tab_font_size=&#8221;15px&#8221; global_colors_info=&#8221;{}&#8221;][et_pb_tab title=&#8221;Product Overview&#8221; _builder_version=&#8221;4.26.0&#8243; _module_preset=&#8221;default&#8221; global_colors_info=&#8221;{}&#8221;]<\/p>\n<p><span>STOPAQ\u00ae Paste is a mouldable corrosion preventing compound that is especially designed for low temperature applications. It is used for filling of voids and leveling of irregular surfaces prior to application of STOPAQ\u00ae coating materials, and adheres extremely well to steel and factory applied pipeline coatings like PE, PP and FBE.<\/span><\/p>\n<p><span>Stopaq\u00ae Paste is a non-toxic, cold-applied compound, based on noncrystalline, low-viscosity, non-crosslinked (fully amorphous), pure homopolymer Polyisobutene. Stopaq\u00ae Paste is viscous at the indicated operating temperatures. Due to its liquid nature it has a set of unique properties, like cold-flow into all irregularities of the substrate. The compound does not cure and is unable to build up internal stress. Stopaq\u00ae Paste is fully resistant to water, salt spray and UV-radiation, and has a low gas- and water vapour permeability. <\/span><\/p>\n<p><span>Stopaq\u00ae Paste requires application of additional flexible mechanical protective layers like Stopaq\u00ae Outerwrap. This improves impact and indentation resistance of the coating system and supports self-healing ability of small damages like dents and cuts in the complete coating. Optionally an additional mechanical protective layer can be applied on top like Stopaq\u00ae Polyester, or Stopaq\u00ae Outerglass Shield XT Grey.<\/span><\/p>\n<p>[\/et_pb_tab][et_pb_tab title=&#8221;Features&#8221; _builder_version=&#8221;4.26.0&#8243; _module_preset=&#8221;default&#8221; global_colors_info=&#8221;{}&#8221;]<\/p>\n<ul>\n<li>Controlled cold flow providing inflow into the finest pores of the substrate.<\/li>\n<li>Resistance to low temperatures without getting brittle.<\/li>\n<li>Conforms to irregular shapes.<\/li>\n<li>Low surface tension; adheres on many dry substrates at a molecular level.<\/li>\n<li>Surface tolerant: no blasting techniques required, wire brushing is sufficient. (ISO 8501-1: St 2)<\/li>\n<li>Adhesion based on vanderWaals forces.<\/li>\n<li>Inert to ageing and weathering.<\/li>\n<li>Resistant to many chemicals like water, salts, acids, alkalis, polar solvents, etc.<\/li>\n<\/ul>\n<p>[\/et_pb_tab][et_pb_tab title=&#8221;Benefits&#8221; _builder_version=&#8221;4.26.0&#8243; _module_preset=&#8221;default&#8221; global_colors_info=&#8221;{}&#8221;]<\/p>\n<ul>\n<li>Safe to use. No physical, health or environmental hazards.<\/li>\n<li>Fast and easy to apply at low temperatures.<\/li>\n<li>Can be moulded onto various types of irregular shaped objects.<\/li>\n<li>No osmosis or underfilm migration of moisture.<\/li>\n<li>Cathodic Protection (CP) of steel structures is not affected.<\/li>\n<\/ul>\n<p>[\/et_pb_tab][\/et_pb_tabs][\/et_pb_column_inner][\/et_pb_row_inner][\/et_pb_column][\/et_pb_section][et_pb_section fb_built=&#8221;1&#8243; _builder_version=&#8221;4.26.0&#8243; _module_preset=&#8221;default&#8221; max_height=&#8221;350px&#8221; custom_padding=&#8221;0px||0px||true|false&#8221; global_colors_info=&#8221;{}&#8221;][et_pb_row _builder_version=&#8221;4.26.0&#8243; _module_preset=&#8221;default&#8221; custom_padding=&#8221;0px||0px||false|false&#8221; global_colors_info=&#8221;{}&#8221;][et_pb_column type=&#8221;4_4&#8243; _builder_version=&#8221;4.26.0&#8243; _module_preset=&#8221;default&#8221; global_colors_info=&#8221;{}&#8221;][et_pb_heading title=&#8221;Product Data Sheets&#8221; _builder_version=&#8221;4.26.0&#8243; _module_preset=&#8221;default&#8221; title_level=&#8221;h3&#8243; custom_padding=&#8221;0px||0px||false|false&#8221; global_colors_info=&#8221;{}&#8221;][\/et_pb_heading][\/et_pb_column][\/et_pb_row][et_pb_row column_structure=&#8221;1_3,1_3,1_3&#8243; _builder_version=&#8221;4.26.0&#8243; _module_preset=&#8221;default&#8221; global_colors_info=&#8221;{}&#8221;][et_pb_column type=&#8221;1_3&#8243; _builder_version=&#8221;4.26.0&#8243; _module_preset=&#8221;default&#8221; global_colors_info=&#8221;{}&#8221;][et_pb_button button_url=&#8221;https:\/\/proline-global.com\/wp-content\/uploads\/2025\/04\/PDS-Stopaq-Paste-CZ-V6-EN-1.pdf&#8221; url_new_window=&#8221;on&#8221; button_text=&#8221;STOPAQ Paste CZ &#8221; button_alignment=&#8221;center&#8221; _builder_version=&#8221;4.26.0&#8243; _module_preset=&#8221;default&#8221; custom_button=&#8221;on&#8221; button_bg_use_color_gradient=&#8221;on&#8221; button_bg_color_gradient_stops=&#8221;#ffbd00 0%|#e09900 100%&#8221; button_border_radius=&#8221;10px&#8221; global_colors_info=&#8221;{}&#8221;][\/et_pb_button][\/et_pb_column][et_pb_column type=&#8221;1_3&#8243; _builder_version=&#8221;4.26.0&#8243; _module_preset=&#8221;default&#8221; global_colors_info=&#8221;{}&#8221;][et_pb_button button_url=&#8221;https:\/\/proline-global.com\/wp-content\/uploads\/2025\/04\/PDS-Stopaq-Paste-CZH-V6-EN.pdf&#8221; url_new_window=&#8221;on&#8221; button_text=&#8221;STOPAQ Paste CZH&#8221; button_alignment=&#8221;center&#8221; _builder_version=&#8221;4.26.0&#8243; _module_preset=&#8221;default&#8221; custom_button=&#8221;on&#8221; button_bg_use_color_gradient=&#8221;on&#8221; button_bg_color_gradient_stops=&#8221;#ffbd00 0%|#e09900 100%&#8221; button_border_radius=&#8221;10px&#8221; global_colors_info=&#8221;{}&#8221;][\/et_pb_button][\/et_pb_column][et_pb_column type=&#8221;1_3&#8243; _builder_version=&#8221;4.26.0&#8243; _module_preset=&#8221;default&#8221; global_colors_info=&#8221;{}&#8221;][et_pb_button button_url=&#8221;https:\/\/proline-global.com\/wp-content\/uploads\/2025\/04\/PDS-Stopaq-Paste-CZHT-V5-EN.pdf&#8221; url_new_window=&#8221;on&#8221; button_text=&#8221;STOPAQ Paste CZHT &#8221; button_alignment=&#8221;center&#8221; _builder_version=&#8221;4.26.0&#8243; _module_preset=&#8221;default&#8221; custom_button=&#8221;on&#8221; button_bg_use_color_gradient=&#8221;on&#8221; button_bg_color_gradient_stops=&#8221;#ffbd00 0%|#e09900 100%&#8221; button_border_radius=&#8221;10px&#8221; global_colors_info=&#8221;{}&#8221;][\/et_pb_button][\/et_pb_column][\/et_pb_row][et_pb_row _builder_version=&#8221;4.26.0&#8243; _module_preset=&#8221;default&#8221;][et_pb_column _builder_version=&#8221;4.26.0&#8243; _module_preset=&#8221;default&#8221; type=&#8221;4_4&#8243;][et_pb_button button_url=&#8221;https:\/\/proline-global.com\/wp-content\/uploads\/2025\/05\/STOPAQ-Storage-Handling.pdf&#8221; url_new_window=&#8221;on&#8221; button_text=&#8221;Storage &#038; Handling&#8221; button_alignment=&#8221;center&#8221; _builder_version=&#8221;4.26.0&#8243; _module_preset=&#8221;default&#8221; custom_button=&#8221;on&#8221; button_bg_use_color_gradient=&#8221;on&#8221; button_bg_color_gradient_stops=&#8221;#ffbd00 0%|#e09900 100%&#8221; button_border_radius=&#8221;10px&#8221; hover_enabled=&#8221;0&#8243; global_colors_info=&#8221;{}&#8221; sticky_enabled=&#8221;0&#8243;][\/et_pb_button][\/et_pb_column][\/et_pb_row][et_pb_row _builder_version=&#8221;4.26.0&#8243; _module_preset=&#8221;default&#8221; height=&#8221;350px&#8221; max_height=&#8221;350px&#8221; global_colors_info=&#8221;{}&#8221;][et_pb_column type=&#8221;4_4&#8243; _builder_version=&#8221;4.26.0&#8243; _module_preset=&#8221;default&#8221; global_colors_info=&#8221;{}&#8221;][et_pb_wc_related_products orderby=&#8221;menu_order&#8221; _builder_version=&#8221;4.26.0&#8243; _module_preset=&#8221;default&#8221; global_colors_info=&#8221;{}&#8221;][\/et_pb_wc_related_products][\/et_pb_column][\/et_pb_row][\/et_pb_section]<\/p>\n","protected":false},"excerpt":{"rendered":"<p>STOPAQ\u00ae Paste est un compos\u00e9 anticorrosion moulable sp\u00e9cialement con\u00e7u pour les applications \u00e0 basse temp\u00e9rature. Elle est utilis\u00e9e pour remplir les vides et niveler les surfaces irr\u00e9guli\u00e8res avant l'application des mat\u00e9riaux de rev\u00eatement STOPAQ\u00ae, et adh\u00e8re extr\u00eamement bien \u00e0 l'acier et aux rev\u00eatements de canalisation appliqu\u00e9s en usine comme le PE, le PP et le FBE.<\/p>","protected":false},"featured_media":6227,"template":"","meta":{"_et_pb_use_builder":"on","_et_pb_old_content":"STOPAQ\u00ae Paste is a mouldable corrosion preventing compound that is especially designed for low temperature applications. It is used for filling of voids and leveling of irregular surfaces prior to application of STOPAQ\u00ae coating materials, and adheres extremely well to steel and factory applied pipeline coatings like PE, PP and FBE.\r\n\r\nStopaq\u00ae Paste is a non-toxic, cold-applied compound, based on noncrystalline, low-viscosity, non-crosslinked (fully amorphous), pure homopolymer Polyisobutene. Stopaq\u00ae Paste is viscous at the indicated operating temperatures. Due to its liquid nature it has a set of unique properties, like cold-flow into all irregularities of the substrate. The compound does not cure and is unable to build up internal stress. Stopaq\u00ae Paste is fully resistant to water, salt spray and UV-radiation, and has a low gas- and water vapour permeability.\r\n\r\nStopaq\u00ae Paste requires application of additional flexible mechanical protective layers like Stopaq\u00ae Outerwrap. This improves impact and indentation resistance of the coating system and supports self-healing ability of small damages like dents and cuts in the complete coating. Optionally an additional mechanical protective layer can be applied on top like Stopaq\u00ae Polyester, or Stopaq\u00ae Outerglass Shield XT Grey.","_et_gb_content_width":""},"product_brand":[],"product_cat":[59,94],"product_tag":[],"class_list":{"0":"post-6224","1":"product","2":"type-product","3":"status-publish","4":"has-post-thumbnail","6":"product_cat-coating-products","7":"product_cat-tape-primer-paste-mastic","9":"first","10":"instock","11":"taxable","12":"shipping-taxable","13":"product-type-simple"},"_links":{"self":[{"href":"https:\/\/proline-global.com\/fr\/wp-json\/wp\/v2\/product\/6224","targetHints":{"allow":["GET"]}}],"collection":[{"href":"https:\/\/proline-global.com\/fr\/wp-json\/wp\/v2\/product"}],"about":[{"href":"https:\/\/proline-global.com\/fr\/wp-json\/wp\/v2\/types\/product"}],"wp:featuredmedia":[{"embeddable":true,"href":"https:\/\/proline-global.com\/fr\/wp-json\/wp\/v2\/media\/6227"}],"wp:attachment":[{"href":"https:\/\/proline-global.com\/fr\/wp-json\/wp\/v2\/media?parent=6224"}],"wp:term":[{"taxonomy":"product_brand","embeddable":true,"href":"https:\/\/proline-global.com\/fr\/wp-json\/wp\/v2\/product_brand?post=6224"},{"taxonomy":"product_cat","embeddable":true,"href":"https:\/\/proline-global.com\/fr\/wp-json\/wp\/v2\/product_cat?post=6224"},{"taxonomy":"product_tag","embeddable":true,"href":"https:\/\/proline-global.com\/fr\/wp-json\/wp\/v2\/product_tag?post=6224"}],"curies":[{"name":"wp","href":"https:\/\/api.w.org\/{rel}","templated":true}]}}