{"id":630,"date":"2018-07-20T06:52:16","date_gmt":"2018-07-20T06:52:16","guid":{"rendered":"https:\/\/proline-global.com\/?post_type=product&#038;p=630"},"modified":"2025-01-27T20:34:12","modified_gmt":"2025-01-27T20:34:12","slug":"sawhorse-stands-sh236","status":"publish","type":"product","link":"https:\/\/proline-global.com\/fr\/produit\/sawhorse-stands-sh236\/","title":{"rendered":"Chevalet de sciage SH236C"},"content":{"rendered":"<p>[et_pb_section fb_built=&#8221;1&#8243; specialty=&#8221;on&#8221; _builder_version=&#8221;4.26.0&#8243; _module_preset=&#8221;default&#8221; width=&#8221;100%&#8221; inner_width=&#8221;100%&#8221; custom_margin=&#8221;||||false|true&#8221; custom_margin_tablet=&#8221;|0px||0px|false|true&#8221; custom_margin_phone=&#8221;|0px||0px|false|true&#8221; custom_margin_last_edited=&#8221;off|desktop&#8221; custom_padding=&#8221;0px||||false|false&#8221; global_colors_info=&#8221;{}&#8221; custom_margin__hover_enabled=&#8221;off|desktop&#8221;][et_pb_column type=&#8221;1_2&#8243; _builder_version=&#8221;4.16&#8243; custom_padding=&#8221;|||&#8221; global_colors_info=&#8221;{}&#8221; custom_padding__hover=&#8221;|||&#8221;][et_pb_wc_images _builder_version=&#8221;4.26.0&#8243; custom_margin=&#8221;||||true|false&#8221; custom_padding=&#8221;||||false|false&#8221; global_colors_info=&#8221;{}&#8221;][\/et_pb_wc_images][\/et_pb_column][et_pb_column type=&#8221;1_2&#8243; specialty_columns=&#8221;2&#8243; _builder_version=&#8221;4.16&#8243; custom_padding=&#8221;|||&#8221; global_colors_info=&#8221;{}&#8221; custom_padding__hover=&#8221;|||&#8221;][et_pb_row_inner _builder_version=&#8221;4.26.0&#8243; _module_preset=&#8221;default&#8221; global_colors_info=&#8221;{}&#8221;][et_pb_column_inner saved_specialty_column_type=&#8221;1_2&#8243; _builder_version=&#8221;4.26.0&#8243; _module_preset=&#8221;default&#8221; global_colors_info=&#8221;{}&#8221;][et_pb_wc_title _builder_version=&#8221;4.26.0&#8243; _module_preset=&#8221;default&#8221; global_colors_info=&#8221;{}&#8221;][\/et_pb_wc_title][et_pb_tabs _builder_version=&#8221;4.26.0&#8243; _module_preset=&#8221;default&#8221; tab_font_size=&#8221;15px&#8221; global_colors_info=&#8221;{}&#8221;][et_pb_tab title=&#8221;Product Overview&#8221; _builder_version=&#8221;4.26.0&#8243; _module_preset=&#8221;default&#8221; global_colors_info=&#8221;{}&#8221;]<\/p>\n<p>The Sawhorse Stand is a durable, high-capacity tool designed for use with the PR236 36\u201d pipe roller. With a working load of 6,000 lbs and an adjustable height range of 31\u201d to 46\u201d (787-1168 mm), it provides reliable support for heavy-duty tasks. Positive load-locking pins ensure secure operation and must be engaged at all times, while the center adjustment allows for easy placement of the pins when not under load. Built for safety and efficiency, the Sawhorse Stand is ideal for managing heavy pipes with confidence and precision.<\/p>\n<p>[\/et_pb_tab][et_pb_tab title=&#8221;Specifications&#8221; _builder_version=&#8221;4.26.0&#8243; _module_preset=&#8221;default&#8221; global_colors_info=&#8221;{}&#8221;]<\/p>\n<table width=\"448\" border=\"1 px\" style=\"width: 448px; margin-left: auto; margin-right: auto;\">\n<tbody>\n<tr>\n<td width=\"64\">SPECS<\/td>\n<td colspan=\"3\" width=\"192\">IMPERIAL<\/td>\n<td colspan=\"3\" width=\"192\">METRIC<\/td>\n<\/tr>\n<tr>\n<td width=\"64\" data-title=\"SPECS\">Working Load<\/td>\n<td colspan=\"3\" width=\"192\" data-title=\"IMPERIAL\">6000 LB<\/td>\n<td colspan=\"3\" width=\"192\" data-title=\"METRIC\">2722 KG<\/td>\n<\/tr>\n<tr>\n<td width=\"64\" data-title=\"SPECS\">Weight<\/td>\n<td colspan=\"3\" width=\"192\" data-title=\"IMPERIAL\">104 LB<\/td>\n<td colspan=\"3\" width=\"192\" data-title=\"METRIC\">47.00 KG<\/td>\n<\/tr>\n<tr>\n<td width=\"64\" data-title=\"SPECS\">Shipping weight<\/td>\n<td colspan=\"3\" width=\"192\" data-title=\"IMPERIAL\">110.00 LB<\/td>\n<td colspan=\"3\" width=\"192\" data-title=\"METRIC\">50.00 KG<\/td>\n<\/tr>\n<tr>\n<td rowspan=\"3\" width=\"64\" data-title=\"SPECS\">Shipping Size<\/td>\n<td colspan=\"3\" width=\"192\" data-title=\"IMPERIAL\">5.30 CBF<\/td>\n<td colspan=\"3\" width=\"192\" data-title=\"METRIC\">0.15 CBM<\/td>\n<\/tr>\n<tr>\n<td width=\"64\">W<\/td>\n<td width=\"64\">L<\/td>\n<td width=\"64\">H<\/td>\n<td width=\"64\">W<\/td>\n<td width=\"64\">L<\/td>\n<td width=\"64\">H<\/td>\n<\/tr>\n<tr>\n<td width=\"64\">15\u201d<\/td>\n<td width=\"64\">39\u201d<\/td>\n<td width=\"64\">16\u201d<\/td>\n<td width=\"64\">370 mm<\/td>\n<td width=\"64\">1000 mm<\/td>\n<td width=\"64\">400 mm<\/td>\n<\/tr>\n<tr>\n<td rowspan=\"2\" width=\"64\" data-title=\"SPECS\">Sawhorse size<\/td>\n<td colspan=\"3\" width=\"192\" data-title=\"IMPERIAL\">16.60 CBF<\/td>\n<td colspan=\"3\" width=\"192\" data-title=\"METRIC\">0.47 CBM<\/td>\n<\/tr>\n<tr>\n<td width=\"64\">32\u201d<\/td>\n<td width=\"64\">38\u201d<\/td>\n<td width=\"64\">23\u201d<\/td>\n<td width=\"64\">802 mm<\/td>\n<td width=\"64\">970 mm<\/td>\n<td width=\"64\">590 mm<\/td>\n<\/tr>\n<\/tbody>\n<\/table>\n<p>[\/et_pb_tab][\/et_pb_tabs][\/et_pb_column_inner][\/et_pb_row_inner][\/et_pb_column][\/et_pb_section][et_pb_section fb_built=&#8221;1&#8243; _builder_version=&#8221;4.26.0&#8243; _module_preset=&#8221;default&#8221; max_height=&#8221;350px&#8221; custom_padding=&#8221;0px||0px||true|false&#8221; global_colors_info=&#8221;{}&#8221;][et_pb_row _builder_version=&#8221;4.26.0&#8243; _module_preset=&#8221;default&#8221; height=&#8221;350px&#8221; max_height=&#8221;350px&#8221; global_colors_info=&#8221;{}&#8221;][et_pb_column type=&#8221;4_4&#8243; _builder_version=&#8221;4.26.0&#8243; _module_preset=&#8221;default&#8221; global_colors_info=&#8221;{}&#8221;][et_pb_wc_related_products posts_number=&#8221;3&#8243; columns_number=&#8221;3&#8243; orderby=&#8221;menu_order&#8221; _builder_version=&#8221;4.26.0&#8243; _module_preset=&#8221;default&#8221; global_colors_info=&#8221;{}&#8221;][\/et_pb_wc_related_products][\/et_pb_column][\/et_pb_row][\/et_pb_section]<\/p>\n","protected":false},"excerpt":{"rendered":"<p>Le support pour chevalet de scie est un outil durable et de grande capacit\u00e9 con\u00e7u pour \u00eatre utilis\u00e9 avec le rouleau \u00e0 tubes PR236 de 36\". Avec une charge de travail de 6 000 livres et une plage de hauteur r\u00e9glable de 31\" \u00e0 46\" (787-1168 mm), il fournit un support fiable pour les t\u00e2ches lourdes. Les goupilles de verrouillage positif de la charge garantissent un fonctionnement s\u00fbr et doivent \u00eatre engag\u00e9es \u00e0 tout moment, tandis que le r\u00e9glage central permet de placer facilement les goupilles lorsqu'il n'y a pas de charge. Construit pour la s\u00e9curit\u00e9 et l'efficacit\u00e9, le support pour chevalet de sciage est id\u00e9al pour g\u00e9rer des tuyaux lourds avec confiance et pr\u00e9cision.<\/p>","protected":false},"featured_media":11052,"template":"","meta":{"_et_pb_use_builder":"on","_et_pb_old_content":"The Sawhorse Stand is a durable, high-capacity tool designed for use with the PR236 36\u201d pipe roller. With a working load of 6,000 lbs and an adjustable height range of 31\u201d to 46\u201d (787-1168 mm), it provides reliable support for heavy-duty tasks. Positive load-locking pins ensure secure operation and must be engaged at all times, while the center adjustment allows for easy placement of the pins when not under load. Built for safety and efficiency, the Sawhorse Stand is ideal for managing heavy pipes with confidence and precision.","_et_gb_content_width":""},"product_brand":[],"product_cat":[46,55,83],"product_tag":[],"class_list":{"0":"post-630","1":"product","2":"type-product","3":"status-publish","4":"has-post-thumbnail","6":"product_cat-products","7":"product_cat-welding-supplies","8":"product_cat-metal-pipe-supports","10":"first","11":"instock","12":"taxable","13":"shipping-taxable","14":"product-type-simple"},"_links":{"self":[{"href":"https:\/\/proline-global.com\/fr\/wp-json\/wp\/v2\/product\/630","targetHints":{"allow":["GET"]}}],"collection":[{"href":"https:\/\/proline-global.com\/fr\/wp-json\/wp\/v2\/product"}],"about":[{"href":"https:\/\/proline-global.com\/fr\/wp-json\/wp\/v2\/types\/product"}],"wp:featuredmedia":[{"embeddable":true,"href":"https:\/\/proline-global.com\/fr\/wp-json\/wp\/v2\/media\/11052"}],"wp:attachment":[{"href":"https:\/\/proline-global.com\/fr\/wp-json\/wp\/v2\/media?parent=630"}],"wp:term":[{"taxonomy":"product_brand","embeddable":true,"href":"https:\/\/proline-global.com\/fr\/wp-json\/wp\/v2\/product_brand?post=630"},{"taxonomy":"product_cat","embeddable":true,"href":"https:\/\/proline-global.com\/fr\/wp-json\/wp\/v2\/product_cat?post=630"},{"taxonomy":"product_tag","embeddable":true,"href":"https:\/\/proline-global.com\/fr\/wp-json\/wp\/v2\/product_tag?post=630"}],"curies":[{"name":"wp","href":"https:\/\/api.w.org\/{rel}","templated":true}]}}