{"id":634,"date":"2018-07-20T07:01:01","date_gmt":"2018-07-20T07:01:01","guid":{"rendered":"https:\/\/proline-global.com\/?post_type=product&#038;p=634"},"modified":"2025-11-19T09:18:03","modified_gmt":"2025-11-19T16:18:03","slug":"multi-directional-rollers","status":"publish","type":"product","link":"https:\/\/proline-global.com\/fr\/produit\/multi-directional-rollers\/","title":{"rendered":"Rouleaux multidirectionnels pour tuyaux mont\u00e9s sur poutre"},"content":{"rendered":"<p>[et_pb_section fb_built=&#8221;1&#8243; specialty=&#8221;on&#8221; _builder_version=&#8221;4.26.0&#8243; _module_preset=&#8221;default&#8221; width=&#8221;100%&#8221; inner_width=&#8221;100%&#8221; custom_margin=&#8221;||||false|true&#8221; custom_margin_tablet=&#8221;|0px||0px|false|true&#8221; custom_margin_phone=&#8221;|0px||0px|false|true&#8221; custom_margin_last_edited=&#8221;off|desktop&#8221; custom_padding=&#8221;0px||||false|false&#8221; global_colors_info=&#8221;{}&#8221; custom_margin__hover_enabled=&#8221;off|desktop&#8221;][et_pb_column type=&#8221;1_2&#8243; _builder_version=&#8221;4.16&#8243; custom_padding=&#8221;|||&#8221; global_colors_info=&#8221;{}&#8221; custom_padding__hover=&#8221;|||&#8221;][et_pb_wc_images _builder_version=&#8221;4.26.0&#8243; custom_margin=&#8221;||||true|false&#8221; custom_padding=&#8221;||||false|false&#8221; global_colors_info=&#8221;{}&#8221;][\/et_pb_wc_images][\/et_pb_column][et_pb_column type=&#8221;1_2&#8243; specialty_columns=&#8221;2&#8243; _builder_version=&#8221;4.16&#8243; custom_padding=&#8221;|||&#8221; global_colors_info=&#8221;{}&#8221; custom_padding__hover=&#8221;|||&#8221;][et_pb_row_inner _builder_version=&#8221;4.26.0&#8243; _module_preset=&#8221;default&#8221; global_colors_info=&#8221;{}&#8221;][et_pb_column_inner saved_specialty_column_type=&#8221;1_2&#8243; _builder_version=&#8221;4.26.0&#8243; _module_preset=&#8221;default&#8221; global_colors_info=&#8221;{}&#8221;][et_pb_wc_title _builder_version=&#8221;4.26.0&#8243; _module_preset=&#8221;default&#8221; global_colors_info=&#8221;{}&#8221;][\/et_pb_wc_title][et_pb_tabs _builder_version=&#8221;4.26.0&#8243; _module_preset=&#8221;default&#8221; tab_font_size=&#8221;15px&#8221; global_colors_info=&#8221;{}&#8221;][et_pb_tab title=&#8221;Product Overview&#8221; _builder_version=&#8221;4.26.0&#8243; _module_preset=&#8221;default&#8221; global_colors_info=&#8221;{}&#8221;]<\/p>\n<p>The Multi-Directional Beam Mount Pipe Roller is a versatile and robust solution for efficiently handling pipes during fabrication and installation. Engineered for ease of use and superior functionality, this roller is designed to clamp securely to any suitable support structure, allowing for seamless movement of pipes in all directions. Its innovative design makes it an essential tool for projects involving high-line racks or module installations, streamlining pipe positioning and reducing downtime.<\/p>\n<p>With a working load capacity of 2,400 lbs (1,081 kg) and a diameter range of 2\u201d to 24\u201d, this roller accommodates a wide variety of pipe sizes. Improved carry handles make it easy to transport and position, while the beam clamp supports flange sizes ranging from 6\u201d to 12\u201d and widths up to 1\u201d thick. Weighing just 69 lbs (31 kg) and measuring 27.5\u201d in length, 16.5\u201d in width, and 6.25\u201d in height, the roller combines portability with durability. Whether you\u2019re rolling, positioning, or aligning pipe, this tool delivers reliable performance, making pipe handling simpler and more efficient.<\/p>\n<p>[\/et_pb_tab][et_pb_tab title=&#8221;Specifications&#8221; _builder_version=&#8221;4.26.0&#8243; _module_preset=&#8221;default&#8221; global_colors_info=&#8221;{}&#8221;]<\/p>\n<table class=\"col-md-12 table-bordered table-striped table-condensed cf\" border=\"1 px\" style=\"margin-left: auto; margin-right: auto;\">\n<thead class=\"cf\">\n<tr>\n<th class=\"text-center\">SPECS<\/th>\n<th class=\"text-center\">IMPERIAL<\/th>\n<th class=\"text-center\">METRIC<\/th>\n<\/tr>\n<\/thead>\n<tbody>\n<tr>\n<td data-title=\"SPECS\">Working Load<\/td>\n<td class=\"text-center\" data-title=\"IMPERIAL\">2400 LB<\/td>\n<td class=\"text-center\" data-title=\"METRIC\">1089 KG<\/td>\n<\/tr>\n<tr>\n<td data-title=\"SPECS\">Pipe Size range<\/td>\n<td class=\"text-center\" data-title=\"IMPERIAL\">2&#8243;-24&#8243;<\/td>\n<td class=\"text-center\" data-title=\"METRIC\">50.8-609.6 mm<\/td>\n<\/tr>\n<tr>\n<td data-title=\"SPECS\">Weight<\/td>\n<td class=\"text-center\" data-title=\"IMPERIAL\">72.85 LB<\/td>\n<td class=\"text-center\" data-title=\"METRIC\">33.0 KG<\/td>\n<\/tr>\n<tr>\n<td data-title=\"SPECS\">Shipping weight<\/td>\n<td class=\"text-center\" data-title=\"IMPERIAL\">73.95 LB<\/td>\n<td class=\"text-center\" data-title=\"METRIC\">34 KG<\/td>\n<\/tr>\n<tr>\n<td data-title=\"SPECS\">Shipping Size<\/td>\n<td class=\"text-center padding\" data-title=\"IMPERIAL\">\n<table border=\"1 px\" width=\"100%\" cellspacing=\"0\" cellpadding=\"0\" style=\"height: 72px; width: 100%; margin-left: auto; margin-right: auto;\">\n<tbody>\n<tr style=\"height: 24px;\">\n<td colspan=\"3\" style=\"height: 24px;\">1.53 CBF<\/td>\n<\/tr>\n<tr style=\"height: 24px;\">\n<td class=\"border\" style=\"height: 24px;\">W<\/td>\n<td class=\"border\" style=\"height: 24px;\">L<\/td>\n<td class=\"border\" style=\"height: 24px;\">H<\/td>\n<\/tr>\n<tr style=\"height: 24px;\">\n<td class=\"border\" style=\"height: 24px;\">16.93\u201d<\/td>\n<td class=\"border\" style=\"height: 24px;\">28.35\u201d<\/td>\n<td class=\"border\" style=\"height: 24px;\">5.51\u201d<\/td>\n<\/tr>\n<\/tbody>\n<\/table>\n<\/td>\n<td class=\"text-center padding\" data-title=\"METRIC\">\n<table border=\"1 px\" width=\"100%\" cellspacing=\"0\" cellpadding=\"0\" style=\"width: 100%; margin-left: auto; margin-right: auto;\">\n<tbody>\n<tr>\n<td colspan=\"3\">0.04 CBM<\/td>\n<\/tr>\n<tr>\n<td class=\"border\">W<\/td>\n<td class=\"border\">L<\/td>\n<td class=\"border\">H<\/td>\n<\/tr>\n<tr>\n<td class=\"border\">430 mm<\/td>\n<td class=\"border\">720 mm<\/td>\n<td class=\"border\">140 mm<\/td>\n<\/tr>\n<\/tbody>\n<\/table>\n<\/td>\n<\/tr>\n<\/tbody>\n<\/table>\n<p>[\/et_pb_tab][\/et_pb_tabs][\/et_pb_column_inner][\/et_pb_row_inner][\/et_pb_column][\/et_pb_section][et_pb_section fb_built=&#8221;1&#8243; _builder_version=&#8221;4.26.0&#8243; _module_preset=&#8221;default&#8221; max_height=&#8221;350px&#8221; custom_padding=&#8221;0px||0px||true|false&#8221; global_colors_info=&#8221;{}&#8221;][et_pb_row _builder_version=&#8221;4.26.0&#8243; _module_preset=&#8221;default&#8221; height=&#8221;350px&#8221; max_height=&#8221;350px&#8221; global_colors_info=&#8221;{}&#8221;][et_pb_column type=&#8221;4_4&#8243; _builder_version=&#8221;4.26.0&#8243; _module_preset=&#8221;default&#8221; global_colors_info=&#8221;{}&#8221;][et_pb_wc_related_products posts_number=&#8221;3&#8243; columns_number=&#8221;3&#8243; orderby=&#8221;menu_order&#8221; _builder_version=&#8221;4.26.0&#8243; _module_preset=&#8221;default&#8221; global_colors_info=&#8221;{}&#8221;][\/et_pb_wc_related_products][\/et_pb_column][\/et_pb_row][\/et_pb_section]<\/p>\n","protected":false},"excerpt":{"rendered":"<p>Le rouleau multidirectionnel \u00e0 montage sur poutre est une solution polyvalente et robuste pour manipuler efficacement les tuyaux pendant la fabrication et l'installation. Con\u00e7u pour une utilisation facile et une fonctionnalit\u00e9 sup\u00e9rieure, ce rouleau est con\u00e7u pour se fixer solidement \u00e0 toute structure de support appropri\u00e9e, ce qui permet un mouvement continu des tuyaux dans toutes les directions. Sa conception innovante en fait un outil essentiel pour les projets impliquant des racks en ligne ou des installations de modules, permettant de rationaliser le positionnement des tuyaux et de r\u00e9duire les temps d'arr\u00eat.<\/p>\n<p>Avec une capacit\u00e9 de charge de 1 081 kg et un diam\u00e8tre de 2\" \u00e0 24\", ce rouleau s'adapte \u00e0 une grande vari\u00e9t\u00e9 de tailles de tuyaux. Les poign\u00e9es de transport am\u00e9lior\u00e9es facilitent le transport et le positionnement, tandis que la pince \u00e0 poutre prend en charge des brides de 6 \u00e0 12 pouces et des largeurs allant jusqu'\u00e0 1 pouce d'\u00e9paisseur. Pesant seulement 31 kg et mesurant 27,5 pouces de longueur, 16,5 pouces de largeur et 6,25 pouces de hauteur, le rouleau allie portabilit\u00e9 et durabilit\u00e9. Qu'il s'agisse de rouler, de positionner ou d'aligner des tuyaux, cet outil offre des performances fiables, rendant la manipulation des tuyaux plus simple et plus efficace.<\/p>","protected":false},"featured_media":11049,"template":"","meta":{"_et_pb_use_builder":"on","_et_pb_old_content":"The Multi-Directional Beam Mount Pipe Roller is a versatile and robust solution for efficiently handling pipes during fabrication and installation. Engineered for ease of use and superior functionality, this roller is designed to clamp securely to any suitable support structure, allowing for seamless movement of pipes in all directions. Its innovative design makes it an essential tool for projects involving high-line racks or module installations, streamlining pipe positioning and reducing downtime.\r\n\r\nWith a working load capacity of 2,400 lbs (1,081 kg) and a diameter range of 2\u201d to 24\u201d, this roller accommodates a wide variety of pipe sizes. Improved carry handles make it easy to transport and position, while the beam clamp supports flange sizes ranging from 6\u201d to 12\u201d and widths up to 1\u201d thick. Weighing just 69 lbs (31 kg) and measuring 27.5\u201d in length, 16.5\u201d in width, and 6.25\u201d in height, the roller combines portability with durability. Whether you\u2019re rolling, positioning, or aligning pipe, this tool delivers reliable performance, making pipe handling simpler and more efficient.","_et_gb_content_width":""},"product_brand":[],"product_cat":[46,101,61,1061,55,83],"product_tag":[],"class_list":{"0":"post-634","1":"product","2":"type-product","3":"status-publish","4":"has-post-thumbnail","6":"product_cat-products","7":"product_cat-horizontal-pipe-rollers","8":"product_cat-pipe-control-handling","9":"product_cat-pipe-positioning","10":"product_cat-welding-supplies","11":"product_cat-metal-pipe-supports","13":"first","14":"instock","15":"taxable","16":"shipping-taxable","17":"product-type-simple"},"_links":{"self":[{"href":"https:\/\/proline-global.com\/fr\/wp-json\/wp\/v2\/product\/634","targetHints":{"allow":["GET"]}}],"collection":[{"href":"https:\/\/proline-global.com\/fr\/wp-json\/wp\/v2\/product"}],"about":[{"href":"https:\/\/proline-global.com\/fr\/wp-json\/wp\/v2\/types\/product"}],"wp:featuredmedia":[{"embeddable":true,"href":"https:\/\/proline-global.com\/fr\/wp-json\/wp\/v2\/media\/11049"}],"wp:attachment":[{"href":"https:\/\/proline-global.com\/fr\/wp-json\/wp\/v2\/media?parent=634"}],"wp:term":[{"taxonomy":"product_brand","embeddable":true,"href":"https:\/\/proline-global.com\/fr\/wp-json\/wp\/v2\/product_brand?post=634"},{"taxonomy":"product_cat","embeddable":true,"href":"https:\/\/proline-global.com\/fr\/wp-json\/wp\/v2\/product_cat?post=634"},{"taxonomy":"product_tag","embeddable":true,"href":"https:\/\/proline-global.com\/fr\/wp-json\/wp\/v2\/product_tag?post=634"}],"curies":[{"name":"wp","href":"https:\/\/api.w.org\/{rel}","templated":true}]}}