{"id":696,"date":"2018-07-20T10:33:43","date_gmt":"2018-07-20T10:33:43","guid":{"rendered":"https:\/\/proline-global.com\/?post_type=product&#038;p=696"},"modified":"2024-11-12T20:36:58","modified_gmt":"2024-11-12T20:36:58","slug":"model-ht-high-temp-non-metalalic-casing-spacers","status":"publish","type":"product","link":"https:\/\/proline-global.com\/fr\/produit\/model-ht-high-temp-non-metalalic-casing-spacers\/","title":{"rendered":"Mod\u00e8le HT (haute temp\u00e9rature) Entretoises non m\u00e9talliques pour bo\u00eetier"},"content":{"rendered":"<p>[et_pb_section fb_built=&#8221;1&#8243; specialty=&#8221;on&#8221; _builder_version=&#8221;4.26.0&#8243; _module_preset=&#8221;default&#8221; width=&#8221;100%&#8221; inner_width=&#8221;100%&#8221; custom_margin=&#8221;||||false|true&#8221; custom_margin_tablet=&#8221;|0px||0px|false|true&#8221; custom_margin_phone=&#8221;|0px||0px|false|true&#8221; custom_margin_last_edited=&#8221;off|desktop&#8221; custom_padding=&#8221;0px||||false|false&#8221; global_colors_info=&#8221;{}&#8221; custom_margin__hover_enabled=&#8221;off|desktop&#8221; theme_builder_area=&#8221;post_content&#8221;][et_pb_column type=&#8221;1_2&#8243; _builder_version=&#8221;4.16&#8243; custom_padding=&#8221;|||&#8221; global_colors_info=&#8221;{}&#8221; custom_padding__hover=&#8221;|||&#8221; theme_builder_area=&#8221;post_content&#8221;][et_pb_wc_images _builder_version=&#8221;4.26.0&#8243; custom_margin=&#8221;||||true|false&#8221; custom_padding=&#8221;||||false|false&#8221; global_colors_info=&#8221;{}&#8221; theme_builder_area=&#8221;post_content&#8221;][\/et_pb_wc_images][\/et_pb_column][et_pb_column type=&#8221;1_2&#8243; specialty_columns=&#8221;2&#8243; _builder_version=&#8221;4.16&#8243; custom_padding=&#8221;|||&#8221; global_colors_info=&#8221;{}&#8221; custom_padding__hover=&#8221;|||&#8221; theme_builder_area=&#8221;post_content&#8221;][et_pb_row_inner _builder_version=&#8221;4.26.0&#8243; _module_preset=&#8221;default&#8221; global_colors_info=&#8221;{}&#8221; theme_builder_area=&#8221;post_content&#8221;][et_pb_column_inner saved_specialty_column_type=&#8221;1_2&#8243; _builder_version=&#8221;4.26.0&#8243; _module_preset=&#8221;default&#8221; global_colors_info=&#8221;{}&#8221; theme_builder_area=&#8221;post_content&#8221;][et_pb_wc_title _builder_version=&#8221;4.26.0&#8243; _module_preset=&#8221;default&#8221; global_colors_info=&#8221;{}&#8221; theme_builder_area=&#8221;post_content&#8221;][\/et_pb_wc_title][et_pb_tabs _builder_version=&#8221;4.26.0&#8243; _module_preset=&#8221;default&#8221; tab_font_size=&#8221;15px&#8221; hover_enabled=&#8221;0&#8243; global_colors_info=&#8221;{}&#8221; theme_builder_area=&#8221;post_content&#8221; sticky_enabled=&#8221;0&#8243;][et_pb_tab title=&#8221;Product Overview&#8221; _builder_version=&#8221;4.26.0&#8243; _module_preset=&#8221;default&#8221; hover_enabled=&#8221;0&#8243; global_colors_info=&#8221;{}&#8221; theme_builder_area=&#8221;post_content&#8221; sticky_enabled=&#8221;0&#8243;]<\/p>\n<p><strong>High temperature-rated casing spacer\/isolator for use with small diameter pipes.<\/strong><\/p>\n<p><strong>A Hi-Temp casing spacer system designed to ease carrier pipe insertion with quick installation to last the life of the piping system.<\/strong><\/p>\n<p>A unique formulation of polymers is used in the manufacture of the Hi-Temp isolators\/spacers giving them the ability to be used for applications that may reach 266-degrees F. (130\u00b0). In addition to heat resistance, they also offer excellent insulation, high abrasion resistance and low coefficient of friction for a wide variety of double containment carrier\/casing pipe applications.<\/p>\n<p>Light in weight and easy to handle during installation, Model HT casing isolators also feature ribbed inner surface that prevents slippage and guards against carrier pipe coating damage. The outer surface may include any one of several molded runners to accommodate 2&#8243; (50.8mm) x 4&#8243; (101.6mm) or larger carrier\/casing differentials.<\/p>\n<p>One piece solid molded segments provide for maximum load bearing. Hardware includes cadmium plated steel studs, nuts and washers. A screwdriver is the only tool needed for installation.<\/p>\n<p><strong>***For sale in Canada only, United States customers please contact your local distributor***<\/strong><\/p>\n<p>[\/et_pb_tab][et_pb_tab title=&#8221;Specifications&#8221; _builder_version=&#8221;4.26.0&#8243; _module_preset=&#8221;default&#8221; hover_enabled=&#8221;0&#8243; global_colors_info=&#8221;{}&#8221; theme_builder_area=&#8221;post_content&#8221; sticky_enabled=&#8221;0&#8243;]<\/p>\n<ul>\n<li>For carrier pipe diameters (Nominal Steel &amp; IPS) ranging from \u00be\u201d (19.1mm) to 12\u201d (304.8mm) up to 1,000 feet.<\/li>\n<li>Spacing recommendation: Max 8\u2019 (243.8cm) between spacers, Max 2\u2019 (61.0cm) from casing pipe end.<\/li>\n<li>HT Models 6\u00d710 through 12\u00d716 are sold with TPE Liner.<\/li>\n<li>Recommended end seals: Model S, C, W, FW and R.<\/li>\n<\/ul>\n<p><em>Model HT Casing Isolators are designed primarily for smaller diameter steel or polyethylene carrier pipes (ANSI O.D. pipe without a bell or mechanical joint). We do not recommend that they be used on any carrier pipe over 12&#8243; in diameter or for installations over 300 feet long without consulting with PSI. PE Isolators should not be used on concrete carrier pipe.<\/em><\/p>\n<p>[\/et_pb_tab][et_pb_tab title=&#8221;Features&#8221; _builder_version=&#8221;4.26.0&#8243; _module_preset=&#8221;default&#8221; hover_enabled=&#8221;0&#8243; global_colors_info=&#8221;{}&#8221; theme_builder_area=&#8221;post_content&#8221; sticky_enabled=&#8221;0&#8243;]<\/p>\n<ul>\n<li>Band width = 5-inches (127mm)<\/li>\n<li>May be used for high-temperature applications<\/li>\n<li>Unique formulation of polymers allows isolator\/spacer to be used in applications where temperatures may reach 266\u00b0 F. (130\u00b0 C.)<\/li>\n<li>Ribbed inner surface prevents slippage and guards against coating damage.<\/li>\n<li>Lightweight for ease of handling and installation.<\/li>\n<li>Screwdriver only needed for installation.<\/li>\n<li>Model available with non-metallic hardware.<\/li>\n<li>Eliminates the need for blown sand or pea gravel<\/li>\n<\/ul>\n<p>[\/et_pb_tab][\/et_pb_tabs][\/et_pb_column_inner][\/et_pb_row_inner][et_pb_row_inner _builder_version=&#8221;4.26.0&#8243; _module_preset=&#8221;default&#8221; theme_builder_area=&#8221;post_content&#8221;][et_pb_column_inner saved_specialty_column_type=&#8221;1_2&#8243; _builder_version=&#8221;4.26.0&#8243; _module_preset=&#8221;default&#8221; theme_builder_area=&#8221;post_content&#8221;][et_pb_image src=&#8221;https:\/\/proline-global.com\/wp-content\/uploads\/2018\/07\/ssi.png&#8221; _builder_version=&#8221;4.26.0&#8243; _module_preset=&#8221;default&#8221; theme_builder_area=&#8221;post_content&#8221; alt=&#8221;Casing Spacer Positioning&#8221; title_text=&#8221;Casing Spacer Positioning&#8221; hover_enabled=&#8221;0&#8243; sticky_enabled=&#8221;0&#8243;][\/et_pb_image][\/et_pb_column_inner][\/et_pb_row_inner][\/et_pb_column][\/et_pb_section][et_pb_section fb_built=&#8221;1&#8243; _builder_version=&#8221;4.26.0&#8243; _module_preset=&#8221;default&#8221; max_height=&#8221;350px&#8221; custom_padding=&#8221;0px||0px||true|false&#8221; global_colors_info=&#8221;{}&#8221; theme_builder_area=&#8221;post_content&#8221;][et_pb_row _builder_version=&#8221;4.26.0&#8243; _module_preset=&#8221;default&#8221; height=&#8221;350px&#8221; max_height=&#8221;350px&#8221; global_colors_info=&#8221;{}&#8221; theme_builder_area=&#8221;post_content&#8221;][et_pb_column type=&#8221;4_4&#8243; _builder_version=&#8221;4.26.0&#8243; _module_preset=&#8221;default&#8221; global_colors_info=&#8221;{}&#8221; theme_builder_area=&#8221;post_content&#8221;][et_pb_wc_related_products orderby=&#8221;menu_order&#8221; _builder_version=&#8221;4.26.0&#8243; _module_preset=&#8221;default&#8221; global_colors_info=&#8221;{}&#8221; theme_builder_area=&#8221;post_content&#8221;][\/et_pb_wc_related_products][\/et_pb_column][\/et_pb_row][\/et_pb_section]<\/p>\n","protected":false},"excerpt":{"rendered":"<div class=\"field field-name-field-heading field-type-text field-label-hidden\">\n<div class=\"field-items\">\n<div class=\"field-item even\">High temperature-rated casing spacer\/isolator for use with small diameter pipes.<\/div>\n<\/div>\n<\/div>\n<p><!-- available --><\/p>\n<div class=\"field field-name-body field-type-text-with-summary field-label-hidden\">\n<div class=\"field-items\">\n<div class=\"field-item even\">\n<p>Model HT Casing Spacers\/Isolators are uniquely formulated to withstand high temperature applications (280\u00b0 F \/ 138\u00b0 C), and are designed primarily for smaller diameter steel or polyethylene carrier pipes (ANSI O.D. pipe without a bell or mechanical joint).<\/p>\n<\/div>\n<\/div>\n<\/div>","protected":false},"featured_media":691,"template":"","meta":{"_et_pb_use_builder":"on","_et_pb_old_content":"<strong>***For sale in Canada only, United States customers please contact your local distributor***<\/strong>\r\n\r\nA unique formulation of polymers is used in the manufacture of the Hi-Temp isolators\/spacers giving them the ability to be used for applications that may reach 266-degrees F. (130\u00b0). In addition to heat resistance, they also offer excellent insulation, high abrasion resistance and low coefficient of friction for a wide variety of double containment carrier\/casing pipe applications. Light in weight and easy to handle during installation, Model HT casing isolators also feature ribbed inner surface that prevents slippage and guards against carrier pipe coating damage. The outer surface may include any one of several molded runners to accommodate 2\" (50.8mm) x 4\" (101.6mm) or larger carrier\/casing differentials.\r\nOne piece solid molded segments provide for maximum load bearing. Hardware includes cadmium plated steel studs, nuts and washers. A screwdriver is the only tool needed for installation.\r\n\r\n<em>Model HT Casing Isolators are designed primarily for smaller diameter steel or polyethylene carrier pipes (ANSI O.D. pipe without a bell or mechanical joint). We do not recommend that they be used on any carrier pipe over 12\" in diameter or for installations over 300 feet long without consulting with PSI. PE Isolators should not be used on concrete carrier pipe.<\/em>\r\n\r\n<hr \/>\r\n\r\n<h4>Recommended Maximum Spacing<\/h4>\r\nDistance between all model HT Isolators\/Spacers should not exceed 5-feet (1.5-meters) to 8-feet (2.4-meters) center-to-center. An isolator\/Spacer should be placed within 2-feet (0.6-meters) on each side of a coupling or joint and within 1-foot (0.3-meters) of each end of the casing.\r\n\r\n<hr \/>\r\n\r\n<h4>Features:<\/h4>\r\n<div id=\"descLeftCol\">\r\n<ul>\r\n \t<li>Band width = 5-inches (127mm)<\/li>\r\n \t<li>May be used for high-temperature applications<\/li>\r\n \t<li>Unique formulation of polymers allows isolator\/spacer to be used in applications where temperatures may reach 266\u00b0 F. (130\u00b0 C.)<\/li>\r\n \t<li>Ribbed inner surface prevents slippage and guards against coating damage.<\/li>\r\n \t<li>Lightweight for ease of handling and installation.<\/li>\r\n \t<li>Screwdriver only needed for installation.<\/li>\r\n \t<li>Model available with non-metallic hardware.<\/li>\r\n \t<li>Eliminates the need for blown sand or pea gravel<\/li>\r\n<\/ul>\r\n<\/div>","_et_gb_content_width":""},"product_brand":[],"product_cat":[46,56,86],"product_tag":[],"class_list":{"0":"post-696","1":"product","2":"type-product","3":"status-publish","4":"has-post-thumbnail","6":"product_cat-products","7":"product_cat-casing-spacers-end-seals","8":"product_cat-casing-spacers","10":"first","11":"instock","12":"taxable","13":"shipping-taxable","14":"product-type-simple"},"_links":{"self":[{"href":"https:\/\/proline-global.com\/fr\/wp-json\/wp\/v2\/product\/696","targetHints":{"allow":["GET"]}}],"collection":[{"href":"https:\/\/proline-global.com\/fr\/wp-json\/wp\/v2\/product"}],"about":[{"href":"https:\/\/proline-global.com\/fr\/wp-json\/wp\/v2\/types\/product"}],"wp:featuredmedia":[{"embeddable":true,"href":"https:\/\/proline-global.com\/fr\/wp-json\/wp\/v2\/media\/691"}],"wp:attachment":[{"href":"https:\/\/proline-global.com\/fr\/wp-json\/wp\/v2\/media?parent=696"}],"wp:term":[{"taxonomy":"product_brand","embeddable":true,"href":"https:\/\/proline-global.com\/fr\/wp-json\/wp\/v2\/product_brand?post=696"},{"taxonomy":"product_cat","embeddable":true,"href":"https:\/\/proline-global.com\/fr\/wp-json\/wp\/v2\/product_cat?post=696"},{"taxonomy":"product_tag","embeddable":true,"href":"https:\/\/proline-global.com\/fr\/wp-json\/wp\/v2\/product_tag?post=696"}],"curies":[{"name":"wp","href":"https:\/\/api.w.org\/{rel}","templated":true}]}}