{"id":884,"date":"2018-07-23T09:27:12","date_gmt":"2018-07-23T09:27:12","guid":{"rendered":"https:\/\/proline-global.com\/?post_type=product&#038;p=884"},"modified":"2024-11-20T20:19:52","modified_gmt":"2024-11-20T20:19:52","slug":"12-36-stackable-plastic-pipe-stand","status":"publish","type":"product","link":"https:\/\/proline-global.com\/fr\/produit\/12-36-stackable-plastic-pipe-stand\/","title":{"rendered":"12\u2033-36\u2033 Standard (Yellow) Plastic Pipe Stand"},"content":{"rendered":"<p>[et_pb_section fb_built=&#8221;1&#8243; specialty=&#8221;on&#8221; _builder_version=&#8221;4.26.0&#8243; _module_preset=&#8221;default&#8221; width=&#8221;100%&#8221; inner_width=&#8221;100%&#8221; custom_margin=&#8221;||||false|true&#8221; custom_margin_tablet=&#8221;|0px||0px|false|true&#8221; custom_margin_phone=&#8221;|0px||0px|false|true&#8221; custom_margin_last_edited=&#8221;off|desktop&#8221; custom_padding=&#8221;0px||0px||false|false&#8221; global_colors_info=&#8221;{}&#8221; custom_margin__hover_enabled=&#8221;off|desktop&#8221;][et_pb_column type=&#8221;1_2&#8243; _builder_version=&#8221;4.16&#8243; custom_padding=&#8221;|||&#8221; global_colors_info=&#8221;{}&#8221; custom_padding__hover=&#8221;|||&#8221;][et_pb_wc_images _builder_version=&#8221;4.26.0&#8243; custom_margin=&#8221;||||true|false&#8221; custom_padding=&#8221;||||false|false&#8221; global_colors_info=&#8221;{}&#8221;][\/et_pb_wc_images][\/et_pb_column][et_pb_column type=&#8221;1_2&#8243; specialty_columns=&#8221;2&#8243; _builder_version=&#8221;4.16&#8243; custom_padding=&#8221;|||&#8221; global_colors_info=&#8221;{}&#8221; custom_padding__hover=&#8221;|||&#8221;][et_pb_row_inner _builder_version=&#8221;4.26.0&#8243; _module_preset=&#8221;default&#8221; global_colors_info=&#8221;{}&#8221;][et_pb_column_inner saved_specialty_column_type=&#8221;1_2&#8243; _builder_version=&#8221;4.26.0&#8243; _module_preset=&#8221;default&#8221; global_colors_info=&#8221;{}&#8221;][et_pb_wc_title _builder_version=&#8221;4.26.0&#8243; _module_preset=&#8221;default&#8221; global_colors_info=&#8221;{}&#8221;][\/et_pb_wc_title][et_pb_tabs _builder_version=&#8221;4.26.0&#8243; _module_preset=&#8221;default&#8221; tab_font_size=&#8221;15px&#8221; hover_enabled=&#8221;0&#8243; global_colors_info=&#8221;{}&#8221; sticky_enabled=&#8221;0&#8243;][et_pb_tab title=&#8221;Product Overview&#8221; _builder_version=&#8221;4.26.0&#8243; _module_preset=&#8221;default&#8221; hover_enabled=&#8221;0&#8243; global_colors_info=&#8221;{}&#8221; sticky_enabled=&#8221;0&#8243;]<\/p>\n<p>Proline Pipe Equipment Inc. invented the Plastic Pipe Stand over 25 years ago. Proline\u2019s 12&#8243; \u2013 36&#8243; stackable plastic pipe stand is the current \u201cSuperman\u201d of the industry.\u00a0 When designing this stand, Proline engineers gave it a \u201cstar\u201d shape and that contributes to its strength.\u00a0 Others have copied that design and followed suit.\u00a0 These stands were tested on a third party press until they failed due to extreme pressure.\u00a0 Increments of 5,000 lbs. (2,268 kg.) were applied.<\/p>\n<p>When the weight reached 65,000 lbs. (29,480 kg.) there was no change in the stand.\u00a0 So we went to 70,000 lbs.\u00a0 At 75,000 lbs.\u00a0 we saw a slight wave but the stand endured. So we went to 80,000 lbs. and more waves appeared.\u00a0 We went to 90,000 and crushed the stand.\u00a0 \u00a0After 5 minutes, with the weight removed, the stand took back its shape.\u00a0 That surprised us, so we decided to try weight on the damaged stand to see when it would fail.\u00a0 We made it up to 65,000 lbs. on the damaged stand, before the waves returned.<\/p>\n<p>We didn\u2019t just test 1 stand.\u00a0 We tested multiple stands and the results were the same.\u00a0 We took the results of the tests and rated this stand with a 5:1 safe working load capacity.\u00a0 Safety is our highest priority and Proline\u2019s plastic pipe stands reflect that commitment. After the tests, we rated this pipe stand at 13,000 lbs. (5,897 kg.). What\u2019s even better,\u00a0 it sells for the same price as the 12&#8243; &#8211; 24&#8243; stand it replaces.<\/p>\n<p>For hotter environments, we have also created a pipe stand that can be used in ambient heat where temperatures can exceed 98 degrees F or 37 degrees C.\u00a0 They have been used in Australia, Africa and warmer climates worldwide. They have more resin for added stability and are coloured white to repel the heat.<\/p>\n<p>[\/et_pb_tab][et_pb_tab title=&#8221;Features&#8221; _builder_version=&#8221;4.26.0&#8243; _module_preset=&#8221;default&#8221; hover_enabled=&#8221;0&#8243; global_colors_info=&#8221;{}&#8221; sticky_enabled=&#8221;0&#8243;]<\/p>\n<ul>\n<li>Pipe Range: 12&#8243; \u2013 36&#8243;<\/li>\n<li>each stand has a safe working load of\u00a0<strong>13,000 lbs. (5,897 kg.)<\/strong><span>\u00a0<\/span>under ideal conditions<\/li>\n<li>stackable for easy transporting<\/li>\n<li>easy storage with<span>\u00a0<\/span><strong>15 on a pallet<\/strong><\/li>\n<li>light weight<\/li>\n<li>environmentally friendly (can be reused and recycled)<\/li>\n<li>Made of UV stabilized HDPE<\/li>\n<li>average lifespan of 6.5 years<\/li>\n<li>each stand comes with a date stamp indicating time of manufacture<\/li>\n<li>keeps jobsite clean and clutter-free<\/li>\n<li>No need for procedures to eliminate bugs or fungus<\/li>\n<li>quick set up &amp; collection time<\/li>\n<li>Invented by Proline<\/li>\n<li>Made in Canada<\/li>\n<li>Shipped locally and worldwide<\/li>\n<li>Approx. Full Pallet size: 48&#8243; x 42&#8243; x 72&#8243; H<\/li>\n<li>Approx. Full Pallet size: 122 cm x 107 x 183 H<\/li>\n<li>Approx. Full Pallet weight: 690 lbs. (313 kg)<\/li>\n<\/ul>\n<p>[\/et_pb_tab][et_pb_tab title=&#8221;Additional Options&#8221; _builder_version=&#8221;4.26.0&#8243; _module_preset=&#8221;default&#8221; hover_enabled=&#8221;0&#8243; global_colors_info=&#8221;{}&#8221; sticky_enabled=&#8221;0&#8243;]<\/p>\n<ul>\n<li>Can be made in one company colour if required (minimum quantities apply)<\/li>\n<li>Can be stamped or engraved with company name or logo (minimum quantities apply)<\/li>\n<li><strong>Discounts available when 100, 500 or 1000 are ordered and shipped together<\/strong><\/li>\n<\/ul>\n<p>[\/et_pb_tab][\/et_pb_tabs][\/et_pb_column_inner][\/et_pb_row_inner][et_pb_row_inner column_structure=&#8221;1_2,1_2&#8243; _builder_version=&#8221;4.16&#8243; background_size=&#8221;initial&#8221; background_position=&#8221;top_left&#8221; background_repeat=&#8221;repeat&#8221; global_colors_info=&#8221;{}&#8221;][et_pb_column_inner type=&#8221;1_2&#8243; saved_specialty_column_type=&#8221;1_2&#8243; _builder_version=&#8221;4.16&#8243; custom_padding=&#8221;|||&#8221; global_colors_info=&#8221;{}&#8221; custom_padding__hover=&#8221;|||&#8221;][et_pb_image src=&#8221;https:\/\/proline-global.com\/wp-content\/uploads\/2018\/07\/up-to-37C.jpg&#8221; align_tablet=&#8221;center&#8221; align_phone=&#8221;&#8221; align_last_edited=&#8221;on|desktop&#8221; _builder_version=&#8221;4.16&#8243; global_colors_info=&#8221;{}&#8221;][\/et_pb_image][et_pb_text _builder_version=&#8221;4.16&#8243; global_colors_info=&#8221;{}&#8221;]<\/p>\n<p style=\"text-align: center;\">Ambient temperature up to 37C (98F)<\/p>\n<p>[\/et_pb_text][\/et_pb_column_inner][et_pb_column_inner type=&#8221;1_2&#8243; saved_specialty_column_type=&#8221;1_2&#8243; _builder_version=&#8221;4.16&#8243; custom_padding=&#8221;|||&#8221; global_colors_info=&#8221;{}&#8221; custom_padding__hover=&#8221;|||&#8221;][et_pb_image src=&#8221;https:\/\/proline-global.com\/wp-content\/uploads\/2018\/07\/up-to-45C.jpg&#8221; align=&#8221;right&#8221; align_tablet=&#8221;center&#8221; align_phone=&#8221;&#8221; align_last_edited=&#8221;on|desktop&#8221; _builder_version=&#8221;4.16&#8243; global_colors_info=&#8221;{}&#8221;][\/et_pb_image][et_pb_text _builder_version=&#8221;4.16&#8243; global_colors_info=&#8221;{}&#8221;]<\/p>\n<p style=\"text-align: center;\">When ambient temperature exceeds 37C (98F)<\/p>\n<p>[\/et_pb_text][\/et_pb_column_inner][\/et_pb_row_inner][et_pb_row_inner _builder_version=&#8221;4.26.0&#8243; _module_preset=&#8221;default&#8221; global_colors_info=&#8221;{}&#8221;][et_pb_column_inner saved_specialty_column_type=&#8221;1_2&#8243; _builder_version=&#8221;4.26.0&#8243; _module_preset=&#8221;default&#8221; global_colors_info=&#8221;{}&#8221;][et_pb_button button_url=&#8221;https:\/\/proline-global.com\/wp-content\/uploads\/2023\/05\/Brochure-Plastic-Pipe-Stands.pdf&#8221; url_new_window=&#8221;on&#8221; button_text=&#8221;Stackable Plastic Pipe Stand Brochure&#8221; button_alignment=&#8221;center&#8221; admin_label=&#8221;Button &#8211; Brochure&#8221; _builder_version=&#8221;4.26.0&#8243; custom_button=&#8221;on&#8221; button_text_color=&#8221;#000000&#8243; button_bg_color=&#8221;#e09900&#8243; button_bg_use_color_gradient=&#8221;on&#8221; button_bg_color_gradient_stops=&#8221;#ffbd00 0%|#e09900 100%&#8221; button_border_color=&#8221;#000000&#8243; button_border_radius=&#8221;10px&#8221; button_use_icon=&#8221;off&#8221; vertical_offset_tablet=&#8221;0&#8243; horizontal_offset_tablet=&#8221;0&#8243; custom_margin=&#8221;||15px|&#8221; z_index_tablet=&#8221;0&#8243; button_text_shadow_horizontal_length_tablet=&#8221;0px&#8221; button_text_shadow_vertical_length_tablet=&#8221;0px&#8221; button_text_shadow_blur_strength_tablet=&#8221;1px&#8221; box_shadow_horizontal_tablet=&#8221;0px&#8221; box_shadow_vertical_tablet=&#8221;0px&#8221; box_shadow_blur_tablet=&#8221;40px&#8221; box_shadow_spread_tablet=&#8221;0px&#8221; global_colors_info=&#8221;{}&#8221; button_text_size__hover_enabled=&#8221;off&#8221; button_text_size__hover=&#8221;null&#8221; button_one_text_size__hover_enabled=&#8221;off&#8221; button_one_text_size__hover=&#8221;null&#8221; button_two_text_size__hover_enabled=&#8221;off&#8221; button_two_text_size__hover=&#8221;null&#8221; button_text_color__hover_enabled=&#8221;on&#8221; button_text_color__hover=&#8221;#ffffff&#8221; button_one_text_color__hover_enabled=&#8221;off&#8221; button_one_text_color__hover=&#8221;null&#8221; button_two_text_color__hover_enabled=&#8221;off&#8221; button_two_text_color__hover=&#8221;null&#8221; button_border_width__hover_enabled=&#8221;off&#8221; button_border_width__hover=&#8221;null&#8221; button_one_border_width__hover_enabled=&#8221;off&#8221; button_one_border_width__hover=&#8221;null&#8221; button_two_border_width__hover_enabled=&#8221;off&#8221; button_two_border_width__hover=&#8221;null&#8221; button_border_color__hover_enabled=&#8221;off&#8221; button_border_color__hover=&#8221;null&#8221; button_one_border_color__hover_enabled=&#8221;off&#8221; button_one_border_color__hover=&#8221;null&#8221; button_two_border_color__hover_enabled=&#8221;off&#8221; button_two_border_color__hover=&#8221;null&#8221; button_border_radius__hover_enabled=&#8221;on&#8221; button_border_radius__hover=&#8221;0&#8243; button_one_border_radius__hover_enabled=&#8221;off&#8221; button_one_border_radius__hover=&#8221;null&#8221; button_two_border_radius__hover_enabled=&#8221;off&#8221; button_two_border_radius__hover=&#8221;null&#8221; button_letter_spacing__hover_enabled=&#8221;off&#8221; button_letter_spacing__hover=&#8221;null&#8221; button_one_letter_spacing__hover_enabled=&#8221;off&#8221; button_one_letter_spacing__hover=&#8221;null&#8221; button_two_letter_spacing__hover_enabled=&#8221;off&#8221; button_two_letter_spacing__hover=&#8221;null&#8221; button_bg_color__hover_enabled=&#8221;on&#8221; button_bg_color__hover=&#8221;#000000&#8243; button_one_bg_color__hover_enabled=&#8221;off&#8221; button_one_bg_color__hover=&#8221;null&#8221; button_two_bg_color__hover_enabled=&#8221;off&#8221; button_two_bg_color__hover=&#8221;null&#8221;][\/et_pb_button][\/et_pb_column_inner][\/et_pb_row_inner][\/et_pb_column][\/et_pb_section][et_pb_section fb_built=&#8221;1&#8243; _builder_version=&#8221;4.26.0&#8243; _module_preset=&#8221;default&#8221; max_height=&#8221;400px&#8221; custom_padding=&#8221;0px||0px||true|false&#8221; global_colors_info=&#8221;{}&#8221;][et_pb_row _builder_version=&#8221;4.26.0&#8243; _module_preset=&#8221;default&#8221; global_colors_info=&#8221;{}&#8221;][et_pb_column type=&#8221;4_4&#8243; _builder_version=&#8221;4.26.0&#8243; _module_preset=&#8221;default&#8221; global_colors_info=&#8221;{}&#8221;][et_pb_wc_related_products orderby=&#8221;menu_order&#8221; _builder_version=&#8221;4.26.0&#8243; _module_preset=&#8221;default&#8221; global_colors_info=&#8221;{}&#8221;][\/et_pb_wc_related_products][\/et_pb_column][\/et_pb_row][\/et_pb_section]<\/p>\n","protected":false},"excerpt":{"rendered":"<p>Proline Pipe Equipment Inc. invented the Plastic Pipe Stand over 25 years ago. Proline&#8217;s 12&#8243; &#8211; 36&#8243; stackable plastic pipe stand is the current &#8220;Superman&#8221; of the industry.\u00a0 When designing this stand, Proline engineers gave it a &#8220;star&#8221; shape and that contributes to its strength.\u00a0 Others have copied that design and followed suit.\u00a0 These stands were tested on a third party press until they failed due to extreme pressure.\u00a0 Increments of 5,000 lbs. (2,268 kg.) were applied.<\/p>\n<p>Lorsque le poids a atteint 65 000 livres (29 480 kg), il n'y a pas eu de changement dans le peuplement.  Nous sommes donc pass\u00e9s \u00e0 70 000 livres.  \u00c0 75 000 livres, nous avons constat\u00e9 une l\u00e9g\u00e8re ondulation, mais le support a r\u00e9sist\u00e9. Nous sommes donc pass\u00e9s \u00e0 80 000 livres et d'autres vagues sont apparues.  Nous sommes pass\u00e9s \u00e0 90 000 livres et avons \u00e9cras\u00e9 le support.   Au bout de 5 minutes, une fois le poids enlev\u00e9, le support a repris sa forme.  Cela nous a surpris et nous avons donc d\u00e9cid\u00e9 d'essayer de peser sur le support endommag\u00e9 pour voir quand il s'effondrerait.  Nous sommes all\u00e9s jusqu'\u00e0 65 000 livres sur le support endommag\u00e9, avant que les vagues ne reviennent.<\/p>\n<p>We didn&#8217;t just test 1 stand.\u00a0 We tested multiple stands and the results were the same.\u00a0 We took the results of the tests and rated this stand with a 5:1 safe working load capacity.\u00a0 Safety is our highest priority and Proline&#8217;s plastic pipe stands reflect that commitment. After the tests, we rated this pipe stand at 13,000 lbs. (5,897 kg.). What&#8217;s even better,\u00a0 it sells for the same price as the 12-24&#8243; stand it replaces.<\/p>\n<p>For hotter environments, we have also created a pipe stand that can be used in ambient heat where temperatures can exceed 98 degrees F or 37 degrees C.\u00a0 They have been used in Australia, Africa and warmer climates worldwide. They have more resin for added stability and are coloured white to repel the heat.<\/p>\n<p><strong>P\/N: PIPESTAND1236<\/strong><\/p>","protected":false},"featured_media":885,"template":"","meta":{"_et_pb_use_builder":"on","_et_pb_old_content":"<ul>\r\n \t<li>quick set up time<\/li>\r\n \t<li>quick collection time<\/li>\r\n \t<li>easy storage with 15 on a pallet<\/li>\r\n \t<li>light weight<\/li>\r\n \t<li>environmentally friendly (can be reused)<\/li>\r\n \t<li>average lifespan of 6.5 years<\/li>\r\n \t<li>keeps jobsite clean and clutter-free<\/li>\r\n \t<li>safe up to recommended capcity in ideal conditions<\/li>\r\n<\/ul>","_et_gb_content_width":""},"product_brand":[],"product_cat":[60],"product_tag":[],"class_list":{"0":"post-884","1":"product","2":"type-product","3":"status-publish","4":"has-post-thumbnail","6":"product_cat-stackable-plastic-pipe-stands","8":"first","9":"instock","10":"taxable","11":"shipping-taxable","12":"product-type-simple"},"_links":{"self":[{"href":"https:\/\/proline-global.com\/fr\/wp-json\/wp\/v2\/product\/884","targetHints":{"allow":["GET"]}}],"collection":[{"href":"https:\/\/proline-global.com\/fr\/wp-json\/wp\/v2\/product"}],"about":[{"href":"https:\/\/proline-global.com\/fr\/wp-json\/wp\/v2\/types\/product"}],"wp:featuredmedia":[{"embeddable":true,"href":"https:\/\/proline-global.com\/fr\/wp-json\/wp\/v2\/media\/885"}],"wp:attachment":[{"href":"https:\/\/proline-global.com\/fr\/wp-json\/wp\/v2\/media?parent=884"}],"wp:term":[{"taxonomy":"product_brand","embeddable":true,"href":"https:\/\/proline-global.com\/fr\/wp-json\/wp\/v2\/product_brand?post=884"},{"taxonomy":"product_cat","embeddable":true,"href":"https:\/\/proline-global.com\/fr\/wp-json\/wp\/v2\/product_cat?post=884"},{"taxonomy":"product_tag","embeddable":true,"href":"https:\/\/proline-global.com\/fr\/wp-json\/wp\/v2\/product_tag?post=884"}],"curies":[{"name":"wp","href":"https:\/\/api.w.org\/{rel}","templated":true}]}}