{"id":892,"date":"2018-07-23T10:44:47","date_gmt":"2018-07-23T10:44:47","guid":{"rendered":"https:\/\/proline-global.com\/?post_type=product&#038;p=892"},"modified":"2020-05-01T18:46:54","modified_gmt":"2020-05-01T18:46:54","slug":"pipe-stringing-chutes","status":"publish","type":"product","link":"https:\/\/proline-global.com\/fr\/produit\/pipe-stringing-chutes\/","title":{"rendered":"Chutes d'enfilage de tuyaux"},"content":{"rendered":"<p>[et_pb_section bb_built=&#8221;1&#8243;][et_pb_row][et_pb_column type=&#8221;4_4&#8243;][et_pb_text _builder_version=&#8221;3.12.2&#8243;]<\/p>\n<p style=\"margin: 0px 0px 20px; padding: 0px; border: 0px currentColor; color: #393939; line-height: 24px; font-family: Ubuntu, sans-serif; font-size: 16px; vertical-align: baseline; box-sizing: border-box; font-stretch: inherit; font-variant-numeric: inherit; font-variant-east-asian: inherit;\">The PROLINE Pipe Stringing Chute is designed for safely and easily stringing pipe off the truck trailer onto the ground during pipe stringing. Three roller assemblies mount onto the loaded truck trailer. As the truck slowly moves the pipe is rolled, one at a time, onto the roller assemblies and pushed down the attached chute onto the ground. This process continues until all pipe is removed from the truckload.<\/p>\n<p class=\"content\" style=\"margin: 0px 0px 20px; border: 0px currentColor; color: #393939; line-height: 24px; padding-top: 0px; padding-right: 0px; padding-left: 0px; font-family: Ubuntu, sans-serif; font-size: 16px; vertical-align: baseline; box-sizing: border-box; font-stretch: inherit; font-variant-numeric: inherit; font-variant-east-asian: inherit;\"><span style=\"margin: 0px; padding: 0px; border: 0px currentColor; line-height: inherit; font-family: inherit; font-size: inherit; font-style: inherit; font-variant: inherit; font-weight: bold; vertical-align: baseline; box-sizing: border-box; font-stretch: inherit;\">Features:<\/span><\/p>\n<ul class=\"content\" style=\"list-style: square; margin: 0px 0px 20px 18px; padding: 0px; border: 0px currentColor; color: #393939; line-height: 24px; font-family: Ubuntu, sans-serif; font-size: 16px; vertical-align: baseline; box-sizing: border-box; font-stretch: inherit; font-variant-numeric: inherit; font-variant-east-asian: inherit;\">\n<li style=\"font: inherit; margin: 0px; padding: 0px; border: 0px currentColor; vertical-align: baseline; box-sizing: border-box; font-size-adjust: inherit; font-stretch: inherit;\">Accommodates pipe sizes 2&#8243; through 8&#8243; (50.8mm \u2013 203.2 mm)<\/li>\n<li style=\"font: inherit; margin: 0px; padding: 0px; border: 0px currentColor; vertical-align: baseline; box-sizing: border-box; font-size-adjust: inherit; font-stretch: inherit;\">Polyurethane coated rollers and frame to help eliminate pipe-coating damage<\/li>\n<li style=\"font: inherit; margin: 0px; padding: 0px; border: 0px currentColor; vertical-align: baseline; box-sizing: border-box; font-size-adjust: inherit; font-stretch: inherit;\">Light weight for easy installation<\/li>\n<\/ul>\n<p>[\/et_pb_text][et_pb_image _builder_version=&#8221;3.12.2&#8243; src=&#8221;https:\/\/proline-global.com\/wp-content\/uploads\/2018\/07\/natgas-pipeline-construction.jpg&#8221; align=&#8221;center&#8221; \/][\/et_pb_column][\/et_pb_row][et_pb_row][et_pb_column type=&#8221;4_4&#8243;][et_pb_button admin_label=&#8221;OPERATING PROCEDURE\/BROCHURE&#8221; _builder_version=&#8221;3.12.2&#8243; button_text=&#8221;OPERATING PROCEDURE\/BROCHURE&#8221; url_new_window=&#8221;on&#8221; button_alignment=&#8221;center&#8221; custom_button=&#8221;on&#8221; button_text_color=&#8221;#000000&#8243; button_bg_color=&#8221;#e09900&#8243; button_border_width=&#8221;0&#8243; button_border_radius=&#8221;0&#8243; button_use_icon=&#8221;off&#8221; button_text_color_hover=&#8221;#000000&#8243; button_border_radius_hover=&#8221;0&#8243; button_url=&#8221;https:\/\/proline-global.com\/wp-content\/uploads\/2018\/07\/Brochure-Pipe-Stringing-Chute.pdf&#8221; \/][\/et_pb_column][\/et_pb_row][\/et_pb_section]<\/p>\n","protected":false},"excerpt":{"rendered":"<p>&nbsp;<\/p>\n<p><span style=\"color: #393939; font-family: Ubuntu, sans-serif; font-size: 16px; background-color: #ffffff;\">La goulotte d'enfilage de tuyaux PROLINE est con\u00e7ue pour enfiler facilement et en toute s\u00e9curit\u00e9 les tuyaux de la remorque du camion sur le sol pendant l'enfilage des tuyaux.\u00a0<\/span><\/p>\n<p><strong>P\/N : CHUTEPS0208PRO<\/strong><\/p>","protected":false},"featured_media":2393,"template":"","meta":{"_et_pb_use_builder":"on","_et_pb_old_content":"<p style=\"box-sizing: border-box; margin: 0px 0px 20px; padding: 0px; border: 0px; font-variant-numeric: inherit; font-variant-east-asian: inherit; font-stretch: inherit; font-size: 16px; line-height: 24px; font-family: Ubuntu, sans-serif; vertical-align: baseline; color: #393939;\">The PROLINE Pipe Stringing Chute is designed for safely and easily stringing pipe off the truck trailer onto the ground during pipe stringing. Two roller assemblies mount onto the loaded truck trailer. As the truck slowly moves the pipe is rolled, one at a time, onto the roller assemblies and pushed down the attached chute onto the ground. This process continues until all pipe is removed from the truckload.<\/p><p class=\"content\" style=\"box-sizing: border-box; margin: 0px 0px 20px; padding-top: 0px; padding-right: 0px; padding-left: 0px; border: 0px; font-variant-numeric: inherit; font-variant-east-asian: inherit; font-stretch: inherit; font-size: 16px; line-height: 24px; font-family: Ubuntu, sans-serif; vertical-align: baseline; color: #393939;\"><span style=\"box-sizing: border-box; margin: 0px; padding: 0px; border: 0px; font-style: inherit; font-variant: inherit; font-weight: bold; font-stretch: inherit; font-size: inherit; line-height: inherit; font-family: inherit; vertical-align: baseline;\">Features:<\/span><\/p><ul class=\"content\" style=\"box-sizing: border-box; margin: 0px 0px 20px 18px; padding: 0px; border: 0px; font-variant-numeric: inherit; font-variant-east-asian: inherit; font-stretch: inherit; font-size: 16px; line-height: 24px; font-family: Ubuntu, sans-serif; vertical-align: baseline; list-style: square outside; color: #393939;\"><li style=\"box-sizing: border-box; margin: 0px; padding: 0px; border: 0px; font: inherit; vertical-align: baseline;\">Accommodates pipe sizes 2\" through 8\" (50.8mm \u2013 203.2 mm)<\/li><li style=\"box-sizing: border-box; margin: 0px; padding: 0px; border: 0px; font: inherit; vertical-align: baseline;\">Polyurethane coated rollers and frame to help eliminate pipe-coating damage<\/li><li style=\"box-sizing: border-box; margin: 0px; padding: 0px; border: 0px; font: inherit; vertical-align: baseline;\">Light weight for easy installation<\/li><\/ul>","_et_gb_content_width":""},"product_brand":[],"product_cat":[61,98],"product_tag":[],"class_list":{"0":"post-892","1":"product","2":"type-product","3":"status-publish","4":"has-post-thumbnail","6":"product_cat-pipe-control-handling","7":"product_cat-pipe-stringing","9":"first","10":"instock","11":"taxable","12":"shipping-taxable","13":"product-type-simple"},"_links":{"self":[{"href":"https:\/\/proline-global.com\/fr\/wp-json\/wp\/v2\/product\/892","targetHints":{"allow":["GET"]}}],"collection":[{"href":"https:\/\/proline-global.com\/fr\/wp-json\/wp\/v2\/product"}],"about":[{"href":"https:\/\/proline-global.com\/fr\/wp-json\/wp\/v2\/types\/product"}],"wp:featuredmedia":[{"embeddable":true,"href":"https:\/\/proline-global.com\/fr\/wp-json\/wp\/v2\/media\/2393"}],"wp:attachment":[{"href":"https:\/\/proline-global.com\/fr\/wp-json\/wp\/v2\/media?parent=892"}],"wp:term":[{"taxonomy":"product_brand","embeddable":true,"href":"https:\/\/proline-global.com\/fr\/wp-json\/wp\/v2\/product_brand?post=892"},{"taxonomy":"product_cat","embeddable":true,"href":"https:\/\/proline-global.com\/fr\/wp-json\/wp\/v2\/product_cat?post=892"},{"taxonomy":"product_tag","embeddable":true,"href":"https:\/\/proline-global.com\/fr\/wp-json\/wp\/v2\/product_tag?post=892"}],"curies":[{"name":"wp","href":"https:\/\/api.w.org\/{rel}","templated":true}]}}