{"id":893,"date":"2018-07-23T10:44:37","date_gmt":"2018-07-23T10:44:37","guid":{"rendered":"https:\/\/proline-global.com\/?post_type=product&#038;p=893"},"modified":"2020-05-01T18:51:37","modified_gmt":"2020-05-01T18:51:37","slug":"cargo-nets","status":"publish","type":"product","link":"https:\/\/proline-global.com\/fr\/produit\/cargo-nets\/","title":{"rendered":"Filets de protection"},"content":{"rendered":"<p>La taille actuellement stock\u00e9e est un filet de 6\u2032 x 9\u2032 avec 6 cliquets.  Il existe diff\u00e9rentes tailles pour ces filets. Appelez Proline pour discuter de vos besoins.<\/p>\n<p>&nbsp;<\/p>","protected":false},"excerpt":{"rendered":"<p>Un filet de cargaison est un type de filet g\u00e9n\u00e9ralement carr\u00e9 ou rectangulaire, fait d'une corde \u00e9paisse, avec des cordes d'arrimage partant des coins et\/ou des bords.  D'autres sangles peuvent \u00eatre ajout\u00e9es \u00e0 divers endroits pour renforcer le filet. Il doit son nom \u00e0 son utilisation pour le transfert de marchandises vers et depuis des navires et\/ou pour maintenir la cargaison en toute s\u00e9curit\u00e9 sur un camion.<\/p>\n<p><strong>P\/N : CARGONET0609<\/strong><\/p>","protected":false},"featured_media":896,"template":"","meta":{"_et_pb_use_builder":"","_et_pb_old_content":"","_et_gb_content_width":""},"product_brand":[],"product_cat":[61,98],"product_tag":[],"class_list":{"0":"post-893","1":"product","2":"type-product","3":"status-publish","4":"has-post-thumbnail","6":"product_cat-pipe-control-handling","7":"product_cat-pipe-stringing","9":"first","10":"instock","11":"taxable","12":"shipping-taxable","13":"product-type-simple"},"_links":{"self":[{"href":"https:\/\/proline-global.com\/fr\/wp-json\/wp\/v2\/product\/893","targetHints":{"allow":["GET"]}}],"collection":[{"href":"https:\/\/proline-global.com\/fr\/wp-json\/wp\/v2\/product"}],"about":[{"href":"https:\/\/proline-global.com\/fr\/wp-json\/wp\/v2\/types\/product"}],"wp:featuredmedia":[{"embeddable":true,"href":"https:\/\/proline-global.com\/fr\/wp-json\/wp\/v2\/media\/896"}],"wp:attachment":[{"href":"https:\/\/proline-global.com\/fr\/wp-json\/wp\/v2\/media?parent=893"}],"wp:term":[{"taxonomy":"product_brand","embeddable":true,"href":"https:\/\/proline-global.com\/fr\/wp-json\/wp\/v2\/product_brand?post=893"},{"taxonomy":"product_cat","embeddable":true,"href":"https:\/\/proline-global.com\/fr\/wp-json\/wp\/v2\/product_cat?post=893"},{"taxonomy":"product_tag","embeddable":true,"href":"https:\/\/proline-global.com\/fr\/wp-json\/wp\/v2\/product_tag?post=893"}],"curies":[{"name":"wp","href":"https:\/\/api.w.org\/{rel}","templated":true}]}}