{"id":9549,"date":"2024-09-30T17:46:34","date_gmt":"2024-09-30T17:46:34","guid":{"rendered":"https:\/\/proline-global.com\/?post_type=product&#038;p=9549"},"modified":"2026-04-14T10:55:14","modified_gmt":"2026-04-14T16:55:14","slug":"motorized-crawler-s-n-18266","status":"publish","type":"product","link":"https:\/\/proline-global.com\/fr\/produit\/motorized-crawler-s-n-18266\/","title":{"rendered":"Chantier motoris\u00e9 S\/N : 18266"},"content":{"rendered":"<p>[et_pb_section fb_built=&#8221;1&#8243; specialty=&#8221;on&#8221; _builder_version=&#8221;4.26.0&#8243; _module_preset=&#8221;default&#8221; width=&#8221;100%&#8221; inner_width=&#8221;100%&#8221; custom_margin=&#8221;0px||||false|true&#8221; custom_margin_tablet=&#8221;|0px||0px|false|true&#8221; custom_margin_phone=&#8221;|0px||0px|false|true&#8221; custom_margin_last_edited=&#8221;off|desktop&#8221; custom_padding=&#8221;0px||||false|false&#8221; global_colors_info=&#8221;{}&#8221; custom_margin__hover_enabled=&#8221;off|desktop&#8221;][et_pb_column type=&#8221;1_2&#8243; _builder_version=&#8221;4.16&#8243; custom_padding=&#8221;|||&#8221; global_colors_info=&#8221;{}&#8221; custom_padding__hover=&#8221;|||&#8221;][et_pb_wc_images show_sale_badge=&#8221;off&#8221; _builder_version=&#8221;4.26.0&#8243; custom_margin=&#8221;||||true|false&#8221; custom_padding=&#8221;||||false|false&#8221; border_radii_image=&#8221;on|17px|17px|17px|17px&#8221; global_colors_info=&#8221;{}&#8221;][\/et_pb_wc_images][\/et_pb_column][et_pb_column type=&#8221;1_2&#8243; specialty_columns=&#8221;2&#8243; _builder_version=&#8221;4.16&#8243; custom_padding=&#8221;|||&#8221; global_colors_info=&#8221;{}&#8221; custom_padding__hover=&#8221;|||&#8221;][et_pb_row_inner _builder_version=&#8221;4.26.0&#8243; _module_preset=&#8221;default&#8221; global_colors_info=&#8221;{}&#8221;][et_pb_column_inner saved_specialty_column_type=&#8221;1_2&#8243; _builder_version=&#8221;4.26.0&#8243; _module_preset=&#8221;default&#8221; global_colors_info=&#8221;{}&#8221;][et_pb_wc_title _builder_version=&#8221;4.26.0&#8243; _module_preset=&#8221;default&#8221; global_colors_info=&#8221;{}&#8221;][\/et_pb_wc_title][et_pb_wc_cart_notice _builder_version=&#8221;4.26.0&#8243; _module_preset=&#8221;default&#8221; title_text_color=&#8221;#000000&#8243; background_color=&#8221;rgba(255,189,0,0.28)&#8221; custom_button=&#8221;on&#8221; button_bg_use_color_gradient=&#8221;on&#8221; button_bg_color_gradient_stops=&#8221;#ffbd00 0%|#e09900 100%&#8221; button_border_radius=&#8221;30px&#8221; border_width_all=&#8221;2px&#8221; border_color_all=&#8221;#ffbd00&#8243; global_colors_info=&#8221;{}&#8221; theme_builder_area=&#8221;post_content&#8221;][\/et_pb_wc_cart_notice][et_pb_wc_price _builder_version=&#8221;4.26.0&#8243; _module_preset=&#8221;default&#8221; body_text_color=&#8221;#000000&#8243; hover_enabled=&#8221;0&#8243; sticky_enabled=&#8221;0&#8243;][\/et_pb_wc_price][et_pb_wc_add_to_cart show_stock=&#8221;off&#8221; _builder_version=&#8221;4.26.0&#8243; _module_preset=&#8221;default&#8221; fields_text_color=&#8221;#000000&#8243; fields_font=&#8221;|600|||||||&#8221; fields_text_align=&#8221;center&#8221; custom_button=&#8221;on&#8221; button_bg_use_color_gradient=&#8221;on&#8221; button_bg_color_gradient_stops=&#8221;#ffbd00 0%|#e09900 100%&#8221; button_border_radius=&#8221;30px&#8221; global_colors_info=&#8221;{}&#8221; theme_builder_area=&#8221;post_content&#8221;][\/et_pb_wc_add_to_cart][et_pb_tabs _builder_version=&#8221;4.26.0&#8243; _module_preset=&#8221;default&#8221; tab_font_size=&#8221;15px&#8221; global_colors_info=&#8221;{}&#8221;][et_pb_tab title=&#8221;Product Overview&#8221; _builder_version=&#8221;4.26.0&#8243; _module_preset=&#8221;default&#8221; global_colors_info=&#8221;{}&#8221;]<\/p>\n<p><strong>*Used Product*<\/strong><\/p>\n<p><span>Set up and cut anywhere without the restrictions of cords. A 20 volt battery offers mobility and flexibility while still providing 6+ hours of cutting and beveling power. The Motorized Crawler features an industrial grade, brushless motor for increased reliability, durability and longer life. Intelligent speed control allows for flame or plasma cutting with the Crawler.<\/span><\/p>\n<p><strong>Includes:<\/strong><\/p>\n<ul>\n<li><strong> Controller<\/strong><\/li>\n<li><strong>Motor<\/strong><\/li>\n<li><strong>Crawler<\/strong><\/li>\n<li><strong>Torch Holder<\/strong><\/li>\n<li><strong>Extension Cable<\/strong><\/li>\n<li><strong>Case<\/strong><\/li>\n<\/ul>\n<p>[\/et_pb_tab][et_pb_tab title=&#8221;Features&#8221; _builder_version=&#8221;4.26.0&#8243; _module_preset=&#8221;default&#8221; global_colors_info=&#8221;{}&#8221;]<\/p>\n<ul class=\"feature-list\">\n<li>Intelligent speed control with a range that allows for flame or plasma cutting.<\/li>\n<li>Operates in forward or reverse.<\/li>\n<li>Permanently sealed and lubricated reduction gear box.<\/li>\n<li>Battery-powered, using a DeWalt style 20v battery.<\/li>\n<li>Industrial grade, brushless motor for durability and long life.<\/li>\n<li>Extension cords and plugs are water resistant per IP 67 and are arctic and flame resistant.<\/li>\n<li>Cast aluminum motor mount increases durability and rigidity.<\/li>\n<li>High visibility yellow polyamide control box with integrated handle.<\/li>\n<li>Shielded magnet included on the control box for attachment to pipe during use.<\/li>\n<\/ul>\n<p>[\/et_pb_tab][\/et_pb_tabs][\/et_pb_column_inner][\/et_pb_row_inner][\/et_pb_column][\/et_pb_section]<\/p>\n","protected":false},"excerpt":{"rendered":"<p><strong>*Produit d'occasion<\/strong><\/p>\n<p>Installez et coupez n'importe o\u00f9 sans \u00eatre g\u00ean\u00e9 par les cordons. Une batterie de 20 volts offre mobilit\u00e9 et flexibilit\u00e9 tout en fournissant plus de 6 heures de puissance de coupe et de biseautage. Le Crawler motoris\u00e9 est \u00e9quip\u00e9 d'un moteur sans balais de qualit\u00e9 industrielle pour une fiabilit\u00e9, une durabilit\u00e9 et une dur\u00e9e de vie accrues. Le contr\u00f4le intelligent de la vitesse permet l'oxycoupage ou le d\u00e9coupage au plasma avec le Crawler.<\/p>\n<p><strong>Comprend :<\/strong><\/p>\n<ul>\n<li><strong>Contr\u00f4leur<\/strong><\/li>\n<li><strong>Moteur<\/strong><\/li>\n<li><strong>Chenille<\/strong><\/li>\n<li><strong>Support de torche<\/strong><\/li>\n<li><strong>C\u00e2ble d'extension<\/strong><\/li>\n<li><strong>Cas<\/strong><\/li>\n<\/ul>","protected":false},"featured_media":10221,"template":"","meta":{"_et_pb_use_builder":"on","_et_pb_old_content":"","_et_gb_content_width":""},"product_brand":[],"product_cat":[6811],"product_tag":[],"class_list":{"0":"post-9549","1":"product","2":"type-product","3":"status-publish","4":"has-post-thumbnail","6":"product_cat-used-equipment","8":"first","9":"instock","10":"taxable","11":"shipping-taxable","12":"purchasable","13":"product-type-simple"},"_links":{"self":[{"href":"https:\/\/proline-global.com\/fr\/wp-json\/wp\/v2\/product\/9549","targetHints":{"allow":["GET"]}}],"collection":[{"href":"https:\/\/proline-global.com\/fr\/wp-json\/wp\/v2\/product"}],"about":[{"href":"https:\/\/proline-global.com\/fr\/wp-json\/wp\/v2\/types\/product"}],"wp:featuredmedia":[{"embeddable":true,"href":"https:\/\/proline-global.com\/fr\/wp-json\/wp\/v2\/media\/10221"}],"wp:attachment":[{"href":"https:\/\/proline-global.com\/fr\/wp-json\/wp\/v2\/media?parent=9549"}],"wp:term":[{"taxonomy":"product_brand","embeddable":true,"href":"https:\/\/proline-global.com\/fr\/wp-json\/wp\/v2\/product_brand?post=9549"},{"taxonomy":"product_cat","embeddable":true,"href":"https:\/\/proline-global.com\/fr\/wp-json\/wp\/v2\/product_cat?post=9549"},{"taxonomy":"product_tag","embeddable":true,"href":"https:\/\/proline-global.com\/fr\/wp-json\/wp\/v2\/product_tag?post=9549"}],"curies":[{"name":"wp","href":"https:\/\/api.w.org\/{rel}","templated":true}]}}