{"id":960,"date":"2018-07-23T11:37:53","date_gmt":"2018-07-23T11:37:53","guid":{"rendered":"https:\/\/proline-global.com\/?post_type=product&#038;p=960"},"modified":"2020-05-06T16:10:56","modified_gmt":"2020-05-06T16:10:56","slug":"pipe-puller","status":"publish","type":"product","link":"https:\/\/proline-global.com\/fr\/produit\/pipe-puller\/","title":{"rendered":"Arrache-tube"},"content":{"rendered":"<p>[et_pb_section bb_built=&#8221;1&#8243;][et_pb_row][et_pb_column type=&#8221;4_4&#8243;][et_pb_text _builder_version=&#8221;3.12.2&#8243;]<\/p>\n<ul>\n<li>A faster, safer and more ergonomic way to push and pull pipe<\/li>\n<li>Built for field use<\/li>\n<li>A small package for easy transport and hoisting<\/li>\n<li>Non pipe size specific<\/li>\n<li>What\u2019s needed for rigging is always in place<\/li>\n<li>Designed for use in limited spaces<\/li>\n<li>Allows for access to joint during fit-up<\/li>\n<li>Pipe can be fit and ready for welders<\/li>\n<li>Can be left in place while welding<\/li>\n<\/ul>\n<p>&nbsp;<\/p>\n<p><strong>Time Savings<\/strong><\/p>\n<p>This graph\/chart is an illustration of the time saving numbers (from low to high estimates) that were given to QuickFit Innovations from industry personnel. We have used a $60\/hour rate of pay and used an average joint count estimate of 3 joints per day for graphing and chart purposes.<\/p>\n<p>&nbsp;<\/p>\n<p><strong>Technical Specifications:<\/strong><\/p>\n<ul>\n<li>Safe Working Load (SWL): 5000 lbs. (2.25 tonnes)<\/li>\n<li>Jack Shear Strength: 72000 lbs. (32.6 tonnes)<\/li>\n<li>Pin\/Bolt Shear Strength: 23000 lbs. (10.4 tonnes) x2<\/li>\n<li>Jaw Ear Shear Strength: 62000 lbs. (28.1 tonnes) x2<\/li>\n<li>Clamping Force (Min-Max): 18000-24000 lbs. (8.1-10.8 tonnes) x2<\/li>\n<\/ul>\n<p>[\/et_pb_text][et_pb_button admin_label=&#8221;PIPE PULLER BROCHURE&#8221; _builder_version=&#8221;3.12.2&#8243; button_text=&#8221;PIPE PULLER BROCHURE&#8221; url_new_window=&#8221;on&#8221; button_alignment=&#8221;center&#8221; button_url=&#8221;https:\/\/proline-global.com\/wp-content\/uploads\/2018\/07\/Quick-Fit-2-Page-EMAIL.pdf&#8221; custom_button=&#8221;on&#8221; button_text_color=&#8221;#000000&#8243; button_bg_color=&#8221;#e09900&#8243; button_use_icon=&#8221;off&#8221; button_text_color_hover=&#8221;#ffffff&#8221; button_bg_color_hover=&#8221;#000000&#8243; \/][\/et_pb_column][\/et_pb_row][\/et_pb_section]<\/p>\n","protected":false},"excerpt":{"rendered":"<p>Cet outil a \u00e9t\u00e9 con\u00e7u par des soudeurs et des tuyauteurs, pour des soudeurs et des tuyauteurs. Il a permis de simplifier consid\u00e9rablement une proc\u00e9dure lourde et fastidieuse, en particulier dans les espaces de travail confin\u00e9s, tels que la construction d'installations p\u00e9troli\u00e8res et gazi\u00e8res.<\/p>\n<p>Les m\u00e9thodes existantes n\u00e9cessitent beaucoup de mat\u00e9riel et d'espace pour effectuer cette t\u00e2che, sans compter les probl\u00e8mes de s\u00e9curit\u00e9 qui en d\u00e9coulent. D\u00e9velopp\u00e9 sur la base des m\u00eames principes que les m\u00e9thodes existantes, mais plus rapide, plus ergonomique et plus s\u00fbr. Il faut tr\u00e8s peu d'espace pour le serrage, un seul outil et un seul ensemble pour effectuer la majeure partie du travail et, surtout, r\u00e9duire consid\u00e9rablement le risque d'\u00e9chec et ses cons\u00e9quences.<\/p>\n<p><strong>P\/N : QUICKFITPULLER<\/strong><\/p>","protected":false},"featured_media":969,"template":"","meta":{"_et_pb_use_builder":"on","_et_pb_old_content":"<p>This tool was conceived by welders and pipe fitters, for welders and pipe fitters. It has taken a cumbersome and time consuming procedure and drastically simplified it, especially in confined workspaces, such as oil and gas facility construction.<\/p><p>Existing methods require a lot of gear and a lot of space to perform this task, along with the inherited safety issues. Developed around the same principles as existing methods, except faster, more ergonomic and safer. Requiring very little room for clamping up, a single tool and package to perform the majority of work and most importantly, drastically reducing failure risk and consequences.<\/p><p>\u00a0<\/p><ul><li>A faster, safer and more ergonomic way to push and pull pipe<\/li><li>Built for field use<\/li><li>A small package for easy transport and hoisting<\/li><li>Non pipe size specific<\/li><li>What\u2019s needed for rigging is always in place<\/li><li>Designed for use in limited spaces<\/li><li>Allows for access to joint during fit-up<\/li><li>Pipe can be fit and ready for welders<\/li><li>Can be left in place while welding<\/li><\/ul><p>\u00a0<\/p><p><strong>Time Savings<\/strong><\/p><p>This graph\/chart is an illustration of the time saving numbers (from low to high estimates) that were given to QuickFit Innovations from industry personnel. We have used a $60\/hour rate of pay and used an average joint count estimate of 3 joints per day for graphing and chart purposes.<\/p><p>\u00a0<\/p><p><strong>Technical Specifications:<\/strong><\/p><ul><li>Safe Working Load (SWL): 5000 lbs. (2.25 tonnes)<\/li><li>Jack Shear Strength: 72000 lbs. (32.6 tonnes)<\/li><li>Pin\/Bolt Shear Strength: 23000 lbs. (10.4 tonnes) x2<\/li><li>Jaw Ear Shear Strength: 62000 lbs. (28.1 tonnes) x2<\/li><li>Clamping Force (Min-Max): 18000-24000 lbs. (8.1-10.8 tonnes) x2<\/li><\/ul>","_et_gb_content_width":""},"product_brand":[],"product_cat":[61,1061],"product_tag":[],"class_list":{"0":"post-960","1":"product","2":"type-product","3":"status-publish","4":"has-post-thumbnail","6":"product_cat-pipe-control-handling","7":"product_cat-pipe-positioning","9":"first","10":"instock","11":"taxable","12":"shipping-taxable","13":"product-type-simple"},"_links":{"self":[{"href":"https:\/\/proline-global.com\/fr\/wp-json\/wp\/v2\/product\/960","targetHints":{"allow":["GET"]}}],"collection":[{"href":"https:\/\/proline-global.com\/fr\/wp-json\/wp\/v2\/product"}],"about":[{"href":"https:\/\/proline-global.com\/fr\/wp-json\/wp\/v2\/types\/product"}],"wp:featuredmedia":[{"embeddable":true,"href":"https:\/\/proline-global.com\/fr\/wp-json\/wp\/v2\/media\/969"}],"wp:attachment":[{"href":"https:\/\/proline-global.com\/fr\/wp-json\/wp\/v2\/media?parent=960"}],"wp:term":[{"taxonomy":"product_brand","embeddable":true,"href":"https:\/\/proline-global.com\/fr\/wp-json\/wp\/v2\/product_brand?post=960"},{"taxonomy":"product_cat","embeddable":true,"href":"https:\/\/proline-global.com\/fr\/wp-json\/wp\/v2\/product_cat?post=960"},{"taxonomy":"product_tag","embeddable":true,"href":"https:\/\/proline-global.com\/fr\/wp-json\/wp\/v2\/product_tag?post=960"}],"curies":[{"name":"wp","href":"https:\/\/api.w.org\/{rel}","templated":true}]}}